{"id":306,"date":"2021-06-17T06:49:13","date_gmt":"2021-06-17T06:49:13","guid":{"rendered":"https:\/\/bslthemes.site\/larson\/?page_id=306"},"modified":"2023-05-24T13:40:48","modified_gmt":"2023-05-24T13:40:48","slug":"news-01","status":"publish","type":"page","link":"https:\/\/borgel.com\/de\/news-01","title":{"rendered":"Nachrichten-Wirtschaftsnachfolge"},"content":{"rendered":"<div data-elementor-type=\"wp-page\" data-elementor-id=\"306\" class=\"elementor elementor-306\" data-elementor-post-type=\"page\">\n\t\t\t\t\t\t<section class=\"elementor-section elementor-top-section elementor-element elementor-element-24f918b elementor-section-full_width elementor-section-height-default elementor-section-height-default wpr-particle-no wpr-jarallax-no wpr-parallax-no wpr-sticky-section-no wpr-equal-height-no\" data-id=\"24f918b\" data-element_type=\"section\" data-e-type=\"section\">\n\t\t\t\t\t\t<div class=\"elementor-container elementor-column-gap-no\">\n\t\t\t\t\t<div class=\"elementor-column elementor-col-100 elementor-top-column elementor-element elementor-element-c77494c\" data-id=\"c77494c\" data-element_type=\"column\" data-e-type=\"column\">\n\t\t\t<div class=\"elementor-widget-wrap elementor-element-populated\">\n\t\t\t\t\t\t<div class=\"elementor-element elementor-element-794f13e elementor-widget elementor-widget-larson-intro\" data-id=\"794f13e\" data-element_type=\"widget\" data-e-type=\"widget\" data-widget_type=\"larson-intro.default\">\n\t\t\t\t<div class=\"elementor-widget-container\">\n\t\t\t\t\t\n\t\t<article class=\"article\">\n\t        <header class=\"article__header\">\n\t          <div class=\"container\">\n\t            \t            <h1 class=\"article__heading heading heading--size-large\">\n\t            \t<span >\n\t\t\t\t\t\tNEWS\t\t\t\t\t<\/span>\n\t            <\/h1>\n\t            \t            \t            <div class=\"article__header-text\">\n\t            \t<span >\n\t\t\t\t\t\tUnternehmensnachfolge\t\t\t\t\t<\/span>\n\t            <\/div>\n\t            \t          <\/div>\n\t        <\/header>\n\t        \t        <div class=\"article__single-service-image container\">\n\t          <img decoding=\"async\" src=\"https:\/\/borgel.com\/wp-content\/uploads\/2023\/01\/Web_2_Geschaeftsuebernahem_Borgel_2022-1-1536x1080.jpg\" alt=\"\" \/>\n\t        <\/div>\n\t        \t    <\/article>\n\n\t\t\t\t\t\t<\/div>\n\t\t\t\t<\/div>\n\t\t\t\t\t<\/div>\n\t\t<\/div>\n\t\t\t\t\t<\/div>\n\t\t<\/section>\n\t\t\t\t<section class=\"elementor-section elementor-top-section elementor-element elementor-element-ff1b608 elementor-section-boxed elementor-section-height-default elementor-section-height-default wpr-particle-no wpr-jarallax-no wpr-parallax-no wpr-sticky-section-no wpr-equal-height-no\" data-id=\"ff1b608\" data-element_type=\"section\" data-e-type=\"section\">\n\t\t\t\t\t\t<div class=\"elementor-container elementor-column-gap-default\">\n\t\t\t\t\t<div class=\"elementor-column elementor-col-100 elementor-top-column elementor-element elementor-element-6e82749\" data-id=\"6e82749\" data-element_type=\"column\" data-e-type=\"column\">\n\t\t\t<div class=\"elementor-widget-wrap elementor-element-populated\">\n\t\t\t\t\t\t<div class=\"elementor-element elementor-element-3dea39a elementor-widget elementor-widget-larson-about-description\" data-id=\"3dea39a\" data-element_type=\"widget\" data-e-type=\"widget\" data-widget_type=\"larson-about-description.default\">\n\t\t\t\t<div class=\"elementor-widget-container\">\n\t\t\t\t\t\n\t\t<section class=\"webpage__about-block about-block about-block--columns\">\n          <div class=\"about-block__inner container\">\n                                    <div class=\"about-block__main\">\n                                          <blockquote class=\"about-block__quote\" data-aos=\"fade\">\n              \t<span >\n\t\t\t\t\t\"Der beste Weg, eine erfolgreiche Zukunft zu gestalten, ist, sie selbst in die Hand zu nehmen.\"  Wolfgang Borgel \t\t\t\t<\/span>\n\t\t\t\t<span class=\"sep\"><svg viewbox='0 0 83 62' fill='none' xmlns='http:\/\/www.w3.org\/2000\/svg'><path d='M18.6.2c6.267 0 11 2.267 14.2 6.8 3.333 4.4 5 9.667 5 15.8 0 8.267-2.467 15.933-7.4 23-4.8 7.067-10.867 12.333-18.2 15.8L.4 52.2c5.333-2.133 10-5.067 14-8.8 4-3.867 6.733-7.867 8.2-12l-1-.6c-.667.533-1.467.933-2.4 1.2-.933.267-2.267.4-4 .4-3.067 0-6.2-1.2-9.4-3.6-3.067-2.533-4.6-6.333-4.6-11.4 0-5.333 1.733-9.533 5.2-12.6S13.933.2 18.6.2zm44.8 0c6.267 0 11 2.267 14.2 6.8 3.333 4.4 5 9.667 5 15.8 0 8.267-2.467 15.933-7.4 23-4.8 7.067-10.867 12.333-18.2 15.8l-11.8-9.4c5.333-2.133 10-5.067 14-8.8 4-3.867 6.733-7.867 8.2-12l-1-.6c-.667.533-1.467.933-2.4 1.2-.933.267-2.267.4-4 .4-3.067 0-6.2-1.2-9.4-3.6-3.067-2.533-4.6-6.333-4.6-11.4 0-5.333 1.733-9.533 5.2-12.6S58.733.2 63.4.2z' fill='#ffb74d'\/><\/svg><\/span>\n              <\/blockquote>\n                          <\/div>\n                      <\/div>\n        <\/section>\n\n\t\t\t\t\t\t<\/div>\n\t\t\t\t<\/div>\n\t\t\t\t\t<\/div>\n\t\t<\/div>\n\t\t\t\t\t<\/div>\n\t\t<\/section>\n\t\t\t\t<section class=\"elementor-section elementor-top-section elementor-element elementor-element-e61b6a8 elementor-section-full_width elementor-section-height-default elementor-section-height-default wpr-particle-no wpr-jarallax-no wpr-parallax-no wpr-sticky-section-no wpr-equal-height-no\" data-id=\"e61b6a8\" data-element_type=\"section\" data-e-type=\"section\">\n\t\t\t\t\t\t<div class=\"elementor-container elementor-column-gap-no\">\n\t\t\t\t\t<div class=\"elementor-column elementor-col-100 elementor-top-column elementor-element elementor-element-957378c\" data-id=\"957378c\" data-element_type=\"column\" data-e-type=\"column\">\n\t\t\t<div class=\"elementor-widget-wrap elementor-element-populated\">\n\t\t\t\t\t\t<div class=\"elementor-element elementor-element-25b14ea elementor-widget elementor-widget-larson-service-description\" data-id=\"25b14ea\" data-element_type=\"widget\" data-e-type=\"widget\" data-widget_type=\"larson-service-description.default\">\n\t\t\t\t<div class=\"elementor-widget-container\">\n\t\t\t\t\t\n\t\t\t\t<div class=\"article__main article__main--width-small container\">\n          <div class=\"single-service-block\">\n          \t<div >\n\t\t\t\t<h2>Unternehmensnachfolge<\/h2><p>Hand in Hand f\u00fcr eine erfolgreiche Zukunft<\/p><p>Wolfgang Borgel, Gr\u00fcnder der Borgel Elementbau GmbH, scheidet zum 31.03.2022 nach 23 Jahren aus der Gesch\u00e4ftsf\u00fchrung des Unternehmens aus. Im Sinne der Zukunftssicherung hatte Wolfgang Borgel seinen S\u00f6hnen Sven und Niels bereits vor einigen Jahren den Einstieg in das Unternehmen und den Generationswechsel in der Unternehmensf\u00fchrung angeboten. In der Zwischenzeit haben sich die beiden S\u00f6hne mit ihrem Studium und viel praktischer Erfahrung das n\u00f6tige R\u00fcstzeug f\u00fcr die anstehenden Aufgaben angeeignet.<\/p><p>Ab dem 01.04.2022 werden Sven und Niels Borgel in die Gesch\u00e4ftsf\u00fchrung der Borgel Elementbau GmbH eintreten und das Unternehmen gemeinsam mit Gesch\u00e4ftsf\u00fchrer Stefan Wagener leiten. Wolfgang Borgel wird dem Unternehmen als Berater erhalten bleiben und den Vertrieb weiterhin unterst\u00fctzen.<\/p><p><strong>Die drei Gesch\u00e4ftsf\u00fchrer teilen sich die folgenden Aufgabenbereiche: Stefan Wagener ist f\u00fcr das operative Gesch\u00e4ft, Niels Borgel f\u00fcr die kaufm\u00e4nnische Leitung und Sven Borgel f\u00fcr den Vertrieb zust\u00e4ndig.<\/strong><\/p><p>Wir hoffen, dass Sie uns auch in der neuen Konstellation Ihr Vertrauen schenken werden. Gemeinsam versichern wir Ihnen, dass wir die bisherige gute Zusammenarbeit fortsetzen werden.<\/p><p>Mit frischem Wind in den Segeln blicken wir mit Zuversicht in die Zukunft. Wir freuen uns darauf, Borgel Elementbau gemeinsam mit Ihnen in einer kontinuierlichen Partnerschaft weiterzuentwickeln, regional und international.<\/p>\t\t\t<\/div>\n\t\t  <\/div>\n\t\t<\/div>\n\t\t\n\t\t\t\t\t\t<\/div>\n\t\t\t\t<\/div>\n\t\t\t\t\t<\/div>\n\t\t<\/div>\n\t\t\t\t\t<\/div>\n\t\t<\/section>\n\t\t\t\t<\/div>","protected":false},"excerpt":{"rendered":"<p>NEWS Unternehmensnachfolge \"Der beste Weg, eine erfolgreiche Zukunft zu gestalten, ist, sie selbst in die Hand zu nehmen.\" Wolfgang Borgel Unternehmensnachfolge Hand in Hand f\u00fcr eine erfolgreiche Zukunft Wolfgang Borgel, Gr\u00fcnder der Borgel Elementbau GmbH, scheidet zum 31.03.2022 nach 23 Jahren aus der Gesch\u00e4ftsf\u00fchrung aus... <\/p>\n<div class=\"readmore\"><a href=\"https:\/\/borgel.com\/de\/news-01\" class=\"btn-link\">Weiterlesen<\/a><\/div>","protected":false},"author":1,"featured_media":0,"parent":0,"menu_order":0,"comment_status":"closed","ping_status":"closed","template":"template-elementor-default.php","meta":{"_acf_changed":false,"footnotes":""},"class_list":["post-306","page","type-page","status-publish","hentry"],"acf":[],"_links":{"self":[{"href":"https:\/\/borgel.com\/de\/wp-json\/wp\/v2\/pages\/306","targetHints":{"allow":["GET"]}}],"collection":[{"href":"https:\/\/borgel.com\/de\/wp-json\/wp\/v2\/pages"}],"about":[{"href":"https:\/\/borgel.com\/de\/wp-json\/wp\/v2\/types\/page"}],"author":[{"embeddable":true,"href":"https:\/\/borgel.com\/de\/wp-json\/wp\/v2\/users\/1"}],"replies":[{"embeddable":true,"href":"https:\/\/borgel.com\/de\/wp-json\/wp\/v2\/comments?post=306"}],"version-history":[{"count":7,"href":"https:\/\/borgel.com\/de\/wp-json\/wp\/v2\/pages\/306\/revisions"}],"predecessor-version":[{"id":5182,"href":"https:\/\/borgel.com\/de\/wp-json\/wp\/v2\/pages\/306\/revisions\/5182"}],"wp:attachment":[{"href":"https:\/\/borgel.com\/de\/wp-json\/wp\/v2\/media?parent=306"}],"curies":[{"name":"wp","href":"https:\/\/api.w.org\/{rel}","templated":true}]}}