{"id":4361,"date":"2023-04-11T17:06:49","date_gmt":"2023-04-11T17:06:49","guid":{"rendered":"https:\/\/borgel.com\/?page_id=4361"},"modified":"2023-08-09T08:51:12","modified_gmt":"2023-08-09T08:51:12","slug":"digital","status":"publish","type":"page","link":"https:\/\/borgel.com\/de\/digital","title":{"rendered":"Digital"},"content":{"rendered":"<div data-elementor-type=\"wp-page\" data-elementor-id=\"4361\" class=\"elementor elementor-4361\" data-elementor-post-type=\"page\">\n\t\t\t\t<div class=\"elementor-element elementor-element-9b0279c e-flex e-con-boxed wpr-particle-no wpr-jarallax-no wpr-parallax-no wpr-sticky-section-no wpr-equal-height-no e-con e-parent\" data-id=\"9b0279c\" data-element_type=\"container\" data-e-type=\"container\" data-settings=\"{&quot;background_background&quot;:&quot;classic&quot;}\">\n\t\t\t\t\t<div class=\"e-con-inner\">\n\t\t\t\t<div class=\"elementor-element elementor-element-71c0d02 elementor-widget elementor-widget-larson-intro\" data-id=\"71c0d02\" data-element_type=\"widget\" data-e-type=\"widget\" data-widget_type=\"larson-intro.default\">\n\t\t\t\t<div class=\"elementor-widget-container\">\n\t\t\t\t\t\n\t\t<article class=\"article\">\n\t        <header class=\"article__header\">\n\t          <div class=\"container\">\n\t            \t            <h1 class=\"article__heading heading heading--size-large\">\n\t            \t<span >\n\t\t\t\t\t\t\"Es gibt keine Alternative zu <span class=\"color-yellow\">digitaler Transformation.<\/span> Vision\u00e4re Unternehmen werden sich neue strategische Optionen erschlie\u00dfen - diejenigen, die sich nicht anpassen, werden scheitern.\t\t\t\t\t<\/span>\n\t            <\/h1>\n\t            \t            \t            <div class=\"article__header-text\">\n\t            \t<span >\n\t\t\t\t\t\t- Jeff Bezos | Amazon Gr\u00fcnder\t\t\t\t\t<\/span>\n\t            <\/div>\n\t            \t          <\/div>\n\t        <\/header>\n\t        \t    <\/article>\n\n\t\t\t\t\t\t<\/div>\n\t\t\t\t<\/div>\n\t\t\t\t\t<\/div>\n\t\t\t\t<\/div>\n\t\t<div class=\"elementor-element elementor-element-57759f7 e-flex e-con-boxed wpr-particle-no wpr-jarallax-no wpr-parallax-no wpr-sticky-section-no wpr-equal-height-no e-con e-parent\" data-id=\"57759f7\" data-element_type=\"container\" data-e-type=\"container\">\n\t\t\t\t\t<div class=\"e-con-inner\">\n\t\t<div class=\"elementor-element elementor-element-43d8a52 e-con-full e-flex wpr-particle-no wpr-jarallax-no wpr-parallax-no wpr-sticky-section-no wpr-equal-height-no e-con e-parent\" data-id=\"43d8a52\" data-element_type=\"container\" data-e-type=\"container\" data-settings=\"{&quot;background_background&quot;:&quot;classic&quot;}\">\n\t\t\t\t<\/div>\n\t\t<div class=\"elementor-element elementor-element-6f0f5e5 e-con-full e-flex wpr-particle-no wpr-jarallax-no wpr-parallax-no wpr-sticky-section-no wpr-equal-height-no e-con e-parent\" data-id=\"6f0f5e5\" data-element_type=\"container\" data-e-type=\"container\" data-settings=\"{&quot;background_background&quot;:&quot;classic&quot;}\">\n\t\t<div class=\"elementor-element elementor-element-de84303 e-flex e-con-boxed wpr-particle-no wpr-jarallax-no wpr-parallax-no wpr-sticky-section-no wpr-equal-height-no e-con e-parent\" data-id=\"de84303\" data-element_type=\"container\" data-e-type=\"container\">\n\t\t\t\t\t<div class=\"e-con-inner\">\n\t\t\t\t<div class=\"elementor-element elementor-element-5b7573f elementor-widget elementor-widget-heading\" data-id=\"5b7573f\" data-element_type=\"widget\" data-e-type=\"widget\" data-widget_type=\"heading.default\">\n\t\t\t\t<div class=\"elementor-widget-container\">\n\t\t\t\t\t<h2 class=\"elementor-heading-title elementor-size-default\"><span style=\"font-family: Gilroy, Arial, sans-serif\">BIM - Modellierung von Geb\u00e4udedaten<\/span><\/h2>\t\t\t\t<\/div>\n\t\t\t\t<\/div>\n\t\t\t\t<div class=\"elementor-element elementor-element-186da4e elementor-widget elementor-widget-text-editor\" data-id=\"186da4e\" data-element_type=\"widget\" data-e-type=\"widget\" data-widget_type=\"text-editor.default\">\n\t\t\t\t<div class=\"elementor-widget-container\">\n\t\t\t\t\t\t\t\t\t<p>Building Information Modeling (BIM) ist ein fortschrittliches digitales Verfahren, das die Planung, Ausf\u00fchrung und \u00dcberwachung von Bauprojekten revolutioniert hat. Bei Borgel Elementbau setzen wir BIM ein, um unseren Kunden eine umfassende und genaue Planung ihrer Bauprojekte zu erm\u00f6glichen.<\/p><p>Durch BIM werden alle relevanten Informationen zu einem Bauvorhaben digital erfasst, gespeichert und geteilt. Das umfasst Daten zu Bauteilen, Materialien, Systemen und Prozessen. Die Erstellung eines einzigen digitalen Modells eines Geb\u00e4udes erm\u00f6glicht es Architekten, Ingenieuren und Bauunternehmen in Echtzeit zusammenzuarbeiten und das Projekt zu optimieren.\u00a0<\/p>\t\t\t\t\t\t\t\t<\/div>\n\t\t\t\t<\/div>\n\t\t\t\t\t<\/div>\n\t\t\t\t<\/div>\n\t\t<div class=\"elementor-element elementor-element-ac66751 e-flex e-con-boxed wpr-particle-no wpr-jarallax-no wpr-parallax-no wpr-sticky-section-no wpr-equal-height-no e-con e-parent\" data-id=\"ac66751\" data-element_type=\"container\" data-e-type=\"container\">\n\t\t\t\t\t<div class=\"e-con-inner\">\n\t\t\t\t<div class=\"elementor-element elementor-element-64cea69 elementor-widget elementor-widget-text-editor\" data-id=\"64cea69\" data-element_type=\"widget\" data-e-type=\"widget\" data-widget_type=\"text-editor.default\">\n\t\t\t\t<div class=\"elementor-widget-container\">\n\t\t\t\t\t\t\t\t\t<p>BIM bietet auch die M\u00f6glichkeit, potenzielle Probleme und Abweichungen in der Planung fr\u00fchzeitig zu identifizieren und zu beheben. Einer der Hauptvorteile von BIM ist die Reduktion von Fehlern und unn\u00f6tigen Kosten. Da alle Beteiligten von Anfang an Zugriff auf die gleichen Informationen haben, k\u00f6nnen Planungs- und Ausf\u00fchrungsprozesse optimal koordiniert werden. Das f\u00fchrt zu einer h\u00f6heren Genauigkeit und Planungssicherheit. Durch die M\u00f6glichkeit der Kollaboration k\u00f6nnen Entscheidungen schneller getroffen und das Projekt effektiver gesteuert werden.<\/p>\t\t\t\t\t\t\t\t<\/div>\n\t\t\t\t<\/div>\n\t\t\t\t\t<\/div>\n\t\t\t\t<\/div>\n\t\t\t\t<\/div>\n\t\t\t\t\t<\/div>\n\t\t\t\t<\/div>\n\t\t<div class=\"elementor-element elementor-element-183f25d e-flex e-con-boxed wpr-particle-no wpr-jarallax-no wpr-parallax-no wpr-sticky-section-no wpr-equal-height-no e-con e-parent\" data-id=\"183f25d\" data-element_type=\"container\" data-e-type=\"container\" data-settings=\"{&quot;background_background&quot;:&quot;classic&quot;}\">\n\t\t\t\t\t<div class=\"e-con-inner\">\n\t\t\t\t\t<\/div>\n\t\t\t\t<\/div>\n\t\t<div class=\"elementor-element elementor-element-eee35e1 e-flex e-con-boxed wpr-particle-no wpr-jarallax-no wpr-parallax-no wpr-sticky-section-no wpr-equal-height-no e-con e-parent\" data-id=\"eee35e1\" data-element_type=\"container\" data-e-type=\"container\">\n\t\t\t\t\t<div class=\"e-con-inner\">\n\t\t<div class=\"elementor-element elementor-element-324e2db e-con-full e-flex wpr-particle-no wpr-jarallax-no wpr-parallax-no wpr-sticky-section-no wpr-equal-height-no e-con e-parent\" data-id=\"324e2db\" data-element_type=\"container\" data-e-type=\"container\">\n\t\t\t\t<div class=\"elementor-element elementor-element-6279c04 elementor-widget elementor-widget-larson-heading\" data-id=\"6279c04\" data-element_type=\"widget\" data-e-type=\"widget\" data-widget_type=\"larson-heading.default\">\n\t\t\t\t<div class=\"elementor-widget-container\">\n\t\t\t\t\t\n\t\t<section class=\"webpage__about-heading about-block\">\n          <div class=\"about-block__inner container\">\n                        <header class=\"about-block__header\" data-aos=\"fade\">\n              <h2 class=\"about-block__heading heading\">\n              \t<span >\n\t\t\t\t\t3D-Laserscan\t\t\t\t<\/span>\n              <\/h2>\n            <\/header>\n                      <\/div>\n        <\/section>\n\n\t\t\t\t\t\t<\/div>\n\t\t\t\t<\/div>\n\t\t\t\t<\/div>\n\t\t<div class=\"elementor-element elementor-element-1e5b5b3 elementor-hidden-mobile e-flex e-con-boxed wpr-particle-no wpr-jarallax-no wpr-parallax-no wpr-sticky-section-no wpr-equal-height-no e-con e-parent\" data-id=\"1e5b5b3\" data-element_type=\"container\" data-e-type=\"container\">\n\t\t\t\t\t<div class=\"e-con-inner\">\n\t\t\t\t\t<\/div>\n\t\t\t\t<\/div>\n\t\t\t\t\t<\/div>\n\t\t\t\t<\/div>\n\t\t<div class=\"elementor-element elementor-element-129c0d0 e-flex e-con-boxed wpr-particle-no wpr-jarallax-no wpr-parallax-no wpr-sticky-section-no wpr-equal-height-no e-con e-parent\" data-id=\"129c0d0\" data-element_type=\"container\" data-e-type=\"container\">\n\t\t\t\t\t<div class=\"e-con-inner\">\n\t\t<div class=\"elementor-element elementor-element-004d18d e-flex e-con-boxed wpr-particle-no wpr-jarallax-no wpr-parallax-no wpr-sticky-section-no wpr-equal-height-no e-con e-parent\" data-id=\"004d18d\" data-element_type=\"container\" data-e-type=\"container\">\n\t\t\t\t\t<div class=\"e-con-inner\">\n\t\t\t\t<div class=\"elementor-element elementor-element-e0c9ab1 elementor-widget elementor-widget-text-editor\" data-id=\"e0c9ab1\" data-element_type=\"widget\" data-e-type=\"widget\" data-widget_type=\"text-editor.default\">\n\t\t\t\t<div class=\"elementor-widget-container\">\n\t\t\t\t\t\t\t\t\t<p>In den letzten Jahren hat die Digitalisierung auch die Baubranche stark vorangebracht, und wir bei Borgel Elementbau sind stolz darauf, immer auf dem neuesten Stand der Technik zu sein. Eines der neuesten technologischen Werkzeuge, das wir bei unseren Bauprojekten einsetzen, ist der 3D-Laserscan. Mit dieser Technologie k\u00f6nnen wir Geb\u00e4ude und Baustellen digital erfassen und modellieren, was eine umfassende und pr\u00e4zise Planung unserer Projekte erm\u00f6glicht. Der 3D-Laserscan ist ein hochmodernes Instrument, das es uns erm\u00f6glicht, ein umfassendes Verst\u00e4ndnis der bestehenden Verh\u00e4ltnisse zu gewinnen und genaue Modelle von bestehenden Geb\u00e4uden, R\u00e4umen oder Baustellen zu erstellen.\u00a0<\/p>\t\t\t\t\t\t\t\t<\/div>\n\t\t\t\t<\/div>\n\t\t\t\t\t<\/div>\n\t\t\t\t<\/div>\n\t\t<div class=\"elementor-element elementor-element-68edc10 e-flex e-con-boxed wpr-particle-no wpr-jarallax-no wpr-parallax-no wpr-sticky-section-no wpr-equal-height-no e-con e-parent\" data-id=\"68edc10\" data-element_type=\"container\" data-e-type=\"container\">\n\t\t\t\t\t<div class=\"e-con-inner\">\n\t\t\t\t<div class=\"elementor-element elementor-element-99675c2 elementor-widget elementor-widget-text-editor\" data-id=\"99675c2\" data-element_type=\"widget\" data-e-type=\"widget\" data-widget_type=\"text-editor.default\">\n\t\t\t\t<div class=\"elementor-widget-container\">\n\t\t\t\t\t\t\t\t\t<p>Durch diese pr\u00e4zisen Modelle k\u00f6nnen wir genaue Messungen durchf\u00fchren und schnell Abweichungen zwischen Plan- und Ist-Zustand erkennen. Das Ergebnis ist eine bessere Koordination und Planung von komplexen Bauprojekten. Dies f\u00fchrt zu einem reibungslosen Ablauf der Bauprojekte, da m\u00f6gliche Probleme bereits fr\u00fchzeitig identifiziert werden k\u00f6nnen. Unsere Kunden profitieren von einem h\u00f6heren Ma\u00df an Genauigkeit bei der Vermessung von Bauteilen und einer zielgerichteten \u00dcberwachung von Fortschritten und Qualit\u00e4tssicherung.\u00a0<\/p>\t\t\t\t\t\t\t\t<\/div>\n\t\t\t\t<\/div>\n\t\t\t\t\t<\/div>\n\t\t\t\t<\/div>\n\t\t<div class=\"elementor-element elementor-element-3d31f8b e-flex e-con-boxed wpr-particle-no wpr-jarallax-no wpr-parallax-no wpr-sticky-section-no wpr-equal-height-no e-con e-parent\" data-id=\"3d31f8b\" data-element_type=\"container\" data-e-type=\"container\">\n\t\t\t\t\t<div class=\"e-con-inner\">\n\t\t\t\t<div class=\"elementor-element elementor-element-4a6b7a3 elementor-widget elementor-widget-video\" data-id=\"4a6b7a3\" data-element_type=\"widget\" data-e-type=\"widget\" data-settings=\"{&quot;video_type&quot;:&quot;hosted&quot;,&quot;controls&quot;:&quot;yes&quot;}\" data-widget_type=\"video.default\">\n\t\t\t\t<div class=\"elementor-widget-container\">\n\t\t\t\t\t\t\t<div class=\"e-hosted-video elementor-wrapper elementor-open-inline\">\n\t\t\t\t\t<video class=\"elementor-video\" src=\"https:\/\/borgel.com\/wp-content\/uploads\/2023\/04\/Borgel_3D-Laser-Scanning_041121.mp4\" controls=\"\" preload=\"metadata\" controlslist=\"nodownload\" poster=\"https:\/\/borgel.com\/wp-content\/uploads\/2023\/04\/Bildschirmfoto-2023-04-03-um-17.46.35.png\"><\/video>\n\t\t\t\t<\/div>\n\t\t\t\t\t\t<\/div>\n\t\t\t\t<\/div>\n\t\t\t\t\t<\/div>\n\t\t\t\t<\/div>\n\t\t\t\t\t<\/div>\n\t\t\t\t<\/div>\n\t\t<div class=\"elementor-element elementor-element-bbb8b61 e-con-full e-flex wpr-particle-no wpr-jarallax-no wpr-parallax-no wpr-sticky-section-no wpr-equal-height-no e-con e-parent\" data-id=\"bbb8b61\" data-element_type=\"container\" data-e-type=\"container\" data-settings=\"{&quot;background_background&quot;:&quot;classic&quot;}\">\n\t\t<div class=\"elementor-element elementor-element-d7688d0 e-flex e-con-boxed wpr-particle-no wpr-jarallax-no wpr-parallax-no wpr-sticky-section-no wpr-equal-height-no e-con e-parent\" data-id=\"d7688d0\" data-element_type=\"container\" data-e-type=\"container\">\n\t\t\t\t\t<div class=\"e-con-inner\">\n\t\t\t\t<div class=\"elementor-element elementor-element-ac57069 elementor-hidden-mobile elementor-widget elementor-widget-spacer\" data-id=\"ac57069\" data-element_type=\"widget\" data-e-type=\"widget\" data-widget_type=\"spacer.default\">\n\t\t\t\t<div class=\"elementor-widget-container\">\n\t\t\t\t\t\t\t<div class=\"elementor-spacer\">\n\t\t\t<div class=\"elementor-spacer-inner\"><\/div>\n\t\t<\/div>\n\t\t\t\t\t\t<\/div>\n\t\t\t\t<\/div>\n\t\t\t\t<div class=\"elementor-element elementor-element-11aa513 elementor-widget elementor-widget-larson-heading\" data-id=\"11aa513\" data-element_type=\"widget\" data-e-type=\"widget\" data-widget_type=\"larson-heading.default\">\n\t\t\t\t<div class=\"elementor-widget-container\">\n\t\t\t\t\t\n\t\t<section class=\"webpage__about-heading about-block\">\n          <div class=\"about-block__inner container\">\n                        <header class=\"about-block__header\" data-aos=\"fade\">\n              <h2 class=\"about-block__heading heading\">\n              \t<span >\n\t\t\t\t\tDigitales Arbeiten\t\t\t\t<\/span>\n              <\/h2>\n            <\/header>\n                      <\/div>\n        <\/section>\n\n\t\t\t\t\t\t<\/div>\n\t\t\t\t<\/div>\n\t\t\t\t\t<\/div>\n\t\t\t\t<\/div>\n\t\t<div class=\"elementor-element elementor-element-90c3084 e-flex e-con-boxed wpr-particle-no wpr-jarallax-no wpr-parallax-no wpr-sticky-section-no wpr-equal-height-no e-con e-parent\" data-id=\"90c3084\" data-element_type=\"container\" data-e-type=\"container\">\n\t\t\t\t\t<div class=\"e-con-inner\">\n\t\t\t\t<div class=\"elementor-element elementor-element-372742b elementor-widget elementor-widget-text-editor\" data-id=\"372742b\" data-element_type=\"widget\" data-e-type=\"widget\" data-widget_type=\"text-editor.default\">\n\t\t\t\t<div class=\"elementor-widget-container\">\n\t\t\t\t\t\t\t\t\t<p>Nicht nur bei Bauprojekten, sondern auch bei der Modernisierung unserer B\u00fcros setz wir auf Digitalisierung. Videokonferenzr\u00e4ume bieten eine hervorragende M\u00f6glichkeit, um mit Kunden und Kollegen auf der ganzen Welt in Kontakt zu treten. Dank moderner Technologien k\u00f6nnen Meetings schnell und einfach geplant werden, ohne dass physische Anwesenheit erforderlich ist. Dies spart Zeit und Kosten und erm\u00f6glicht es uns, Projekte schneller voranzutreiben.<\/p>\t\t\t\t\t\t\t\t<\/div>\n\t\t\t\t<\/div>\n\t\t\t\t\t<\/div>\n\t\t\t\t<\/div>\n\t\t\t\t<div class=\"elementor-element elementor-element-323c938 elementor-widget elementor-widget-image\" data-id=\"323c938\" data-element_type=\"widget\" data-e-type=\"widget\" data-widget_type=\"image.default\">\n\t\t\t\t<div class=\"elementor-widget-container\">\n\t\t\t\t\t\t\t\t\t\t\t\t\t\t\t<img decoding=\"async\" src=\"https:\/\/borgel.com\/wp-content\/uploads\/2023\/06\/BIM_Digitales_arbeiten-scaled.jpg\" title=\"BIM_Digitales_arbeiten\" alt=\"BIM_Digitales_arbeiten\" loading=\"lazy\" \/>\t\t\t\t\t\t\t\t\t\t\t\t\t\t\t<\/div>\n\t\t\t\t<\/div>\n\t\t\t\t<\/div>\n\t\t\t\t<\/div>","protected":false},"excerpt":{"rendered":"<p>\"Zur digitalen Transformation gibt es keine Alternative. Vision\u00e4re Unternehmen werden sich neue strategische Optionen erschlie\u00dfen - diejenigen, die sich nicht anpassen, werden scheitern.\" - Jeff Bezos | Gr\u00fcnder von Amazon BIM - Building Information Modeling Building Information Modeling (BIM) ist ein fortschrittlicher digitaler Prozess, der die Planung,... <\/p>\n<div class=\"readmore\"><a href=\"https:\/\/borgel.com\/de\/digital\" class=\"btn-link\">Weiterlesen<\/a><\/div>","protected":false},"author":1,"featured_media":0,"parent":0,"menu_order":0,"comment_status":"closed","ping_status":"closed","template":"template-elementor-default.php","meta":{"_acf_changed":false,"footnotes":""},"class_list":["post-4361","page","type-page","status-publish","hentry"],"acf":[],"_links":{"self":[{"href":"https:\/\/borgel.com\/de\/wp-json\/wp\/v2\/pages\/4361","targetHints":{"allow":["GET"]}}],"collection":[{"href":"https:\/\/borgel.com\/de\/wp-json\/wp\/v2\/pages"}],"about":[{"href":"https:\/\/borgel.com\/de\/wp-json\/wp\/v2\/types\/page"}],"author":[{"embeddable":true,"href":"https:\/\/borgel.com\/de\/wp-json\/wp\/v2\/users\/1"}],"replies":[{"embeddable":true,"href":"https:\/\/borgel.com\/de\/wp-json\/wp\/v2\/comments?post=4361"}],"version-history":[{"count":66,"href":"https:\/\/borgel.com\/de\/wp-json\/wp\/v2\/pages\/4361\/revisions"}],"predecessor-version":[{"id":6082,"href":"https:\/\/borgel.com\/de\/wp-json\/wp\/v2\/pages\/4361\/revisions\/6082"}],"wp:attachment":[{"href":"https:\/\/borgel.com\/de\/wp-json\/wp\/v2\/media?parent=4361"}],"curies":[{"name":"wp","href":"https:\/\/api.w.org\/{rel}","templated":true}]}}