{"id":4940,"date":"2023-05-22T09:18:49","date_gmt":"2023-05-22T09:18:49","guid":{"rendered":"https:\/\/borgel.com\/?page_id=4940"},"modified":"2023-05-24T13:41:12","modified_gmt":"2023-05-24T13:41:12","slug":"news-02","status":"publish","type":"page","link":"https:\/\/borgel.com\/de\/news-02","title":{"rendered":"Neuigkeiten - Abschlussfeier"},"content":{"rendered":"<div data-elementor-type=\"wp-page\" data-elementor-id=\"4940\" class=\"elementor elementor-4940\" data-elementor-post-type=\"page\">\n\t\t\t\t\t\t<section class=\"elementor-section elementor-top-section elementor-element elementor-element-24f918b elementor-section-full_width elementor-section-height-default elementor-section-height-default wpr-particle-no wpr-jarallax-no wpr-parallax-no wpr-sticky-section-no wpr-equal-height-no\" data-id=\"24f918b\" data-element_type=\"section\" data-e-type=\"section\">\n\t\t\t\t\t\t<div class=\"elementor-container elementor-column-gap-no\">\n\t\t\t\t\t<div class=\"elementor-column elementor-col-100 elementor-top-column elementor-element elementor-element-c77494c\" data-id=\"c77494c\" data-element_type=\"column\" data-e-type=\"column\">\n\t\t\t<div class=\"elementor-widget-wrap elementor-element-populated\">\n\t\t\t\t\t\t<div class=\"elementor-element elementor-element-794f13e elementor-widget elementor-widget-larson-intro\" data-id=\"794f13e\" data-element_type=\"widget\" data-e-type=\"widget\" data-widget_type=\"larson-intro.default\">\n\t\t\t\t<div class=\"elementor-widget-container\">\n\t\t\t\t\t\n\t\t<article class=\"article\">\n\t        <header class=\"article__header\">\n\t          <div class=\"container\">\n\t            \t            <h1 class=\"article__heading heading heading--size-large\">\n\t            \t<span >\n\t\t\t\t\t\tNEWS\t\t\t\t\t<\/span>\n\t            <\/h1>\n\t            \t            \t            <div class=\"article__header-text\">\n\t            \t<span >\n\t\t\t\t\t\tErfolgreicher Abschluss zur Industriekauffrau mit Bestnoten\t\t\t\t\t<\/span>\n\t            <\/div>\n\t            \t          <\/div>\n\t        <\/header>\n\t        \t        <div class=\"article__about-hero container\">\n\t          <img decoding=\"async\" src=\"https:\/\/borgel.com\/wp-content\/uploads\/2023\/03\/IMG_4918-600x600-1.jpg\" alt=\"\" \/>\n\t        <\/div>\n\t        \t    <\/article>\n\n\t\t\t\t\t\t<\/div>\n\t\t\t\t<\/div>\n\t\t\t\t\t<\/div>\n\t\t<\/div>\n\t\t\t\t\t<\/div>\n\t\t<\/section>\n\t\t\t\t<section class=\"elementor-section elementor-top-section elementor-element elementor-element-e61b6a8 elementor-section-full_width elementor-section-height-default elementor-section-height-default wpr-particle-no wpr-jarallax-no wpr-parallax-no wpr-sticky-section-no wpr-equal-height-no\" data-id=\"e61b6a8\" data-element_type=\"section\" data-e-type=\"section\">\n\t\t\t\t\t\t<div class=\"elementor-container elementor-column-gap-no\">\n\t\t\t\t\t<div class=\"elementor-column elementor-col-100 elementor-top-column elementor-element elementor-element-957378c\" data-id=\"957378c\" data-element_type=\"column\" data-e-type=\"column\">\n\t\t\t<div class=\"elementor-widget-wrap elementor-element-populated\">\n\t\t\t\t\t\t<div class=\"elementor-element elementor-element-25b14ea elementor-widget elementor-widget-larson-service-description\" data-id=\"25b14ea\" data-element_type=\"widget\" data-e-type=\"widget\" data-widget_type=\"larson-service-description.default\">\n\t\t\t\t<div class=\"elementor-widget-container\">\n\t\t\t\t\t\n\t\t\t\t<div class=\"article__main article__main--width-small container\">\n          <div class=\"single-service-block\">\n          \t<div >\n\t\t\t\t<h2>Erfolgreicher Abschluss zur Industriekauffrau mit Bestnoten<\/h2><p>Wir gratulieren unserer Anna Savkina herzlich zu ihrem Berufsabschluss als Industriekauffrau, den sie mit der Bestnote \u201csehr gut\u201d erfolgreich bestandenen hat. Besonders hervorzuheben ist, dass dieses Spitzenergebnis zugleich mit einer freiwilligen Verk\u00fcrzung der Ausbildungszeit und eigenst\u00e4ndiger Aneignung der Lerninhalte erreicht wurde. Wir freuen uns, dass Anna als \u201efrisch gebackene\u201c Industriekauffrau auch k\u00fcnftig im Team bei Borgel Elementbau arbeitet. Sie wird dabei die Projekt- und Bauleiter*Innen als zentrale \u201eCompliance-Fachfrau\u201c, mit einem Dokumente-Full-Service, f\u00fcr das In- und das Ausland mehrsprachig unterst\u00fctzen.<\/p><p>Bei unserem betrieblichen Ausbildungskonzept spielt es immer eine Rolle, in welchem Einsatzbereich ein Auszubildender seine St\u00e4rken zeigt. Oft sind es genau diese Bereiche, die dem\/der Auszubildenden am meisten Spa\u00df machen. Nachdem alle betrieblichen Abteilungen durchlaufen wurden, erfolgt in den meisten F\u00e4llen sp\u00e4testens zum 3. Lehrjahr hin eine Spezialisierung \u2013 oft mit einer anschlie\u00dfenden \u00dcbernahme in dem favorisierten Bereich. Unser betriebliches Ausbildungskonzept ist dabei so flexibel, wie auch unsere Arbeitsweise bei der Projektumsetzung \u2013 mit Ausrichtung auf das beste Ergebnis.<\/p>\t\t\t<\/div>\n\t\t  <\/div>\n\t\t<\/div>\n\t\t\n\t\t\t\t\t\t<\/div>\n\t\t\t\t<\/div>\n\t\t\t\t\t<\/div>\n\t\t<\/div>\n\t\t\t\t\t<\/div>\n\t\t<\/section>\n\t\t\t\t<\/div>","protected":false},"excerpt":{"rendered":"<p>NEWS Erfolgreicher Abschluss zur Industriekauffrau mit Bestnoten Erfolgreicher Abschluss zur Industriekauffrau mit Bestnoten Wir gratulieren unserer Anna Savkina zu ihrem Berufsabschluss als Industriekauffrau, den sie mit der Bestnote \"sehr gut\" bestanden hat. Besonders erw\u00e4hnenswert ist, dass diese... <\/p>\n<div class=\"readmore\"><a href=\"https:\/\/borgel.com\/de\/news-02\" class=\"btn-link\">Weiterlesen<\/a><\/div>","protected":false},"author":1,"featured_media":0,"parent":0,"menu_order":0,"comment_status":"closed","ping_status":"closed","template":"template-elementor-default.php","meta":{"_acf_changed":false,"footnotes":""},"class_list":["post-4940","page","type-page","status-publish","hentry"],"acf":[],"_links":{"self":[{"href":"https:\/\/borgel.com\/de\/wp-json\/wp\/v2\/pages\/4940","targetHints":{"allow":["GET"]}}],"collection":[{"href":"https:\/\/borgel.com\/de\/wp-json\/wp\/v2\/pages"}],"about":[{"href":"https:\/\/borgel.com\/de\/wp-json\/wp\/v2\/types\/page"}],"author":[{"embeddable":true,"href":"https:\/\/borgel.com\/de\/wp-json\/wp\/v2\/users\/1"}],"replies":[{"embeddable":true,"href":"https:\/\/borgel.com\/de\/wp-json\/wp\/v2\/comments?post=4940"}],"version-history":[{"count":5,"href":"https:\/\/borgel.com\/de\/wp-json\/wp\/v2\/pages\/4940\/revisions"}],"predecessor-version":[{"id":5183,"href":"https:\/\/borgel.com\/de\/wp-json\/wp\/v2\/pages\/4940\/revisions\/5183"}],"wp:attachment":[{"href":"https:\/\/borgel.com\/de\/wp-json\/wp\/v2\/media?parent=4940"}],"curies":[{"name":"wp","href":"https:\/\/api.w.org\/{rel}","templated":true}]}}