{"id":503,"date":"2021-07-04T15:35:58","date_gmt":"2021-07-04T15:35:58","guid":{"rendered":"https:\/\/bslthemes.site\/larson\/?page_id=503"},"modified":"2023-07-27T09:44:20","modified_gmt":"2023-07-27T09:44:20","slug":"jobs","status":"publish","type":"page","link":"https:\/\/borgel.com\/de\/jobs","title":{"rendered":"Jobs"},"content":{"rendered":"<div data-elementor-type=\"wp-page\" data-elementor-id=\"503\" class=\"elementor elementor-503\" data-elementor-post-type=\"page\">\n\t\t\t\t\t\t<section class=\"elementor-section elementor-top-section elementor-element elementor-element-a41e2b2 elementor-section-full_width elementor-section-height-default elementor-section-height-default wpr-particle-no wpr-jarallax-no wpr-parallax-no wpr-sticky-section-no wpr-equal-height-no\" data-id=\"a41e2b2\" data-element_type=\"section\" data-e-type=\"section\">\n\t\t\t\t\t\t<div class=\"elementor-container elementor-column-gap-no\">\n\t\t\t\t\t<div class=\"elementor-column elementor-col-100 elementor-top-column elementor-element elementor-element-97c067e\" data-id=\"97c067e\" data-element_type=\"column\" data-e-type=\"column\">\n\t\t\t<div class=\"elementor-widget-wrap elementor-element-populated\">\n\t\t\t\t\t\t<div class=\"elementor-element elementor-element-4f6d00e elementor-widget elementor-widget-larson-intro\" data-id=\"4f6d00e\" data-element_type=\"widget\" data-e-type=\"widget\" data-widget_type=\"larson-intro.default\">\n\t\t\t\t<div class=\"elementor-widget-container\">\n\t\t\t\t\t\n\t\t<article class=\"article\">\n\t        <header class=\"article__header\">\n\t          <div class=\"container\">\n\t            \t            <h1 class=\"article__heading heading heading--size-large\">\n\t            \t<span >\n\t\t\t\t\t\tJobs\t\t\t\t\t<\/span>\n\t            <\/h1>\n\t            \t            \t          <\/div>\n\t        <\/header>\n\t        \t    <\/article>\n\n\t\t\t\t\t\t<\/div>\n\t\t\t\t<\/div>\n\t\t\t\t\t<\/div>\n\t\t<\/div>\n\t\t\t\t\t<\/div>\n\t\t<\/section>\n\t\t\t\t<section class=\"elementor-section elementor-top-section elementor-element elementor-element-a301033 elementor-section-full_width elementor-section-height-default elementor-section-height-default wpr-particle-no wpr-jarallax-no wpr-parallax-no wpr-sticky-section-no wpr-equal-height-no\" data-id=\"a301033\" data-element_type=\"section\" data-e-type=\"section\">\n\t\t\t\t\t\t<div class=\"elementor-container elementor-column-gap-no\">\n\t\t\t\t\t<div class=\"elementor-column elementor-col-100 elementor-top-column elementor-element elementor-element-82b94f1\" data-id=\"82b94f1\" data-element_type=\"column\" data-e-type=\"column\">\n\t\t\t<div class=\"elementor-widget-wrap elementor-element-populated\">\n\t\t\t\t\t\t<div class=\"elementor-element elementor-element-fe874a2 elementor-widget elementor-widget-larson-blog\" data-id=\"fe874a2\" data-element_type=\"widget\" data-e-type=\"widget\" data-widget_type=\"larson-blog.default\">\n\t\t\t\t<div class=\"elementor-widget-container\">\n\t\t\t\t\t\n\t\t\t\t  <!-- Filter projects-->\n          <div class=\"article__filter filter container\">\n            <button class=\"filter__item filter__item--active __js_filter-btn\" type=\"button\" data-filter=\"*\">Alle<\/button>\n                        <button class=\"filter__item __js_filter-btn\" type=\"button\" data-filter=\".__js_training\">Ausbildung<\/button>\n                        <button class=\"filter__item __js_filter-btn\" type=\"button\" data-filter=\".__js_join-our-team\">Jetzt Teil des Teams werden!<\/button>\n                        <button class=\"filter__item __js_filter-btn\" type=\"button\" data-filter=\".__js_jobs\">Jobs<\/button>\n                      <\/div>\n        \n\t\t<div class=\"article__main article__main--width-full container\">\n                    <ul class=\"news-listing row __js_news-grid news-grid-col-4\">\n          \t<li class=\"grid-sizer\"><\/li>\n          \t\n\n<li id=\"post-6552\" class=\"news-listing__item news-listing__item--auto col-12 col-md-6 col-xl-3 __js_masonry-item __js_training  post-6552 post type-post status-publish format-standard has-post-thumbnail hentry category-training\">\n  <div class=\"card card--small card--masonry card--news card--news-masonry\">\n        <div class=\"card__image\">\n      <img decoding=\"async\" src=\"https:\/\/borgel.com\/wp-content\/uploads\/2023\/02\/DSC_7732-1920x1280.jpg\" alt=\"Internship \/\/ Technical System Planner (m\/f\/d)\" \/>\n    <\/div>\n        <div class=\"card__content card__content--full\">\n      <div class=\"card__date\"><\/div>\n      <h3 class=\"card__heading\">Praktikum \/\/ Technische:r Systemplaner:in (m\/w\/d)<\/h3>\n            <div class=\"card__text\"><p>Die Borgel-Gruppe bietet ein Praktikum f\u00fcr Studenten an, die sich f\u00fcr technische Systemplanung interessieren. Zu den Aufgaben geh\u00f6ren die Unterst\u00fctzung der Planung, CAD-Konstruktion und Dokumentation. Bewerber sollten ein technisches Interesse, ein Grundverst\u00e4ndnis f\u00fcr technische Zeichnungen und Teamf\u00e4higkeit mitbringen. Zu den Vorteilen geh\u00f6ren praktische Einblicke, ein kollegiales Umfeld und echte Projekterfahrung. Kommen Sie zu uns und sammeln Sie wertvolle Erfahrungen in Konstruktion und Planung.<\/p>\n<\/div>\n            <div class=\"card__bottom\">\n        <a class=\"card__link\" href=\"https:\/\/borgel.com\/de\/construction-worker-2-2-2-2-2\">\n          Jetzt Mehr erfahren          <svg width=\"20\" height=\"20\">\n            <use xlink:href=\"#chevron-right\"><\/use>\n          <\/svg>\n        <\/a>\n      <\/div>\n    <\/div>\n  <\/div>\n<\/li><!-- #post-6552 -->\n\n<li id=\"post-6543\" class=\"news-listing__item news-listing__item--auto col-12 col-md-6 col-xl-3 __js_masonry-item __js_training  post-6543 post type-post status-publish format-standard has-post-thumbnail hentry category-training\">\n  <div class=\"card card--small card--masonry card--news card--news-masonry\">\n        <div class=\"card__image\">\n      <img decoding=\"async\" src=\"https:\/\/borgel.com\/wp-content\/uploads\/2023\/02\/DSC_7573-1920x1280.jpg\" alt=\"Internship \/\/ Industrial Clerk (m\/f\/d)\" \/>\n    <\/div>\n        <div class=\"card__content card__content--full\">\n      <div class=\"card__date\"><\/div>\n      <h3 class=\"card__heading\">Praktikum \/\/ Industriekauffrau:mann (m\/w\/d)<\/h3>\n            <div class=\"card__text\"><p>Die Borgel-Gruppe bietet ein Praktikum f\u00fcr Studenten an, die sich f\u00fcr kaufm\u00e4nnische Prozesse interessieren. Zu den Aufgaben geh\u00f6ren die Unterst\u00fctzung des Tagesgesch\u00e4fts, die Mithilfe bei der Beschaffung und die Mitarbeit an Projekten. Die Bewerber sollten organisiert und zuverl\u00e4ssig sein und die grundlegenden B\u00fcroanwendungen beherrschen. Zu den Vorteilen geh\u00f6ren praktische Erfahrungen, ein kollegiales Umfeld und Einblicke in verschiedene kaufm\u00e4nnische T\u00e4tigkeiten. Kommen Sie zu uns und sammeln Sie wertvolle Erfahrungen im kaufm\u00e4nnischen Bereich.<\/p>\n<\/div>\n            <div class=\"card__bottom\">\n        <a class=\"card__link\" href=\"https:\/\/borgel.com\/de\/construction-worker-2-2-2-2\">\n          Jetzt Mehr erfahren          <svg width=\"20\" height=\"20\">\n            <use xlink:href=\"#chevron-right\"><\/use>\n          <\/svg>\n        <\/a>\n      <\/div>\n    <\/div>\n  <\/div>\n<\/li><!-- #post-6543 -->\n\n<li id=\"post-6537\" class=\"news-listing__item news-listing__item--auto col-12 col-md-6 col-xl-3 __js_masonry-item __js_jobs  post-6537 post type-post status-publish format-standard has-post-thumbnail hentry category-jobs\">\n  <div class=\"card card--small card--masonry card--news card--news-masonry\">\n        <div class=\"card__image\">\n      <img decoding=\"async\" src=\"https:\/\/borgel.com\/wp-content\/uploads\/2023\/02\/shutterstock_1409195639-1920x1280.jpg\" alt=\"HSE Manager (m\/f\/d)\" \/>\n    <\/div>\n        <div class=\"card__content card__content--full\">\n      <div class=\"card__date\"><\/div>\n      <h3 class=\"card__heading\">HSE-Manager:in (m\/w\/d)<\/h3>\n            <div class=\"card__text\"><p>Die Borgel Group sucht einen HSE-Manager (m\/w\/d). Zu den Aufgaben geh\u00f6ren die Entwicklung von Sicherheitskonzepten, die Erstellung von Schulungsunterlagen, die Unterst\u00fctzung bei der SCC-Zertifizierung, die Umsetzung von Sicherheitsma\u00dfnahmen und die Bewertung von Subunternehmern. Bewerber sollten \u00fcber eine kaufm\u00e4nnische Ausbildung oder einen Abschluss, Kenntnisse im Bereich Arbeitssicherheit sowie gute Deutsch- und Englischkenntnisse verf\u00fcgen. Zu den Vorteilen geh\u00f6ren ein sicherer Arbeitsplatz, moderne Technologie, ein junges Team, ein wettbewerbsf\u00e4higes Gehalt, berufliche Weiterentwicklung, flexible Arbeitszeiten, Urlaubsgeld, ein Firmenfahrrad und ein Fitnessprogramm. Begleiten Sie uns auf einer herausfordernden und lohnenden Karriere.<\/p>\n<\/div>\n            <div class=\"card__bottom\">\n        <a class=\"card__link\" href=\"https:\/\/borgel.com\/de\/construction-worker-2-2-2\">\n          Jetzt Mehr erfahren          <svg width=\"20\" height=\"20\">\n            <use xlink:href=\"#chevron-right\"><\/use>\n          <\/svg>\n        <\/a>\n      <\/div>\n    <\/div>\n  <\/div>\n<\/li><!-- #post-6537 -->\n\n<li id=\"post-6530\" class=\"news-listing__item news-listing__item--auto col-12 col-md-6 col-xl-3 __js_masonry-item __js_training  post-6530 post type-post status-publish format-standard has-post-thumbnail hentry category-training\">\n  <div class=\"card card--small card--masonry card--news card--news-masonry\">\n        <div class=\"card__image\">\n      <img decoding=\"async\" src=\"https:\/\/borgel.com\/wp-content\/uploads\/2023\/02\/Borgel_3d_Image_halle-1920x1097.jpg\" alt=\"Dual Study Program in Construction Management (Bachelor of Engineering)\u00a0Working Students, Full-time\" \/>\n    <\/div>\n        <div class=\"card__content card__content--full\">\n      <div class=\"card__date\"><\/div>\n      <h3 class=\"card__heading\">Dualer Studiengang Baumanagement (Bachelor of Engineering) Werkstudent:in, Vollzeit<\/h3>\n            <div class=\"card__text\"><p>Die Borgel-Gruppe bietet in H\u00f6rstel ein Duales Studium im Bereich Baumanagement (B.Eng.) an. Vollzeitt\u00e4tigkeit mit Projektmanagement und kaufm\u00e4nnischen Aufgaben. Vorausgesetzt wird eine Hochschulzugangsberechtigung. <\/p>\n<\/div>\n            <div class=\"card__bottom\">\n        <a class=\"card__link\" href=\"https:\/\/borgel.com\/de\/construction-worker-2-2\">\n          Jetzt Mehr erfahren          <svg width=\"20\" height=\"20\">\n            <use xlink:href=\"#chevron-right\"><\/use>\n          <\/svg>\n        <\/a>\n      <\/div>\n    <\/div>\n  <\/div>\n<\/li><!-- #post-6530 -->\n\n<li id=\"post-6521\" class=\"news-listing__item news-listing__item--auto col-12 col-md-6 col-xl-3 __js_masonry-item __js_jobs  post-6521 post type-post status-publish format-standard has-post-thumbnail hentry category-jobs\">\n  <div class=\"card card--small card--masonry card--news card--news-masonry\">\n        <div class=\"card__image\">\n      <img decoding=\"async\" src=\"https:\/\/borgel.com\/wp-content\/uploads\/2023\/01\/DSC_3564_5_6_7-1920x1272.jpg\" alt=\"Master Roofer (m\/f\/d)\" \/>\n    <\/div>\n        <div class=\"card__content card__content--full\">\n      <div class=\"card__date\"><\/div>\n      <h3 class=\"card__heading\">Dachdeckermeister:in (m\/w\/d)<\/h3>\n            <div class=\"card__text\"><p>Die Borgel-Gruppe sucht einen Dachdeckermeister (m\/w\/d) f\u00fcr eine Vollzeitstelle. Zu den Aufgaben geh\u00f6ren die \u00dcberwachung von Flachdachprojekten, die Leitung von Teams und die Sicherstellung des Projekterfolgs. Die Bewerber sollten zertifizierte Dachdeckermeister sein, flie\u00dfend Englisch und Deutsch sprechen und Erfahrung in der Bauleitung haben. Zu den Vorteilen geh\u00f6ren ein konkurrenzf\u00e4higes Gehalt, flexible Arbeitszeiten, berufliche Weiterentwicklung und ein Firmenwagen. Werden Sie Teil eines dynamischen, technikbegeisterten Teams und \u00fcbernehmen Sie eine sichere und herausfordernde Aufgabe.<\/p>\n<\/div>\n            <div class=\"card__bottom\">\n        <a class=\"card__link\" href=\"https:\/\/borgel.com\/de\/construction-worker-2\">\n          Jetzt Mehr erfahren          <svg width=\"20\" height=\"20\">\n            <use xlink:href=\"#chevron-right\"><\/use>\n          <\/svg>\n        <\/a>\n      <\/div>\n    <\/div>\n  <\/div>\n<\/li><!-- #post-6521 -->\n\n<li id=\"post-6378\" class=\"news-listing__item news-listing__item--auto col-12 col-md-6 col-xl-3 __js_masonry-item __js_jobs  post-6378 post type-post status-publish format-standard has-post-thumbnail hentry category-jobs\">\n  <div class=\"card card--small card--masonry card--news card--news-masonry\">\n        <div class=\"card__image\">\n      <img decoding=\"async\" src=\"https:\/\/borgel.com\/wp-content\/uploads\/2023\/02\/DSC_1044-1920x1278.jpg\" alt=\"Initiative application\" \/>\n    <\/div>\n        <div class=\"card__content card__content--full\">\n      <div class=\"card__date\"><\/div>\n      <h3 class=\"card__heading\">Initiativ Bewerbung<\/h3>\n            <div class=\"card__text\"><p>Sind Sie ein echtes Allroundtalent im Metallleichtbau? Sie sind auf der Suche nach einer neuen Herausforderung? Dann sind Sie bei Borgel Elementbau an der richtigen Adresse!<\/p>\n<\/div>\n            <div class=\"card__bottom\">\n        <a class=\"card__link\" href=\"https:\/\/borgel.com\/de\/speculative-application\">\n          Jetzt Mehr erfahren          <svg width=\"20\" height=\"20\">\n            <use xlink:href=\"#chevron-right\"><\/use>\n          <\/svg>\n        <\/a>\n      <\/div>\n    <\/div>\n  <\/div>\n<\/li><!-- #post-6378 -->\n\n<li id=\"post-6043\" class=\"news-listing__item news-listing__item--auto col-12 col-md-6 col-xl-3 __js_masonry-item __js_jobs  post-6043 post type-post status-publish format-standard has-post-thumbnail hentry category-jobs\">\n  <div class=\"card card--small card--masonry card--news card--news-masonry\">\n        <div class=\"card__image\">\n      <img decoding=\"async\" src=\"https:\/\/borgel.com\/wp-content\/uploads\/2023\/02\/DSC_3400_1_2-1920x1274.jpg\" alt=\"Site Manager (m\/f\/d)\" \/>\n    <\/div>\n        <div class=\"card__content card__content--full\">\n      <div class=\"card__date\"><\/div>\n      <h3 class=\"card__heading\">Bauleiter:in (m\/w\/d)<\/h3>\n            <div class=\"card__text\"><p>Als Bauleiter beaufsichtigen Sie alle Aspekte eines Bauprojekts, von der Planung und Budgetierung bis hin zur Koordinierung von Arbeit und Material, und sorgen f\u00fcr eine reibungslose und effiziente Projektabwicklung. Au\u00dferdem sind Sie f\u00fcr die Einhaltung der Sicherheitsvorschriften, die L\u00f6sung von Problemen vor Ort und die Aufrechterhaltung einer klaren Kommunikation zwischen den Beteiligten verantwortlich, um einen erfolgreichen Projektabschluss zu erreichen.<\/p>\n<\/div>\n            <div class=\"card__bottom\">\n        <a class=\"card__link\" href=\"https:\/\/borgel.com\/de\/site-manager-2\">\n          Jetzt Mehr erfahren          <svg width=\"20\" height=\"20\">\n            <use xlink:href=\"#chevron-right\"><\/use>\n          <\/svg>\n        <\/a>\n      <\/div>\n    <\/div>\n  <\/div>\n<\/li><!-- #post-6043 -->\n\n<li id=\"post-6034\" class=\"news-listing__item news-listing__item--auto col-12 col-md-6 col-xl-3 __js_masonry-item __js_training  post-6034 post type-post status-publish format-standard has-post-thumbnail hentry category-training\">\n  <div class=\"card card--small card--masonry card--news card--news-masonry\">\n        <div class=\"card__image\">\n      <img decoding=\"async\" src=\"https:\/\/borgel.com\/wp-content\/uploads\/2023\/04\/BIM_2-1920x1280.jpg\" alt=\"Training Technical systems planner (m\/f\/d)\" \/>\n    <\/div>\n        <div class=\"card__content card__content--full\">\n      <div class=\"card__date\"><\/div>\n      <h3 class=\"card__heading\">Ausbildung Technische\/r Systemplaner\/in (m\/w\/d)<\/h3>\n            <div class=\"card__text\"><p>In der Ausbildung zum technischen Systemplaner im Metallleichtbau lernst du, ma\u00dfgeschneiderte Konstruktionen und Pl\u00e4ne f\u00fcr Metallleichtbaustrukturen zu erstellen. Du arbeitest eng mit Ingenieuren und Fachkr\u00e4ften zusammen, um innovative und effiziente L\u00f6sungen umzusetzen.<\/p>\n<\/div>\n            <div class=\"card__bottom\">\n        <a class=\"card__link\" href=\"https:\/\/borgel.com\/de\/technical-systems-planner-2024\">\n          Jetzt Mehr erfahren          <svg width=\"20\" height=\"20\">\n            <use xlink:href=\"#chevron-right\"><\/use>\n          <\/svg>\n        <\/a>\n      <\/div>\n    <\/div>\n  <\/div>\n<\/li><!-- #post-6034 -->\n\n<li id=\"post-1\" class=\"news-listing__item news-listing__item--auto col-12 col-md-6 col-xl-3 __js_masonry-item __js_join-our-team  post-1 post type-post status-publish format-standard hentry category-join-our-team\">\n  <div class=\"card card--small card--masonry card--news card--news-masonry\">\n        <div class=\"card__content card__content--full\">\n      <div class=\"card__date\"><\/div>\n      <h3 class=\"card__heading\">Jetzt Teil des Teams werden!<\/h3>\n            <div class=\"card__text\"><p>Wir laden dich herzlich ein, Teil unseres Teams zu werden! Unser Unternehmen entwickelt sich kontinuierlich weiter, wie eine Familie, die zusammenh\u00e4lt. Wir stecken uns Ziele und arbeiten engagiert darauf hin, sie zu erreichen.<\/p>\n<\/div>\n            <div class=\"card__bottom\">\n        <a class=\"card__link\" href=\"https:\/\/borgel.com\/de\/join-our-team\">\n          Jetzt Mehr erfahren          <svg width=\"20\" height=\"20\">\n            <use xlink:href=\"#chevron-right\"><\/use>\n          <\/svg>\n        <\/a>\n      <\/div>\n    <\/div>\n  <\/div>\n<\/li><!-- #post-1 -->\n\n<li id=\"post-512\" class=\"news-listing__item news-listing__item--auto col-12 col-md-6 col-xl-3 __js_masonry-item __js_training  post-512 post type-post status-publish format-standard has-post-thumbnail hentry category-training\">\n  <div class=\"card card--small card--masonry card--news card--news-masonry\">\n        <div class=\"card__image\">\n      <img decoding=\"async\" src=\"https:\/\/borgel.com\/wp-content\/uploads\/2023\/02\/Img54270-1920x1278.jpg\" alt=\"Training Industrial clerk (m\/f\/d)\" \/>\n    <\/div>\n        <div class=\"card__content card__content--full\">\n      <div class=\"card__date\"><\/div>\n      <h3 class=\"card__heading\">Ausbildung Industriekauffrau:mann (m\/w\/d)<\/h3>\n            <div class=\"card__text\"><p>Als Industriekaufmann\/frau \u00fcbernimmst du verantwortungsvolle Aufgaben wie die Kalkulation von Angeboten, die Disposition von Maschinen und die interne Buchung von Stoffstr\u00f6men. Mit deinem Beitrag sorgst du f\u00fcr einen reibungslosen Ablauf unserer betrieblichen Prozesse und tr\u00e4gst ma\u00dfgeblich zum Erfolg unserer Projekte bei.<\/p>\n<\/div>\n            <div class=\"card__bottom\">\n        <a class=\"card__link\" href=\"https:\/\/borgel.com\/de\/industrial-clerk\">\n          Jetzt Mehr erfahren          <svg width=\"20\" height=\"20\">\n            <use xlink:href=\"#chevron-right\"><\/use>\n          <\/svg>\n        <\/a>\n      <\/div>\n    <\/div>\n  <\/div>\n<\/li><!-- #post-512 -->\n\n<li id=\"post-73\" class=\"news-listing__item news-listing__item--auto col-12 col-md-6 col-xl-3 __js_masonry-item __js_jobs  post-73 post type-post status-publish format-standard has-post-thumbnail hentry category-jobs\">\n  <div class=\"card card--small card--masonry card--news card--news-masonry\">\n        <div class=\"card__image\">\n      <img decoding=\"async\" src=\"https:\/\/borgel.com\/wp-content\/uploads\/2023\/02\/DSC_7026-1-1920x1280.jpg\" alt=\"Project manager (m\/f\/d) building envelope lightweight metal construction\" \/>\n    <\/div>\n        <div class=\"card__content card__content--full\">\n      <div class=\"card__date\"><\/div>\n      <h3 class=\"card__heading\">Projektleiter:in (m\/w\/d) Geb\u00e4udeh\u00fclle Metallleichtbau<\/h3>\n            <div class=\"card__text\"><p>Als Projektleiter\/in im Metallleichtbau bist du verantwortlich f\u00fcr die erfolgreiche Umsetzung unserer Projekte. Du \u00fcberwachst den gesamten Projektablauf, koordinierst das Team, erstellst Zeitpl\u00e4ne und sorgst f\u00fcr eine reibungslose Kommunikation zwischen den verschiedenen Stakeholdern. Mit deinem Fachwissen und deiner Erfahrung im Metallleichtbau tr\u00e4gst du ma\u00dfgeblich zum Erfolg und zur Qualit\u00e4t unserer Projekte bei.<\/p>\n<\/div>\n            <div class=\"card__bottom\">\n        <a class=\"card__link\" href=\"https:\/\/borgel.com\/de\/project-manager\">\n          Jetzt Mehr erfahren          <svg width=\"20\" height=\"20\">\n            <use xlink:href=\"#chevron-right\"><\/use>\n          <\/svg>\n        <\/a>\n      <\/div>\n    <\/div>\n  <\/div>\n<\/li><!-- #post-73 -->          <\/ul>\n\n                  <\/div>\n\n\t\t\t\t\t\t<\/div>\n\t\t\t\t<\/div>\n\t\t\t\t\t<\/div>\n\t\t<\/div>\n\t\t\t\t\t<\/div>\n\t\t<\/section>\n\t\t\t\t<\/div>","protected":false},"excerpt":{"rendered":"<p>Jobs Alle Ausbildungen Werden Sie Teil unseres Teams! Jobs Monteur (m\/w\/d) Als Monteur im Metallleichtbau sind Sie f\u00fcr die fachgerechte Montage von Metallkonstruktionen verantwortlich. Sie arbeiten im Team, sind pr\u00e4zise und sicher in der Ausf\u00fchrung und tragen zur erfolgreichen Realisierung unserer Projekte bei. Erfahren Sie mehr Technisches... <\/p>\n<div class=\"readmore\"><a href=\"https:\/\/borgel.com\/de\/project-manager\" class=\"btn-link\">Weiterlesen<\/a><\/div>","protected":false},"author":1,"featured_media":0,"parent":0,"menu_order":0,"comment_status":"closed","ping_status":"closed","template":"template-elementor-default.php","meta":{"_acf_changed":false,"footnotes":""},"class_list":["post-503","page","type-page","status-publish","hentry"],"acf":[],"_links":{"self":[{"href":"https:\/\/borgel.com\/de\/wp-json\/wp\/v2\/pages\/503","targetHints":{"allow":["GET"]}}],"collection":[{"href":"https:\/\/borgel.com\/de\/wp-json\/wp\/v2\/pages"}],"about":[{"href":"https:\/\/borgel.com\/de\/wp-json\/wp\/v2\/types\/page"}],"author":[{"embeddable":true,"href":"https:\/\/borgel.com\/de\/wp-json\/wp\/v2\/users\/1"}],"replies":[{"embeddable":true,"href":"https:\/\/borgel.com\/de\/wp-json\/wp\/v2\/comments?post=503"}],"version-history":[{"count":11,"href":"https:\/\/borgel.com\/de\/wp-json\/wp\/v2\/pages\/503\/revisions"}],"predecessor-version":[{"id":6076,"href":"https:\/\/borgel.com\/de\/wp-json\/wp\/v2\/pages\/503\/revisions\/6076"}],"wp:attachment":[{"href":"https:\/\/borgel.com\/de\/wp-json\/wp\/v2\/media?parent=503"}],"curies":[{"name":"wp","href":"https:\/\/api.w.org\/{rel}","templated":true}]}}