{"id":5351,"date":"2023-05-30T10:13:06","date_gmt":"2023-05-30T10:13:06","guid":{"rendered":"https:\/\/borgel.com\/?page_id=5351"},"modified":"2023-05-30T11:40:39","modified_gmt":"2023-05-30T11:40:39","slug":"news-04","status":"publish","type":"page","link":"https:\/\/borgel.com\/de\/news-04","title":{"rendered":"Nachrichten-neue Website"},"content":{"rendered":"<div data-elementor-type=\"wp-page\" data-elementor-id=\"5351\" class=\"elementor elementor-5351\" data-elementor-post-type=\"page\">\n\t\t\t\t\t\t<section class=\"elementor-section elementor-top-section elementor-element elementor-element-24f918b elementor-section-full_width elementor-section-height-default elementor-section-height-default wpr-particle-no wpr-jarallax-no wpr-parallax-no wpr-sticky-section-no wpr-equal-height-no\" data-id=\"24f918b\" data-element_type=\"section\" data-e-type=\"section\">\n\t\t\t\t\t\t<div class=\"elementor-container elementor-column-gap-no\">\n\t\t\t\t\t<div class=\"elementor-column elementor-col-100 elementor-top-column elementor-element elementor-element-c77494c\" data-id=\"c77494c\" data-element_type=\"column\" data-e-type=\"column\">\n\t\t\t<div class=\"elementor-widget-wrap elementor-element-populated\">\n\t\t\t\t\t\t<div class=\"elementor-element elementor-element-794f13e elementor-widget elementor-widget-larson-intro\" data-id=\"794f13e\" data-element_type=\"widget\" data-e-type=\"widget\" data-widget_type=\"larson-intro.default\">\n\t\t\t\t<div class=\"elementor-widget-container\">\n\t\t\t\t\t\n\t\t<article class=\"article\">\n\t        <header class=\"article__header\">\n\t          <div class=\"container\">\n\t            \t            <h1 class=\"article__heading heading heading--size-large\">\n\t            \t<span >\n\t\t\t\t\t\tNEWS\t\t\t\t\t<\/span>\n\t            <\/h1>\n\t            \t            \t            <div class=\"article__header-text\">\n\t            \t<span >\n\t\t\t\t\t\tNeue Webseite\t\t\t\t\t<\/span>\n\t            <\/div>\n\t            \t          <\/div>\n\t        <\/header>\n\t        \t        <div class=\"article__single-service-image container\">\n\t          <img decoding=\"async\" src=\"https:\/\/borgel.com\/wp-content\/uploads\/2023\/05\/3574386_65734-1920x1080.jpg\" alt=\"\" \/>\n\t        <\/div>\n\t        \t    <\/article>\n\n\t\t\t\t\t\t<\/div>\n\t\t\t\t<\/div>\n\t\t\t\t\t<\/div>\n\t\t<\/div>\n\t\t\t\t\t<\/div>\n\t\t<\/section>\n\t\t\t\t<section class=\"elementor-section elementor-top-section elementor-element elementor-element-e61b6a8 elementor-section-full_width elementor-section-height-default elementor-section-height-default wpr-particle-no wpr-jarallax-no wpr-parallax-no wpr-sticky-section-no wpr-equal-height-no\" data-id=\"e61b6a8\" data-element_type=\"section\" data-e-type=\"section\">\n\t\t\t\t\t\t<div class=\"elementor-container elementor-column-gap-no\">\n\t\t\t\t\t<div class=\"elementor-column elementor-col-100 elementor-top-column elementor-element elementor-element-957378c\" data-id=\"957378c\" data-element_type=\"column\" data-e-type=\"column\">\n\t\t\t<div class=\"elementor-widget-wrap elementor-element-populated\">\n\t\t\t\t\t\t<div class=\"elementor-element elementor-element-25b14ea elementor-widget elementor-widget-larson-service-description\" data-id=\"25b14ea\" data-element_type=\"widget\" data-e-type=\"widget\" data-widget_type=\"larson-service-description.default\">\n\t\t\t\t<div class=\"elementor-widget-container\">\n\t\t\t\t\t\n\t\t\t\t<div class=\"article__main article__main--width-small container\">\n          <div class=\"single-service-block\">\n          \t<div >\n\t\t\t\t<h2>Neue Webseite<\/h2><p>Neue Webseite von Borgel Elementbau ist jetzt online<\/p><p class=\"p1\" dir=\"auto\">Borgel Elementbau freut sich, die Einf\u00fchrung unserer neuen Webseite bekannt zu geben. Mit einer modernen und benutzerfreundlichen Oberfl\u00e4che bieten wir unseren Besuchern ein verbessertes Online-Erlebnis.<br \/><br \/>Die neue Webseite pr\u00e4sentiert detaillierte Informationen \u00fcber unsere Leistungen und Expertise im Bereich Geb\u00e4udeh\u00fclle und Metallleichtbau. Besucher k\u00f6nnen sich \u00fcber unsere Projekte informieren und einen Einblick in unsere bisherigen Erfolge erhalten.<br \/><br \/>Ein besonderes Augenmerk haben wir auf eine benutzerfreundliche Navigation gelegt, um es unseren Kunden und Partnern zu erm\u00f6glichen, schnell und einfach die gew\u00fcnschten Informationen zu finden.<br \/><br \/>Die neue Webseite bietet zudem die M\u00f6glichkeit, direkt mit unserem Team in Kontakt zu treten. Wir freuen uns auf Anfragen, Anregungen oder Feedback.<\/p>\t\t\t<\/div>\n\t\t  <\/div>\n\t\t<\/div>\n\t\t\n\t\t\t\t\t\t<\/div>\n\t\t\t\t<\/div>\n\t\t\t\t\t<\/div>\n\t\t<\/div>\n\t\t\t\t\t<\/div>\n\t\t<\/section>\n\t\t\t\t<\/div>","protected":false},"excerpt":{"rendered":"<p>NEWS Neue Website Neue Website Neue Website von Borgel Elementbau ist jetzt live Borgel Elementbau freut sich, den Start unserer neuen Website bekannt zu geben. Mit einer modernen und benutzerfreundlichen Oberfl\u00e4che wollen wir unseren Besuchern ein verbessertes Online-Erlebnis bieten. Auf der neuen Website finden Sie detaillierte Informationen \u00fcber unsere... <\/p>\n<div class=\"readmore\"><a href=\"https:\/\/borgel.com\/de\/news-04\" class=\"btn-link\">Weiterlesen<\/a><\/div>","protected":false},"author":1,"featured_media":0,"parent":0,"menu_order":0,"comment_status":"closed","ping_status":"closed","template":"template-elementor-default.php","meta":{"_acf_changed":false,"footnotes":""},"class_list":["post-5351","page","type-page","status-publish","hentry"],"acf":[],"_links":{"self":[{"href":"https:\/\/borgel.com\/de\/wp-json\/wp\/v2\/pages\/5351","targetHints":{"allow":["GET"]}}],"collection":[{"href":"https:\/\/borgel.com\/de\/wp-json\/wp\/v2\/pages"}],"about":[{"href":"https:\/\/borgel.com\/de\/wp-json\/wp\/v2\/types\/page"}],"author":[{"embeddable":true,"href":"https:\/\/borgel.com\/de\/wp-json\/wp\/v2\/users\/1"}],"replies":[{"embeddable":true,"href":"https:\/\/borgel.com\/de\/wp-json\/wp\/v2\/comments?post=5351"}],"version-history":[{"count":4,"href":"https:\/\/borgel.com\/de\/wp-json\/wp\/v2\/pages\/5351\/revisions"}],"predecessor-version":[{"id":5356,"href":"https:\/\/borgel.com\/de\/wp-json\/wp\/v2\/pages\/5351\/revisions\/5356"}],"wp:attachment":[{"href":"https:\/\/borgel.com\/de\/wp-json\/wp\/v2\/media?parent=5351"}],"curies":[{"name":"wp","href":"https:\/\/api.w.org\/{rel}","templated":true}]}}