{"id":5559,"date":"2022-06-15T10:01:38","date_gmt":"2022-06-15T10:01:38","guid":{"rendered":"https:\/\/borgel.com\/?page_id=5559"},"modified":"2023-06-19T07:30:44","modified_gmt":"2023-06-19T07:30:44","slug":"news-05","status":"publish","type":"page","link":"https:\/\/borgel.com\/de\/news-05","title":{"rendered":"News-Award als \"Subunternehmer des Monats\" f\u00fcr Borgel Elementbau"},"content":{"rendered":"<div data-elementor-type=\"wp-page\" data-elementor-id=\"5559\" class=\"elementor elementor-5559\" data-elementor-post-type=\"page\">\n\t\t\t\t\t\t<section class=\"elementor-section elementor-top-section elementor-element elementor-element-24f918b elementor-section-full_width elementor-section-height-default elementor-section-height-default wpr-particle-no wpr-jarallax-no wpr-parallax-no wpr-sticky-section-no\" data-id=\"24f918b\" data-element_type=\"section\" data-e-type=\"section\">\n\t\t\t\t\t\t<div class=\"elementor-container elementor-column-gap-no\">\n\t\t\t\t\t<div class=\"elementor-column elementor-col-100 elementor-top-column elementor-element elementor-element-c77494c\" data-id=\"c77494c\" data-element_type=\"column\" data-e-type=\"column\">\n\t\t\t<div class=\"elementor-widget-wrap elementor-element-populated\">\n\t\t\t\t\t\t<div class=\"elementor-element elementor-element-794f13e elementor-widget elementor-widget-larson-intro\" data-id=\"794f13e\" data-element_type=\"widget\" data-e-type=\"widget\" data-widget_type=\"larson-intro.default\">\n\t\t\t\t<div class=\"elementor-widget-container\">\n\t\t\t\t\t\n\t\t<article class=\"article\">\n\t        <header class=\"article__header\">\n\t          <div class=\"container\">\n\t            \t            <h1 class=\"article__heading heading heading--size-large\">\n\t            \t<span >\n\t\t\t\t\t\tNEWS\t\t\t\t\t<\/span>\n\t            <\/h1>\n\t            \t            \t            <div class=\"article__header-text\">\n\t            \t<span >\n\t\t\t\t\t\tAuszeichnung als \u201eSub-Contractor oft the Month\u201c f\u00fcr Borgel Elementbau\t\t\t\t\t<\/span>\n\t            <\/div>\n\t            \t          <\/div>\n\t        <\/header>\n\t        \t        <div class=\"article__single-service-image container\">\n\t          <img decoding=\"async\" src=\"https:\/\/borgel.com\/wp-content\/uploads\/2023\/06\/Juni-2022-1920x1080.jpg\" alt=\"\" \/>\n\t        <\/div>\n\t        \t    <\/article>\n\n\t\t\t\t\t\t<\/div>\n\t\t\t\t<\/div>\n\t\t\t\t\t<\/div>\n\t\t<\/div>\n\t\t\t\t\t<\/div>\n\t\t<\/section>\n\t\t\t\t<section class=\"elementor-section elementor-top-section elementor-element elementor-element-e61b6a8 elementor-section-full_width elementor-section-height-default elementor-section-height-default wpr-particle-no wpr-jarallax-no wpr-parallax-no wpr-sticky-section-no\" data-id=\"e61b6a8\" data-element_type=\"section\" data-e-type=\"section\">\n\t\t\t\t\t\t<div class=\"elementor-container elementor-column-gap-no\">\n\t\t\t\t\t<div class=\"elementor-column elementor-col-100 elementor-top-column elementor-element elementor-element-957378c\" data-id=\"957378c\" data-element_type=\"column\" data-e-type=\"column\">\n\t\t\t<div class=\"elementor-widget-wrap elementor-element-populated\">\n\t\t\t\t\t\t<div class=\"elementor-element elementor-element-25b14ea elementor-widget elementor-widget-larson-service-description\" data-id=\"25b14ea\" data-element_type=\"widget\" data-e-type=\"widget\" data-widget_type=\"larson-service-description.default\">\n\t\t\t\t<div class=\"elementor-widget-container\">\n\t\t\t\t\t\n\t\t\t\t<div class=\"article__main article__main--width-small container\">\n          <div class=\"single-service-block\">\n          \t<div >\n\t\t\t\t<h1>Auszeichnung als \u201eSub-Contractor of the Month\u201c f\u00fcr Borgel Elementbau<\/h1><p>Das Baunternehmen \u201eCollen GmbH\u201c, das in Hessen ein Datencenter errichtet, hat Borgel Elementbau als \u201eSub-Contractor oft the Month\u201c ausgezeichnet. Ausschlaggebend war die anhaltend gute Qualit\u00e4tsarbeit des Borgel-Teams in seinem Leistungsbereich. Das rund 200 Jahre alte irische Stamm-Unternehmen ist bekannt daf\u00fcr, dass es Qualit\u00e4tsanspr\u00fcche verfolgt, die die Erwartungen der Kunden noch \u00fcbertreffen. Daher legt auch das deutscheTochterunternehmen \u201eCollen GmbH\u201c sehr viel Wert auf eine qualitativ hochwertige Leistungsausf\u00fchrung seiner Subunternehmen.\n\nF\u00fcr die Collen GmbH errichtet Borgel Elementbau beim Datencenter u. a. Wandfassaden, Fenstereinbauten, Lichtb\u00e4nder, RWAs, Bel\u00fcftungsklappen, Wetterschutzgitter, schusssichere Fassadenbereiche sowie T\u00fcren und Vordach im Eingangsbereich.<\/p>\t\t\t<\/div>\n\t\t  <\/div>\n\t\t<\/div>\n\t\t\n\t\t\t\t\t\t<\/div>\n\t\t\t\t<\/div>\n\t\t\t\t\t<\/div>\n\t\t<\/div>\n\t\t\t\t\t<\/div>\n\t\t<\/section>\n\t\t\t\t<\/div>","protected":false},"excerpt":{"rendered":"<p>NEWS Auszeichnung als \"Nachunternehmer des Monats\" Auszeichnung als \"Nachunternehmer des Monats\" f\u00fcr Borgel Elementbau Das Bauunternehmen \"Collen GmbH\", das in Hessen ein Rechenzentrum baut, hat Borgel Elementbau als \"Nachunternehmer des Monats\" ausgezeichnet. Ausschlaggebend war die konstant gute Qualit\u00e4tsarbeit der Borgel Elementbau... <\/p>\n<div class=\"readmore\"><a href=\"https:\/\/borgel.com\/de\/news-05\" class=\"btn-link\">Weiterlesen<\/a><\/div>","protected":false},"author":1,"featured_media":0,"parent":0,"menu_order":0,"comment_status":"closed","ping_status":"closed","template":"template-elementor-default.php","meta":{"_acf_changed":false,"footnotes":""},"class_list":["post-5559","page","type-page","status-publish","hentry"],"acf":[],"_links":{"self":[{"href":"https:\/\/borgel.com\/de\/wp-json\/wp\/v2\/pages\/5559","targetHints":{"allow":["GET"]}}],"collection":[{"href":"https:\/\/borgel.com\/de\/wp-json\/wp\/v2\/pages"}],"about":[{"href":"https:\/\/borgel.com\/de\/wp-json\/wp\/v2\/types\/page"}],"author":[{"embeddable":true,"href":"https:\/\/borgel.com\/de\/wp-json\/wp\/v2\/users\/1"}],"replies":[{"embeddable":true,"href":"https:\/\/borgel.com\/de\/wp-json\/wp\/v2\/comments?post=5559"}],"version-history":[{"count":11,"href":"https:\/\/borgel.com\/de\/wp-json\/wp\/v2\/pages\/5559\/revisions"}],"predecessor-version":[{"id":5636,"href":"https:\/\/borgel.com\/de\/wp-json\/wp\/v2\/pages\/5559\/revisions\/5636"}],"wp:attachment":[{"href":"https:\/\/borgel.com\/de\/wp-json\/wp\/v2\/media?parent=5559"}],"curies":[{"name":"wp","href":"https:\/\/api.w.org\/{rel}","templated":true}]}}