{"id":5561,"date":"2022-07-15T10:02:58","date_gmt":"2022-07-15T10:02:58","guid":{"rendered":"https:\/\/borgel.com\/?page_id=5561"},"modified":"2023-06-19T06:46:03","modified_gmt":"2023-06-19T06:46:03","slug":"news-06","status":"publish","type":"page","link":"https:\/\/borgel.com\/de\/news-06","title":{"rendered":"News-BAYER Safety Award f\u00fcr unseren Subunternehmer, Lob f\u00fcr unser Gesundheits- und Sicherheitsmanagement"},"content":{"rendered":"<div data-elementor-type=\"wp-page\" data-elementor-id=\"5561\" class=\"elementor elementor-5561\" data-elementor-post-type=\"page\">\n\t\t\t\t\t\t<section class=\"elementor-section elementor-top-section elementor-element elementor-element-24f918b elementor-section-full_width elementor-section-height-default elementor-section-height-default wpr-particle-no wpr-jarallax-no wpr-parallax-no wpr-sticky-section-no wpr-equal-height-no\" data-id=\"24f918b\" data-element_type=\"section\" data-e-type=\"section\">\n\t\t\t\t\t\t<div class=\"elementor-container elementor-column-gap-no\">\n\t\t\t\t\t<div class=\"elementor-column elementor-col-100 elementor-top-column elementor-element elementor-element-c77494c\" data-id=\"c77494c\" data-element_type=\"column\" data-e-type=\"column\">\n\t\t\t<div class=\"elementor-widget-wrap elementor-element-populated\">\n\t\t\t\t\t\t<div class=\"elementor-element elementor-element-794f13e elementor-widget elementor-widget-larson-intro\" data-id=\"794f13e\" data-element_type=\"widget\" data-e-type=\"widget\" data-widget_type=\"larson-intro.default\">\n\t\t\t\t<div class=\"elementor-widget-container\">\n\t\t\t\t\t\n\t\t<article class=\"article\">\n\t        <header class=\"article__header\">\n\t          <div class=\"container\">\n\t            \t            <h1 class=\"article__heading heading heading--size-large\">\n\t            \t<span >\n\t\t\t\t\t\tNEWS\t\t\t\t\t<\/span>\n\t            <\/h1>\n\t            \t            \t            <div class=\"article__header-text\">\n\t            \t<span >\n\t\t\t\t\t\tBAYER Sicherheits-Preis f\u00fcr unser Subunternehmen,\nLob f\u00fcr unser Health- and Safety-Management\t\t\t\t\t<\/span>\n\t            <\/div>\n\t            \t          <\/div>\n\t        <\/header>\n\t        \t        <div class=\"article__single-service-image container\">\n\t          <img decoding=\"async\" src=\"https:\/\/borgel.com\/wp-content\/uploads\/2023\/06\/Juli-2022.jpg\" alt=\"\" \/>\n\t        <\/div>\n\t        \t    <\/article>\n\n\t\t\t\t\t\t<\/div>\n\t\t\t\t<\/div>\n\t\t\t\t\t<\/div>\n\t\t<\/div>\n\t\t\t\t\t<\/div>\n\t\t<\/section>\n\t\t\t\t<section class=\"elementor-section elementor-top-section elementor-element elementor-element-e61b6a8 elementor-section-full_width elementor-section-height-default elementor-section-height-default wpr-particle-no wpr-jarallax-no wpr-parallax-no wpr-sticky-section-no wpr-equal-height-no\" data-id=\"e61b6a8\" data-element_type=\"section\" data-e-type=\"section\">\n\t\t\t\t\t\t<div class=\"elementor-container elementor-column-gap-no\">\n\t\t\t\t\t<div class=\"elementor-column elementor-col-100 elementor-top-column elementor-element elementor-element-957378c\" data-id=\"957378c\" data-element_type=\"column\" data-e-type=\"column\">\n\t\t\t<div class=\"elementor-widget-wrap elementor-element-populated\">\n\t\t\t\t\t\t<div class=\"elementor-element elementor-element-25b14ea elementor-widget elementor-widget-larson-service-description\" data-id=\"25b14ea\" data-element_type=\"widget\" data-e-type=\"widget\" data-widget_type=\"larson-service-description.default\">\n\t\t\t\t<div class=\"elementor-widget-container\">\n\t\t\t\t\t\n\t\t\t\t<div class=\"article__main article__main--width-small container\">\n          <div class=\"single-service-block\">\n          \t<div >\n\t\t\t\t<h1>BAYER Sicherheits-Preis f\u00fcr unser Subunternehmen,\nLob f\u00fcr unser Health- and Safety-Management<\/h1><p>Sylwester Sowinski von unserem Subunternehmen BAF wurde am 06.07.2022 f\u00fcr sein vorbildliches und\nsicheres Arbeiten am Bauprojekt SOL-1 vom Bauherrn BAYER AG mit dem \u201eBAYER-Construction Safety Award\u201c ausgezeichnet. In diesem Zusammenhang lobten die BAYER AG und unser direkter Auftraggeber \u201eMainka\u201c das sehr gute Health- and Safety-Management von Borgel Elementbau. Die Gesch\u00e4ftsf\u00fchrung von Borgel Elementbau gratuliert Sylwester Sowinski zu seiner tollen Leistung und bedankt sich zugleich f\u00fcr die gute Vorbereitung der\nHSE-Unterlagen durch Julia Dinges und ihr Team sowie die entsprechende Umsetzung und Kommunikation auf der Baustelle durch Clara Kempken und Nenad Kumbara. Allen Beteiligten vielen Dank f\u00fcr die super Team-Leistung.<\/p>\t\t\t<\/div>\n\t\t  <\/div>\n\t\t<\/div>\n\t\t\n\t\t\t\t\t\t<\/div>\n\t\t\t\t<\/div>\n\t\t\t\t\t<\/div>\n\t\t<\/div>\n\t\t\t\t\t<\/div>\n\t\t<\/section>\n\t\t\t\t<\/div>","protected":false},"excerpt":{"rendered":"<p>NEWS BAYER Safety Award f\u00fcr unseren Subunternehmer &amp; Lob f\u00fcr unser Sicherheits- und Gesundheitsmanagement BAYER Safety Award f\u00fcr unseren Subunternehmer, Lob f\u00fcr unser Sicherheits- und Gesundheitsmanagement Sylwester Sowinski von unserem Subunternehmer BAF wurde am 6. Juli 2022 vom Auftraggeber BAYER AG mit dem \"BAYER-Construction Safety Award\" f\u00fcr... <\/p>\n<div class=\"readmore\"><a href=\"https:\/\/borgel.com\/de\/news-06\" class=\"btn-link\">Weiterlesen<\/a><\/div>","protected":false},"author":1,"featured_media":0,"parent":0,"menu_order":0,"comment_status":"closed","ping_status":"closed","template":"template-elementor-default.php","meta":{"_acf_changed":false,"footnotes":""},"class_list":["post-5561","page","type-page","status-publish","hentry"],"acf":[],"_links":{"self":[{"href":"https:\/\/borgel.com\/de\/wp-json\/wp\/v2\/pages\/5561","targetHints":{"allow":["GET"]}}],"collection":[{"href":"https:\/\/borgel.com\/de\/wp-json\/wp\/v2\/pages"}],"about":[{"href":"https:\/\/borgel.com\/de\/wp-json\/wp\/v2\/types\/page"}],"author":[{"embeddable":true,"href":"https:\/\/borgel.com\/de\/wp-json\/wp\/v2\/users\/1"}],"replies":[{"embeddable":true,"href":"https:\/\/borgel.com\/de\/wp-json\/wp\/v2\/comments?post=5561"}],"version-history":[{"count":6,"href":"https:\/\/borgel.com\/de\/wp-json\/wp\/v2\/pages\/5561\/revisions"}],"predecessor-version":[{"id":5594,"href":"https:\/\/borgel.com\/de\/wp-json\/wp\/v2\/pages\/5561\/revisions\/5594"}],"wp:attachment":[{"href":"https:\/\/borgel.com\/de\/wp-json\/wp\/v2\/media?parent=5561"}],"curies":[{"name":"wp","href":"https:\/\/api.w.org\/{rel}","templated":true}]}}