{"id":5563,"date":"2022-09-15T10:03:45","date_gmt":"2022-09-15T10:03:45","guid":{"rendered":"https:\/\/borgel.com\/?page_id=5563"},"modified":"2023-06-15T10:32:41","modified_gmt":"2023-06-15T10:32:41","slug":"news-07","status":"publish","type":"page","link":"https:\/\/borgel.com\/de\/news-07","title":{"rendered":"News-150 Jahre Palm Paper und Einweihung der gr\u00f6\u00dften Papiermaschine der Welt"},"content":{"rendered":"<div data-elementor-type=\"wp-page\" data-elementor-id=\"5563\" class=\"elementor elementor-5563\" data-elementor-post-type=\"page\">\n\t\t\t\t\t\t<section class=\"elementor-section elementor-top-section elementor-element elementor-element-24f918b elementor-section-full_width elementor-section-height-default elementor-section-height-default wpr-particle-no wpr-jarallax-no wpr-parallax-no wpr-sticky-section-no wpr-equal-height-no\" data-id=\"24f918b\" data-element_type=\"section\" data-e-type=\"section\">\n\t\t\t\t\t\t<div class=\"elementor-container elementor-column-gap-no\">\n\t\t\t\t\t<div class=\"elementor-column elementor-col-100 elementor-top-column elementor-element elementor-element-c77494c\" data-id=\"c77494c\" data-element_type=\"column\" data-e-type=\"column\">\n\t\t\t<div class=\"elementor-widget-wrap elementor-element-populated\">\n\t\t\t\t\t\t<div class=\"elementor-element elementor-element-794f13e elementor-widget elementor-widget-larson-intro\" data-id=\"794f13e\" data-element_type=\"widget\" data-e-type=\"widget\" data-widget_type=\"larson-intro.default\">\n\t\t\t\t<div class=\"elementor-widget-container\">\n\t\t\t\t\t\n\t\t<article class=\"article\">\n\t        <header class=\"article__header\">\n\t          <div class=\"container\">\n\t            \t            <h1 class=\"article__heading heading heading--size-large\">\n\t            \t<span >\n\t\t\t\t\t\tNEWS\t\t\t\t\t<\/span>\n\t            <\/h1>\n\t            \t            \t            <div class=\"article__header-text\">\n\t            \t<span >\n\t\t\t\t\t\t150 Jahre Palm Paper und Einweihung der weltgr\u00f6\u00dften Papiermaschine\t\t\t\t\t<\/span>\n\t            <\/div>\n\t            \t          <\/div>\n\t        <\/header>\n\t        \t        <div class=\"article__single-service-image container\">\n\t          <img decoding=\"async\" src=\"https:\/\/borgel.com\/wp-content\/uploads\/2023\/06\/September-2022-1920x1080.jpg\" alt=\"\" \/>\n\t        <\/div>\n\t        \t    <\/article>\n\n\t\t\t\t\t\t<\/div>\n\t\t\t\t<\/div>\n\t\t\t\t\t<\/div>\n\t\t<\/div>\n\t\t\t\t\t<\/div>\n\t\t<\/section>\n\t\t\t\t<section class=\"elementor-section elementor-top-section elementor-element elementor-element-e61b6a8 elementor-section-full_width elementor-section-height-default elementor-section-height-default wpr-particle-no wpr-jarallax-no wpr-parallax-no wpr-sticky-section-no wpr-equal-height-no\" data-id=\"e61b6a8\" data-element_type=\"section\" data-e-type=\"section\">\n\t\t\t\t\t\t<div class=\"elementor-container elementor-column-gap-no\">\n\t\t\t\t\t<div class=\"elementor-column elementor-col-100 elementor-top-column elementor-element elementor-element-957378c\" data-id=\"957378c\" data-element_type=\"column\" data-e-type=\"column\">\n\t\t\t<div class=\"elementor-widget-wrap elementor-element-populated\">\n\t\t\t\t\t\t<div class=\"elementor-element elementor-element-25b14ea elementor-widget elementor-widget-larson-service-description\" data-id=\"25b14ea\" data-element_type=\"widget\" data-e-type=\"widget\" data-widget_type=\"larson-service-description.default\">\n\t\t\t\t<div class=\"elementor-widget-container\">\n\t\t\t\t\t\n\t\t\t\t<div class=\"article__main article__main--width-small container\">\n          <div class=\"single-service-block\">\n          \t<div >\n\t\t\t\t<h1>150 Jahre Palm Paper und Einweihung der weltgr\u00f6\u00dften Papiermaschine<\/h1><p>Am 16.09.2022 feierte das Unternehmen Palm an seinem Stammsitz in Aalen-Neukochen 150-j\u00e4hriges Jubil\u00e4um und zugleich die Einweihung der aktuell weltweit gr\u00f6\u00dften und modernsten Papiermaschine \u201ePM 5\u201c f\u00fcr Wellpappenrohpapier. Zwischen 2019-2022 wurde die bis dahin bestehende Papierfabrik komplett zur\u00fcckgebaut, und gewisserma\u00dfen um die \u201ePM 5\u201c herum eine v\u00f6llig neue Papierfabrik errichtet. Neben der riesigen Halle f\u00fcr die \u201ePM 5\u201c entstanden zus\u00e4tzlich ein neues Rollenlager, ein neues Kraftwerk auf Basis einer Gasturbine und eine neue Kl\u00e4ranlage. Borgel Elementbau umh\u00fcllte die Neubauten mit Fassadenelementen f\u00fcr 42.000 m2 Dach und 25.500 m2 Wand und sorgte f\u00fcr eine \u201everlustfreie\u201c Dampf-Abluft der Papiermaschinenhalle.<\/p><p><strong>Superlative und Investition f\u00fcr eine erfolgreiche Zukunft:<\/strong> Die 200 Meter lange \u201ePM 5\u201c arbeitet mit einer\nBetriebsgeschwindigkeit von rund 1.800 Meter pro Minute, ihre Kapazit\u00e4t betr\u00e4gt 750.000 t pro Jahr. Ihr\nWasserverbrauch f\u00e4llt deutlich geringer aus als vorherige Modelle und auch der Dampf- und Stromverbrauch wurde optimiert. Im neuen Kraftwerk arbeitet nach dem Prinzip der Kraft-W\u00e4rme-Kopplung eine Hochleistungs-Gasturbine zur Dampf- und Stromproduktion von Siemens, die einen Energienutzungsgrad von 90 Prozent aufweist. Sie ist ebenfalls eine Weltneuheit, die eine h\u00f6here Stromerzeugung und weniger CO2-Aussto\u00df\nerm\u00f6glicht und dar\u00fcber hinaus Lastschwankungen im Stromnetz ausgleichen kann. Im Zusammenspiel mit dem aktuell weltgr\u00f6\u00dften Dampfkessel produziert die Gas- und Stromturbine etwa 80 MW Strom.<\/p><p>Der Maschinenhalle parallel gegen\u00fcber steht das neue, gro\u00dfe Rollenlager. In einer vollautomatisierten\nTransportanlage werden die von der \u201ePM 5\u201c kommenden Papierrollen etikettiert und mit Hilfe von\nF\u00f6rderb\u00e4ndern und Krananlagen in das Rollenlager transportiert. Gelagert in bis zu 15 Meter hohen Stapeln gelangen sie sp\u00e4ter zur Laderampe. Dort werden sie auf Bahnwagons und LKWs geladen und zum Kunden gefahren.<\/p>\t\t\t<\/div>\n\t\t  <\/div>\n\t\t<\/div>\n\t\t\n\t\t\t\t\t\t<\/div>\n\t\t\t\t<\/div>\n\t\t\t\t\t<\/div>\n\t\t<\/div>\n\t\t\t\t\t<\/div>\n\t\t<\/section>\n\t\t\t\t<\/div>","protected":false},"excerpt":{"rendered":"<p>NEWS 150 Jahre Palm Paper &amp; Einweihung der gr\u00f6\u00dften Papiermaschine der Welt 150 Jahre Palm Paper und Einweihung der gr\u00f6\u00dften Papiermaschine der Welt Am 16. September 2022 feierte die Firma Palm an ihrem Stammsitz in Aalen-Neukochen ihr 150-j\u00e4hriges Bestehen und gleichzeitig die Einweihung der... <\/p>\n<div class=\"readmore\"><a href=\"https:\/\/borgel.com\/de\/news-07\" class=\"btn-link\">Weiterlesen<\/a><\/div>","protected":false},"author":1,"featured_media":0,"parent":0,"menu_order":0,"comment_status":"closed","ping_status":"closed","template":"template-elementor-default.php","meta":{"_acf_changed":false,"footnotes":""},"class_list":["post-5563","page","type-page","status-publish","hentry"],"acf":[],"_links":{"self":[{"href":"https:\/\/borgel.com\/de\/wp-json\/wp\/v2\/pages\/5563","targetHints":{"allow":["GET"]}}],"collection":[{"href":"https:\/\/borgel.com\/de\/wp-json\/wp\/v2\/pages"}],"about":[{"href":"https:\/\/borgel.com\/de\/wp-json\/wp\/v2\/types\/page"}],"author":[{"embeddable":true,"href":"https:\/\/borgel.com\/de\/wp-json\/wp\/v2\/users\/1"}],"replies":[{"embeddable":true,"href":"https:\/\/borgel.com\/de\/wp-json\/wp\/v2\/comments?post=5563"}],"version-history":[{"count":4,"href":"https:\/\/borgel.com\/de\/wp-json\/wp\/v2\/pages\/5563\/revisions"}],"predecessor-version":[{"id":5587,"href":"https:\/\/borgel.com\/de\/wp-json\/wp\/v2\/pages\/5563\/revisions\/5587"}],"wp:attachment":[{"href":"https:\/\/borgel.com\/de\/wp-json\/wp\/v2\/media?parent=5563"}],"curies":[{"name":"wp","href":"https:\/\/api.w.org\/{rel}","templated":true}]}}