{"id":5567,"date":"2023-03-31T10:00:40","date_gmt":"2023-03-31T10:00:40","guid":{"rendered":"https:\/\/borgel.com\/?page_id=5567"},"modified":"2023-06-21T10:04:07","modified_gmt":"2023-06-21T10:04:07","slug":"news-08","status":"publish","type":"page","link":"https:\/\/borgel.com\/de\/news-08","title":{"rendered":"News-Borgel Elementbau wird als \"Bauunternehmer des Monats M\u00e4rz 2023\" ausgezeichnet."},"content":{"rendered":"<div data-elementor-type=\"wp-page\" data-elementor-id=\"5567\" class=\"elementor elementor-5567\" data-elementor-post-type=\"page\">\n\t\t\t\t\t\t<section class=\"elementor-section elementor-top-section elementor-element elementor-element-24f918b elementor-section-full_width elementor-section-height-default elementor-section-height-default wpr-particle-no wpr-jarallax-no wpr-parallax-no wpr-sticky-section-no wpr-equal-height-no\" data-id=\"24f918b\" data-element_type=\"section\" data-e-type=\"section\">\n\t\t\t\t\t\t<div class=\"elementor-container elementor-column-gap-no\">\n\t\t\t\t\t<div class=\"elementor-column elementor-col-100 elementor-top-column elementor-element elementor-element-c77494c\" data-id=\"c77494c\" data-element_type=\"column\" data-e-type=\"column\">\n\t\t\t<div class=\"elementor-widget-wrap elementor-element-populated\">\n\t\t\t\t\t\t<div class=\"elementor-element elementor-element-794f13e elementor-widget elementor-widget-larson-intro\" data-id=\"794f13e\" data-element_type=\"widget\" data-e-type=\"widget\" data-widget_type=\"larson-intro.default\">\n\t\t\t\t<div class=\"elementor-widget-container\">\n\t\t\t\t\t\n\t\t<article class=\"article\">\n\t        <header class=\"article__header\">\n\t          <div class=\"container\">\n\t            \t            <h1 class=\"article__heading heading heading--size-large\">\n\t            \t<span >\n\t\t\t\t\t\tNEWS\t\t\t\t\t<\/span>\n\t            <\/h1>\n\t            \t            \t            <div class=\"article__header-text\">\n\t            \t<span >\n\t\t\t\t\t\tContractor of the month M\u00e4rz 2023\n\t\t\t\t\t<\/span>\n\t            <\/div>\n\t            \t          <\/div>\n\t        <\/header>\n\t        \t        <div class=\"article__about-hero container\">\n\t          <img decoding=\"async\" src=\"https:\/\/borgel.com\/wp-content\/uploads\/2023\/06\/Marz-2023-1-1.jpg\" alt=\"\" \/>\n\t        <\/div>\n\t        \t    <\/article>\n\n\t\t\t\t\t\t<\/div>\n\t\t\t\t<\/div>\n\t\t\t\t\t<\/div>\n\t\t<\/div>\n\t\t\t\t\t<\/div>\n\t\t<\/section>\n\t\t\t\t<section class=\"elementor-section elementor-top-section elementor-element elementor-element-e61b6a8 elementor-section-full_width elementor-section-height-default elementor-section-height-default wpr-particle-no wpr-jarallax-no wpr-parallax-no wpr-sticky-section-no wpr-equal-height-no\" data-id=\"e61b6a8\" data-element_type=\"section\" data-e-type=\"section\">\n\t\t\t\t\t\t<div class=\"elementor-container elementor-column-gap-no\">\n\t\t\t\t\t<div class=\"elementor-column elementor-col-100 elementor-top-column elementor-element elementor-element-957378c\" data-id=\"957378c\" data-element_type=\"column\" data-e-type=\"column\">\n\t\t\t<div class=\"elementor-widget-wrap elementor-element-populated\">\n\t\t\t\t\t\t<div class=\"elementor-element elementor-element-25b14ea elementor-widget elementor-widget-larson-service-description\" data-id=\"25b14ea\" data-element_type=\"widget\" data-e-type=\"widget\" data-widget_type=\"larson-service-description.default\">\n\t\t\t\t<div class=\"elementor-widget-container\">\n\t\t\t\t\t\n\t\t\t\t<div class=\"article__main article__main--width-small container\">\n          <div class=\"single-service-block\">\n          \t<div >\n\t\t\t\t<h1>Borgel Elementbau als \u201eContractor oft the month March 2023\u201c ausgezeichnet<\/h1><p>Im Rahmen unserer Arbeiten an einem Datencenter in Hessen wurden wir von unserem Auftraggeber, dem\nGeneralunternehmen \u201eMercury\u201c, als \u201eContrator oft the month March 2023\u201c ausgezeichnet. Ausschlaggebend daf\u00fcr war unser hervorragendes HSE-Management. Unsere Projektverantwortlichen Clara Kempken und Blerim Selimi zeigten dabei auf der Baustelle, dass durch konsequentes und proaktives F\u00fchren und Verhalten eine sorgf\u00e4ltige Einhaltung der Sicherheitsma\u00dfnahmen von allen Teammitgliedern erreicht werden kann. Die\nGesch\u00e4ftsf\u00fchrung von Borgel Elementbau bedankt sich auch bei Julia Dinges und Anna Savkina als Back Office in Sachen HSQE, die ebenfalls einen wesentlichen Erfolgsfaktor darstellen. Ihre Grundlagenarbeit und ihre Team-Unterst\u00fctzung tragen dazu bei, das Borgel Elementbau die h\u00f6chsten Standards in Bezug auf Gesundheit, Qualit\u00e4t\nund Umwelt einhalten kann. Die Gesch\u00e4ftsf\u00fchrung ist stolz auf das gro\u00dfartige Teamwork und bedankt sich bei allen Beteiligten f\u00fcr ihren gro\u00dfartigen Einsatz.<\/p><p>Borgel Elementbau sorgt bei diesem Bauprojekt u. a. \u2002f\u00fcr Wandfassaden auf 5.400 m2, Dachabdichtungen auf 2.800 m2 und liefert \u00e4u\u00dfere Stahlt\u00fcren.<\/p>\t\t\t<\/div>\n\t\t  <\/div>\n\t\t<\/div>\n\t\t\n\t\t\t\t\t\t<\/div>\n\t\t\t\t<\/div>\n\t\t\t\t\t<\/div>\n\t\t<\/div>\n\t\t\t\t\t<\/div>\n\t\t<\/section>\n\t\t\t\t<\/div>","protected":false},"excerpt":{"rendered":"<p>NEWS Auftragnehmer des Monats M\u00e4rz 2023 Borgel Elementbau wurde als \"Auftragnehmer des Monats M\u00e4rz 2023\" ausgezeichnet Im Rahmen unserer Arbeiten an einem Rechenzentrum in Hessen wurden wir von unserem Auftraggeber, dem Generalunternehmer \"Merkur\", als \"Auftragnehmer des Monats M\u00e4rz 2023\" ausgezeichnet. Ausschlaggebend daf\u00fcr war unsere... <\/p>\n<div class=\"readmore\"><a href=\"https:\/\/borgel.com\/de\/news-08\" class=\"btn-link\">Weiterlesen<\/a><\/div>","protected":false},"author":1,"featured_media":0,"parent":0,"menu_order":0,"comment_status":"closed","ping_status":"closed","template":"template-elementor-default.php","meta":{"_acf_changed":false,"footnotes":""},"class_list":["post-5567","page","type-page","status-publish","hentry"],"acf":[],"_links":{"self":[{"href":"https:\/\/borgel.com\/de\/wp-json\/wp\/v2\/pages\/5567","targetHints":{"allow":["GET"]}}],"collection":[{"href":"https:\/\/borgel.com\/de\/wp-json\/wp\/v2\/pages"}],"about":[{"href":"https:\/\/borgel.com\/de\/wp-json\/wp\/v2\/types\/page"}],"author":[{"embeddable":true,"href":"https:\/\/borgel.com\/de\/wp-json\/wp\/v2\/users\/1"}],"replies":[{"embeddable":true,"href":"https:\/\/borgel.com\/de\/wp-json\/wp\/v2\/comments?post=5567"}],"version-history":[{"count":16,"href":"https:\/\/borgel.com\/de\/wp-json\/wp\/v2\/pages\/5567\/revisions"}],"predecessor-version":[{"id":5796,"href":"https:\/\/borgel.com\/de\/wp-json\/wp\/v2\/pages\/5567\/revisions\/5796"}],"wp:attachment":[{"href":"https:\/\/borgel.com\/de\/wp-json\/wp\/v2\/media?parent=5567"}],"curies":[{"name":"wp","href":"https:\/\/api.w.org\/{rel}","templated":true}]}}