{"id":5569,"date":"2023-04-01T10:05:59","date_gmt":"2023-04-01T10:05:59","guid":{"rendered":"https:\/\/borgel.com\/?page_id=5569"},"modified":"2023-06-19T07:15:39","modified_gmt":"2023-06-19T07:15:39","slug":"news-09","status":"publish","type":"page","link":"https:\/\/borgel.com\/de\/news-09","title":{"rendered":"News-Neues Bildungszentrum der Kreishandwerkerschaft Steinfurt Warendorf in Rheine"},"content":{"rendered":"<div data-elementor-type=\"wp-page\" data-elementor-id=\"5569\" class=\"elementor elementor-5569\" data-elementor-post-type=\"page\">\n\t\t\t\t\t\t<section class=\"elementor-section elementor-top-section elementor-element elementor-element-24f918b elementor-section-full_width elementor-section-height-default elementor-section-height-default wpr-particle-no wpr-jarallax-no wpr-parallax-no wpr-sticky-section-no wpr-equal-height-no\" data-id=\"24f918b\" data-element_type=\"section\" data-e-type=\"section\">\n\t\t\t\t\t\t<div class=\"elementor-container elementor-column-gap-no\">\n\t\t\t\t\t<div class=\"elementor-column elementor-col-100 elementor-top-column elementor-element elementor-element-c77494c\" data-id=\"c77494c\" data-element_type=\"column\" data-e-type=\"column\">\n\t\t\t<div class=\"elementor-widget-wrap elementor-element-populated\">\n\t\t\t\t\t\t<div class=\"elementor-element elementor-element-794f13e elementor-widget elementor-widget-larson-intro\" data-id=\"794f13e\" data-element_type=\"widget\" data-e-type=\"widget\" data-widget_type=\"larson-intro.default\">\n\t\t\t\t<div class=\"elementor-widget-container\">\n\t\t\t\t\t\n\t\t<article class=\"article\">\n\t        <header class=\"article__header\">\n\t          <div class=\"container\">\n\t            \t            <h1 class=\"article__heading heading heading--size-large\">\n\t            \t<span >\n\t\t\t\t\t\tNEWS\t\t\t\t\t<\/span>\n\t            <\/h1>\n\t            \t            \t            <div class=\"article__header-text\">\n\t            \t<span >\n\t\t\t\t\t\tNeues Bildungs-Center\t\t\t\t\t<\/span>\n\t            <\/div>\n\t            \t          <\/div>\n\t        <\/header>\n\t        \t        <div class=\"article__single-service-image container\">\n\t          <img decoding=\"async\" src=\"https:\/\/borgel.com\/wp-content\/uploads\/2023\/06\/April-2023.webp\" alt=\"\" \/>\n\t        <\/div>\n\t        \t    <\/article>\n\n\t\t\t\t\t\t<\/div>\n\t\t\t\t<\/div>\n\t\t\t\t\t<\/div>\n\t\t<\/div>\n\t\t\t\t\t<\/div>\n\t\t<\/section>\n\t\t\t\t<section class=\"elementor-section elementor-top-section elementor-element elementor-element-e61b6a8 elementor-section-full_width elementor-section-height-default elementor-section-height-default wpr-particle-no wpr-jarallax-no wpr-parallax-no wpr-sticky-section-no wpr-equal-height-no\" data-id=\"e61b6a8\" data-element_type=\"section\" data-e-type=\"section\">\n\t\t\t\t\t\t<div class=\"elementor-container elementor-column-gap-no\">\n\t\t\t\t\t<div class=\"elementor-column elementor-col-100 elementor-top-column elementor-element elementor-element-957378c\" data-id=\"957378c\" data-element_type=\"column\" data-e-type=\"column\">\n\t\t\t<div class=\"elementor-widget-wrap elementor-element-populated\">\n\t\t\t\t\t\t<div class=\"elementor-element elementor-element-25b14ea elementor-widget elementor-widget-larson-service-description\" data-id=\"25b14ea\" data-element_type=\"widget\" data-e-type=\"widget\" data-widget_type=\"larson-service-description.default\">\n\t\t\t\t<div class=\"elementor-widget-container\">\n\t\t\t\t\t\n\t\t\t\t<div class=\"article__main article__main--width-small container\">\n          <div class=\"single-service-block\">\n          \t<div >\n\t\t\t\t<h1>Neues Bildungs-Center f\u00fcr die Kreishandwerkerschaft Steinfurt Warendorf in Rheine<\/h1><p>Am 28. April 2023 er\u00f6ffnete die Kreishandwerkerschaft Steinfurt Warendorf einen Steinwurf entfernt vom Bahnhof Rheine ihr neues \u201eBildungs-Center\u201c f\u00fcr die \u00fcberbetriebliche Lehrlingsausbildung. In dem modernen\nNeubau entstanden f\u00fcr 138 der insgesamt 256 Handwerk-Ausbildungsbereiche in f\u00fcnf Werkstattbereichen neue, praxisnahe Unterrichtsr\u00e4ume. Borgel Elementbau hat f\u00fcr dieses Geb\u00e4ude die kupferfarbenen Fassadenelemente\ngeliefert und montiert sowie die Einrahmungen f\u00fcr die Sektionaltore angefertigt.<\/p><p><strong>Moderne Werkst\u00e4tten f\u00fcr modernes Handwerk:<\/strong> Notwendig wurde der Neubau, weil die meisten Geb\u00e4ude der Kreishandwerkerschaft in Rheine bereits 60-70 Jahre alt und stark sanierungsbed\u00fcrftig sind. Vorstand und Gesch\u00e4ftsf\u00fchrung entschieden schlie\u00dflich: \u201eEin modernes Handwerk braucht moderne Werkst\u00e4tten!\u201c Auf 4520 m2 und zwei Ebenen entstanden f\u00fcr f\u00fcnf gro\u00dfe Werkstattbereiche drei Hallen f\u00fcr KFZ, zwei f\u00fcr Metall, zwei f\u00fcr Schwei\u00dfen, drei f\u00fcr Elektro und eine f\u00fcr Sanit\u00e4r, Heizung und Klima. Die Schultische und Darstellungsmedien finden direkt in der Werkstatt Platz und die Lehrer*innen k\u00f6nnen z. B. im Kfz-Bereich praxisnah direkt am daneben stehenden Auto unterrichten. Im Geb\u00e4ude befinden sich au\u00dferdem noch Sozial- und Meisterr\u00e4ume sowie weitere Ausbildungs- und Schulungsr\u00e4ume. Pro Jahr sollen hier 6300 Teilnehmende unterrichtet werden.<\/p><p><strong>Alleinstellungsmerkmal:<\/strong> Der bodenst\u00e4ndigen Berufssparte Handwerk entsprechend entstand ein Zweckbau\n\u201eohne goldene Wasserh\u00e4hne\u201c, wie Hauptgesch\u00e4ftsf\u00fchrer Frank Tischner betonte. Eine Besonderheit leistete sich die Kreishandwerkerschaft aber doch: die kupferfarbene Fassade in \u201eSeren Copper\u201c. Frank Tischner freut sich \u00fcber die \u201emutige Farbentscheidung\u201c unter den von Borgel Elementbau pr\u00e4sentierten Farbmustern, die aus seiner Sicht im Endergebnis ein \u201eAlleinstellungsmerkmal\u201c darstellt. Erfreut zeigte sich auch Gesch\u00e4ftsf\u00fchrer Reinhard Kipp, denn trotz vieler Beeintr\u00e4chtigungen durch Corona, Inflation und Energiekrise habe man durch\nenge Baubegleitung und Eingriffe in die Ausf\u00fchrung die geplanten Baukosten nur um 4,8 Prozent \u00fcberschritten.<\/p>\t\t\t<\/div>\n\t\t  <\/div>\n\t\t<\/div>\n\t\t\n\t\t\t\t\t\t<\/div>\n\t\t\t\t<\/div>\n\t\t\t\t\t<\/div>\n\t\t<\/div>\n\t\t\t\t\t<\/div>\n\t\t<\/section>\n\t\t\t\t<\/div>","protected":false},"excerpt":{"rendered":"<p>NEWS Neues Ausbildungszentrum Neues Ausbildungszentrum der Kreishandwerkerschaft Steinfurt Warendorf in Rheine Am 28. April 2023 er\u00f6ffnete die Kreishandwerkerschaft Steinfurt Warendorf ihr neues \"Bildungszentrum\" f\u00fcr die \u00fcberbetriebliche Lehrlingsausbildung nur einen Steinwurf vom Bahnhof Rheine entfernt. In dem modernen Neubau werden neue,... <\/p>\n<div class=\"readmore\"><a href=\"https:\/\/borgel.com\/de\/news-09\" class=\"btn-link\">Weiterlesen<\/a><\/div>","protected":false},"author":1,"featured_media":0,"parent":0,"menu_order":0,"comment_status":"closed","ping_status":"closed","template":"template-elementor-default.php","meta":{"_acf_changed":false,"footnotes":""},"class_list":["post-5569","page","type-page","status-publish","hentry"],"acf":[],"_links":{"self":[{"href":"https:\/\/borgel.com\/de\/wp-json\/wp\/v2\/pages\/5569","targetHints":{"allow":["GET"]}}],"collection":[{"href":"https:\/\/borgel.com\/de\/wp-json\/wp\/v2\/pages"}],"about":[{"href":"https:\/\/borgel.com\/de\/wp-json\/wp\/v2\/types\/page"}],"author":[{"embeddable":true,"href":"https:\/\/borgel.com\/de\/wp-json\/wp\/v2\/users\/1"}],"replies":[{"embeddable":true,"href":"https:\/\/borgel.com\/de\/wp-json\/wp\/v2\/comments?post=5569"}],"version-history":[{"count":7,"href":"https:\/\/borgel.com\/de\/wp-json\/wp\/v2\/pages\/5569\/revisions"}],"predecessor-version":[{"id":5617,"href":"https:\/\/borgel.com\/de\/wp-json\/wp\/v2\/pages\/5569\/revisions\/5617"}],"wp:attachment":[{"href":"https:\/\/borgel.com\/de\/wp-json\/wp\/v2\/media?parent=5569"}],"curies":[{"name":"wp","href":"https:\/\/api.w.org\/{rel}","templated":true}]}}