{"id":5571,"date":"2023-04-30T10:06:29","date_gmt":"2023-04-30T10:06:29","guid":{"rendered":"https:\/\/borgel.com\/?page_id=5571"},"modified":"2023-06-26T11:46:55","modified_gmt":"2023-06-26T11:46:55","slug":"news-10","status":"publish","type":"page","link":"https:\/\/borgel.com\/de\/news-10","title":{"rendered":"News-IFBS Award: 1. Platz f\u00fcr das Team Borgel"},"content":{"rendered":"<div data-elementor-type=\"wp-page\" data-elementor-id=\"5571\" class=\"elementor elementor-5571\" data-elementor-post-type=\"page\">\n\t\t\t\t\t\t<section class=\"elementor-section elementor-top-section elementor-element elementor-element-24f918b elementor-section-full_width elementor-section-height-default elementor-section-height-default wpr-particle-no wpr-jarallax-no wpr-parallax-no wpr-sticky-section-no wpr-equal-height-no\" data-id=\"24f918b\" data-element_type=\"section\" data-e-type=\"section\">\n\t\t\t\t\t\t<div class=\"elementor-container elementor-column-gap-no\">\n\t\t\t\t\t<div class=\"elementor-column elementor-col-100 elementor-top-column elementor-element elementor-element-c77494c\" data-id=\"c77494c\" data-element_type=\"column\" data-e-type=\"column\">\n\t\t\t<div class=\"elementor-widget-wrap elementor-element-populated\">\n\t\t\t\t\t\t<div class=\"elementor-element elementor-element-794f13e elementor-widget elementor-widget-larson-intro\" data-id=\"794f13e\" data-element_type=\"widget\" data-e-type=\"widget\" data-widget_type=\"larson-intro.default\">\n\t\t\t\t<div class=\"elementor-widget-container\">\n\t\t\t\t\t\n\t\t<article class=\"article\">\n\t        <header class=\"article__header\">\n\t          <div class=\"container\">\n\t            \t            <h1 class=\"article__heading heading heading--size-large\">\n\t            \t<span >\n\t\t\t\t\t\tNEWS\t\t\t\t\t<\/span>\n\t            <\/h1>\n\t            \t            \t            <div class=\"article__header-text\">\n\t            \t<span >\n\t\t\t\t\t\tIFBS-Award: 1. Platz f\u00fcr das Borgel-Team\t\t\t\t\t<\/span>\n\t            <\/div>\n\t            \t          <\/div>\n\t        <\/header>\n\t        \t        <div class=\"article__single-service-image container\">\n\t          <img decoding=\"async\" src=\"https:\/\/borgel.com\/wp-content\/uploads\/2023\/06\/2023-05-12-Celle-Mitgliederversammlung-2023-offenblende-FRBI-0241-1920x1080.jpg\" alt=\"\" \/>\n\t        <\/div>\n\t        \t    <\/article>\n\n\t\t\t\t\t\t<\/div>\n\t\t\t\t<\/div>\n\t\t\t\t\t<\/div>\n\t\t<\/div>\n\t\t\t\t\t<\/div>\n\t\t<\/section>\n\t\t\t\t<section class=\"elementor-section elementor-top-section elementor-element elementor-element-e61b6a8 elementor-section-full_width elementor-section-height-default elementor-section-height-default wpr-particle-no wpr-jarallax-no wpr-parallax-no wpr-sticky-section-no wpr-equal-height-no\" data-id=\"e61b6a8\" data-element_type=\"section\" data-e-type=\"section\">\n\t\t\t\t\t\t<div class=\"elementor-container elementor-column-gap-no\">\n\t\t\t\t\t<div class=\"elementor-column elementor-col-100 elementor-top-column elementor-element elementor-element-957378c\" data-id=\"957378c\" data-element_type=\"column\" data-e-type=\"column\">\n\t\t\t<div class=\"elementor-widget-wrap elementor-element-populated\">\n\t\t\t\t\t\t<div class=\"elementor-element elementor-element-25b14ea elementor-widget elementor-widget-larson-service-description\" data-id=\"25b14ea\" data-element_type=\"widget\" data-e-type=\"widget\" data-widget_type=\"larson-service-description.default\">\n\t\t\t\t<div class=\"elementor-widget-container\">\n\t\t\t\t\t\n\t\t\t\t<div class=\"article__main article__main--width-small container\">\n          <div class=\"single-service-block\">\n          \t<div >\n\t\t\t\t<h1>IFBS-Award: 1. Platz f\u00fcr das Borgel-Team<\/h1><p>Unter insgesamt 182 Qualit\u00e4tspr\u00fcfungen durch den Metallleichtbau-Fachverband IFBS erreichte Borgel\nElementbau f\u00fcr seine Arbeit an einem Datencenter in Hessen den 1. Platz beim IFBS-Award 2023! Dieser\nrenommierte Preis w\u00fcrdigt damit die herausragende Teamleistung von Borgel Elementbau und unsere hohen\nQualit\u00e4tsstandards in Planung, Arbeitssicherheit und Ausf\u00fchrung sowie die pr\u00e4zise Einhaltung der IFBSFachregeln.<\/p><p>Die Borgel-Gesch\u00e4ftsf\u00fchrung bedankt sich bei allen Teammitgliedern f\u00fcr die engagierte Arbeit und das\neingebrachte Fachwissen, das zu dieser Auszeichnung gef\u00fchrt hat. Der IFBS-Award st\u00e4rkt zugleich unseren Ruf\nals vertrauensw\u00fcrdiger und kompetenter Partner in der Branche. Wir wollen diese hohen Standards beibehalten\nund unsere Kunden weiterhin mit erstklassigen Leistungen beeindrucken.<\/p>\t\t\t<\/div>\n\t\t  <\/div>\n\t\t<\/div>\n\t\t\n\t\t\t\t\t\t<\/div>\n\t\t\t\t<\/div>\n\t\t\t\t<div class=\"elementor-element elementor-element-800b0dd elementor-widget elementor-widget-spacer\" data-id=\"800b0dd\" data-element_type=\"widget\" data-e-type=\"widget\" data-widget_type=\"spacer.default\">\n\t\t\t\t<div class=\"elementor-widget-container\">\n\t\t\t\t\t\t\t<div class=\"elementor-spacer\">\n\t\t\t<div class=\"elementor-spacer-inner\"><\/div>\n\t\t<\/div>\n\t\t\t\t\t\t<\/div>\n\t\t\t\t<\/div>\n\t\t\t\t\t<\/div>\n\t\t<\/div>\n\t\t\t\t\t<\/div>\n\t\t<\/section>\n\t\t<div class=\"elementor-element elementor-element-6047c2e e-flex e-con-boxed wpr-particle-no wpr-jarallax-no wpr-parallax-no wpr-sticky-section-no wpr-equal-height-no e-con e-parent\" data-id=\"6047c2e\" data-element_type=\"container\" data-e-type=\"container\">\n\t\t\t\t\t<div class=\"e-con-inner\">\n\t\t<div class=\"elementor-element elementor-element-58cfe1e e-con-full e-flex wpr-particle-no wpr-jarallax-no wpr-parallax-no wpr-sticky-section-no wpr-equal-height-no e-con e-parent\" data-id=\"58cfe1e\" data-element_type=\"container\" data-e-type=\"container\">\n\t\t\t\t<div class=\"elementor-element elementor-element-3af36a2 elementor-widget-tablet__width-initial elementor-widget elementor-widget-image\" data-id=\"3af36a2\" data-element_type=\"widget\" data-e-type=\"widget\" data-widget_type=\"image.default\">\n\t\t\t\t<div class=\"elementor-widget-container\">\n\t\t\t\t\t\t\t\t\t\t\t\t\t\t\t<img fetchpriority=\"high\" decoding=\"async\" width=\"900\" height=\"600\" src=\"https:\/\/borgel.com\/wp-content\/uploads\/2023\/06\/2023-05-12-Celle-Mitgliederversammlung-2023-offenblende-FRBI-0240-1024x683.jpg\" class=\"attachment-large size-large wp-image-5939\" alt=\"\" srcset=\"https:\/\/borgel.com\/wp-content\/uploads\/2023\/06\/2023-05-12-Celle-Mitgliederversammlung-2023-offenblende-FRBI-0240-1024x683.jpg 1024w, https:\/\/borgel.com\/wp-content\/uploads\/2023\/06\/2023-05-12-Celle-Mitgliederversammlung-2023-offenblende-FRBI-0240-300x200.jpg 300w, https:\/\/borgel.com\/wp-content\/uploads\/2023\/06\/2023-05-12-Celle-Mitgliederversammlung-2023-offenblende-FRBI-0240-768x512.jpg 768w, https:\/\/borgel.com\/wp-content\/uploads\/2023\/06\/2023-05-12-Celle-Mitgliederversammlung-2023-offenblende-FRBI-0240-1536x1024.jpg 1536w, https:\/\/borgel.com\/wp-content\/uploads\/2023\/06\/2023-05-12-Celle-Mitgliederversammlung-2023-offenblende-FRBI-0240-2048x1365.jpg 2048w, https:\/\/borgel.com\/wp-content\/uploads\/2023\/06\/2023-05-12-Celle-Mitgliederversammlung-2023-offenblende-FRBI-0240-18x12.jpg 18w, https:\/\/borgel.com\/wp-content\/uploads\/2023\/06\/2023-05-12-Celle-Mitgliederversammlung-2023-offenblende-FRBI-0240-900x600.jpg 900w, https:\/\/borgel.com\/wp-content\/uploads\/2023\/06\/2023-05-12-Celle-Mitgliederversammlung-2023-offenblende-FRBI-0240-1200x800.jpg 1200w, https:\/\/borgel.com\/wp-content\/uploads\/2023\/06\/2023-05-12-Celle-Mitgliederversammlung-2023-offenblende-FRBI-0240-1920x1280.jpg 1920w\" sizes=\"(max-width: 900px) 100vw, 900px\" \/>\t\t\t\t\t\t\t\t\t\t\t\t\t\t\t<\/div>\n\t\t\t\t<\/div>\n\t\t\t\t<\/div>\n\t\t<div class=\"elementor-element elementor-element-1e6587a e-con-full e-flex wpr-particle-no wpr-jarallax-no wpr-parallax-no wpr-sticky-section-no wpr-equal-height-no e-con e-parent\" data-id=\"1e6587a\" data-element_type=\"container\" data-e-type=\"container\">\n\t\t\t\t<div class=\"elementor-element elementor-element-613791d elementor-widget elementor-widget-image\" data-id=\"613791d\" data-element_type=\"widget\" data-e-type=\"widget\" data-widget_type=\"image.default\">\n\t\t\t\t<div class=\"elementor-widget-container\">\n\t\t\t\t\t\t\t\t\t\t\t\t\t\t\t<img decoding=\"async\" width=\"900\" height=\"600\" src=\"https:\/\/borgel.com\/wp-content\/uploads\/2023\/06\/2023-05-12-Celle-Mitgliederversammlung-2023-offenblende-FRBI-0236-1024x683.jpg\" class=\"attachment-large size-large wp-image-5935\" alt=\"\" srcset=\"https:\/\/borgel.com\/wp-content\/uploads\/2023\/06\/2023-05-12-Celle-Mitgliederversammlung-2023-offenblende-FRBI-0236-1024x683.jpg 1024w, https:\/\/borgel.com\/wp-content\/uploads\/2023\/06\/2023-05-12-Celle-Mitgliederversammlung-2023-offenblende-FRBI-0236-300x200.jpg 300w, https:\/\/borgel.com\/wp-content\/uploads\/2023\/06\/2023-05-12-Celle-Mitgliederversammlung-2023-offenblende-FRBI-0236-768x512.jpg 768w, https:\/\/borgel.com\/wp-content\/uploads\/2023\/06\/2023-05-12-Celle-Mitgliederversammlung-2023-offenblende-FRBI-0236-1536x1024.jpg 1536w, https:\/\/borgel.com\/wp-content\/uploads\/2023\/06\/2023-05-12-Celle-Mitgliederversammlung-2023-offenblende-FRBI-0236-2048x1365.jpg 2048w, https:\/\/borgel.com\/wp-content\/uploads\/2023\/06\/2023-05-12-Celle-Mitgliederversammlung-2023-offenblende-FRBI-0236-18x12.jpg 18w, https:\/\/borgel.com\/wp-content\/uploads\/2023\/06\/2023-05-12-Celle-Mitgliederversammlung-2023-offenblende-FRBI-0236-900x600.jpg 900w, https:\/\/borgel.com\/wp-content\/uploads\/2023\/06\/2023-05-12-Celle-Mitgliederversammlung-2023-offenblende-FRBI-0236-1200x800.jpg 1200w, https:\/\/borgel.com\/wp-content\/uploads\/2023\/06\/2023-05-12-Celle-Mitgliederversammlung-2023-offenblende-FRBI-0236-1920x1280.jpg 1920w\" sizes=\"(max-width: 900px) 100vw, 900px\" \/>\t\t\t\t\t\t\t\t\t\t\t\t\t\t\t<\/div>\n\t\t\t\t<\/div>\n\t\t\t\t<\/div>\n\t\t\t\t\t<\/div>\n\t\t\t\t<\/div>\n\t\t\t\t<\/div>","protected":false},"excerpt":{"rendered":"<p>NEWS IFBS Award: 1. Platz f\u00fcr das Borgel-Team IFBS Award: 1. Platz f\u00fcr das Borgel-Team Von insgesamt 182 Qualit\u00e4tspr\u00fcfungen des Fachverbandes Metallleichtbau (IFBS) erreichte Borgel Elementbau den 1. Platz beim IFBS Award 2023 f\u00fcr seine Arbeiten an einem Rechenzentrum in... <\/p>\n<div class=\"readmore\"><a href=\"https:\/\/borgel.com\/de\/news-10\" class=\"btn-link\">Weiterlesen<\/a><\/div>","protected":false},"author":1,"featured_media":0,"parent":0,"menu_order":0,"comment_status":"closed","ping_status":"closed","template":"template-elementor-default.php","meta":{"_acf_changed":false,"footnotes":""},"class_list":["post-5571","page","type-page","status-publish","hentry"],"acf":[],"_links":{"self":[{"href":"https:\/\/borgel.com\/de\/wp-json\/wp\/v2\/pages\/5571","targetHints":{"allow":["GET"]}}],"collection":[{"href":"https:\/\/borgel.com\/de\/wp-json\/wp\/v2\/pages"}],"about":[{"href":"https:\/\/borgel.com\/de\/wp-json\/wp\/v2\/types\/page"}],"author":[{"embeddable":true,"href":"https:\/\/borgel.com\/de\/wp-json\/wp\/v2\/users\/1"}],"replies":[{"embeddable":true,"href":"https:\/\/borgel.com\/de\/wp-json\/wp\/v2\/comments?post=5571"}],"version-history":[{"count":7,"href":"https:\/\/borgel.com\/de\/wp-json\/wp\/v2\/pages\/5571\/revisions"}],"predecessor-version":[{"id":5947,"href":"https:\/\/borgel.com\/de\/wp-json\/wp\/v2\/pages\/5571\/revisions\/5947"}],"wp:attachment":[{"href":"https:\/\/borgel.com\/de\/wp-json\/wp\/v2\/media?parent=5571"}],"curies":[{"name":"wp","href":"https:\/\/api.w.org\/{rel}","templated":true}]}}