{"id":6123,"date":"2023-08-22T10:44:06","date_gmt":"2023-08-22T10:44:06","guid":{"rendered":"https:\/\/borgel.com\/?page_id=6123"},"modified":"2023-08-22T10:51:40","modified_gmt":"2023-08-22T10:51:40","slug":"news-11","status":"publish","type":"page","link":"https:\/\/borgel.com\/de\/news-11","title":{"rendered":"Nachrichten-BMI"},"content":{"rendered":"<div data-elementor-type=\"wp-page\" data-elementor-id=\"6123\" class=\"elementor elementor-6123\" data-elementor-post-type=\"page\">\n\t\t\t\t\t\t<section class=\"elementor-section elementor-top-section elementor-element elementor-element-24f918b elementor-section-full_width elementor-section-height-default elementor-section-height-default wpr-particle-no wpr-jarallax-no wpr-parallax-no wpr-sticky-section-no wpr-equal-height-no\" data-id=\"24f918b\" data-element_type=\"section\" data-e-type=\"section\">\n\t\t\t\t\t\t<div class=\"elementor-container elementor-column-gap-no\">\n\t\t\t\t\t<div class=\"elementor-column elementor-col-100 elementor-top-column elementor-element elementor-element-c77494c\" data-id=\"c77494c\" data-element_type=\"column\" data-e-type=\"column\">\n\t\t\t<div class=\"elementor-widget-wrap elementor-element-populated\">\n\t\t\t\t\t\t<div class=\"elementor-element elementor-element-794f13e elementor-widget elementor-widget-larson-intro\" data-id=\"794f13e\" data-element_type=\"widget\" data-e-type=\"widget\" data-widget_type=\"larson-intro.default\">\n\t\t\t\t<div class=\"elementor-widget-container\">\n\t\t\t\t\t\n\t\t<article class=\"article\">\n\t        <header class=\"article__header\">\n\t          <div class=\"container\">\n\t            \t            <h1 class=\"article__heading heading heading--size-large\">\n\t            \t<span >\n\t\t\t\t\t\tNEWS\t\t\t\t\t<\/span>\n\t            <\/h1>\n\t            \t            \t            <div class=\"article__header-text\">\n\t            \t<span >\n\t\t\t\t\t\tBMI: Modellierung von Geb\u00e4udedaten\n\t\t\t\t\t<\/span>\n\t            <\/div>\n\t            \t          <\/div>\n\t        <\/header>\n\t        \t        <div class=\"article__single-service-image container\">\n\t          <img decoding=\"async\" src=\"https:\/\/borgel.com\/wp-content\/uploads\/2023\/02\/Borgel_3d_Image_halle-1920x1080.jpg\" alt=\"\" \/>\n\t        <\/div>\n\t        \t    <\/article>\n\n\t\t\t\t\t\t<\/div>\n\t\t\t\t<\/div>\n\t\t\t\t\t<\/div>\n\t\t<\/div>\n\t\t\t\t\t<\/div>\n\t\t<\/section>\n\t\t\t\t<section class=\"elementor-section elementor-top-section elementor-element elementor-element-e61b6a8 elementor-section-full_width elementor-section-height-default elementor-section-height-default wpr-particle-no wpr-jarallax-no wpr-parallax-no wpr-sticky-section-no wpr-equal-height-no\" data-id=\"e61b6a8\" data-element_type=\"section\" data-e-type=\"section\">\n\t\t\t\t\t\t<div class=\"elementor-container elementor-column-gap-no\">\n\t\t\t\t\t<div class=\"elementor-column elementor-col-100 elementor-top-column elementor-element elementor-element-957378c\" data-id=\"957378c\" data-element_type=\"column\" data-e-type=\"column\">\n\t\t\t<div class=\"elementor-widget-wrap elementor-element-populated\">\n\t\t\t\t\t\t<div class=\"elementor-element elementor-element-25b14ea elementor-widget elementor-widget-larson-service-description\" data-id=\"25b14ea\" data-element_type=\"widget\" data-e-type=\"widget\" data-widget_type=\"larson-service-description.default\">\n\t\t\t\t<div class=\"elementor-widget-container\">\n\t\t\t\t\t\n\t\t\t\t<div class=\"article__main article__main--width-small container\">\n          <div class=\"single-service-block\">\n          \t<div >\n\t\t\t\t<h2><strong>Geb\u00e4udedatenmodellierung (BIM)<\/strong><\/h2><p>Borgel Elementbau setzt auf digitale Innovationen f\u00fcr erfolgreiche Bauprojekte.<\/p><p>Bei Borgel Elementbau haben wir uns ganz bewusst f\u00fcr Building Information Modeling (BIM) entschieden - eine revolution\u00e4re digitale Methode, die die gesamte Art und Weise, wie wir Bauprojekte angehen, v\u00f6llig ver\u00e4ndert hat.<\/p><p>BIM erm\u00f6glicht uns, s\u00e4mtliche relevante Informationen zu einem Bauvorhaben digital in einem intelligenten 3D-Modell Ihres Geb\u00e4udes zu erfassen. Dieses Modell erm\u00f6glicht eine Echtzeit-Zusammenarbeit zwischen Architekten, Ingenieuren und Bauunternehmen, um das Projekt optimal zu gestalten.<\/p><p>Einer der gro\u00dfen Vorteile von BIM liegt darin, dass wir potenzielle Probleme und Abweichungen in der Planung fr\u00fchzeitig erkennen und beheben k\u00f6nnen. Dadurch minimieren wir Fehler und reduzieren unn\u00f6tige Kosten. Durch den gemeinsamen Zugriff auf dieselben Informationen von Anfang an k\u00f6nnen wir Planungs- und Ausf\u00fchrungsprozesse optimal koordinieren.<\/p><p>Unser Engagement f\u00fcr BIM zeigt, dass wir stets bestrebt sind, innovative und zukunftsorientierte L\u00f6sungen anzubieten, die die Bauindustrie nachhaltig verbessern. Bei Borgel Elementbau stehen wir f\u00fcr h\u00f6chste Qualit\u00e4t und Effizienz, und Building Information Modeling ist ein wichtiger Baustein auf unserem Weg zu erfolgreichen und reibungslosen Bauprojekten.<\/p>\t\t\t<\/div>\n\t\t  <\/div>\n\t\t<\/div>\n\t\t\n\t\t\t\t\t\t<\/div>\n\t\t\t\t<\/div>\n\t\t\t\t\t<\/div>\n\t\t<\/div>\n\t\t\t\t\t<\/div>\n\t\t<\/section>\n\t\t<div class=\"elementor-element elementor-element-f11d8b7 e-flex e-con-boxed wpr-particle-no wpr-jarallax-no wpr-parallax-no wpr-sticky-section-no wpr-equal-height-no e-con e-parent\" data-id=\"f11d8b7\" data-element_type=\"container\" data-e-type=\"container\">\n\t\t\t\t\t<div class=\"e-con-inner\">\n\t\t\t\t<div class=\"elementor-element elementor-element-e74d6a9 elementor-widget elementor-widget-spacer\" data-id=\"e74d6a9\" data-element_type=\"widget\" data-e-type=\"widget\" data-widget_type=\"spacer.default\">\n\t\t\t\t<div class=\"elementor-widget-container\">\n\t\t\t\t\t\t\t<div class=\"elementor-spacer\">\n\t\t\t<div class=\"elementor-spacer-inner\"><\/div>\n\t\t<\/div>\n\t\t\t\t\t\t<\/div>\n\t\t\t\t<\/div>\n\t\t\t\t\t<\/div>\n\t\t\t\t<\/div>\n\t\t\t\t<\/div>","protected":false},"excerpt":{"rendered":"<p>NEWS BMI: Building Information Modeling Building Information Modeling (BIM) Borgel Elementbau setzt auf digitale Innovationen f\u00fcr erfolgreiche Bauprojekte. Wir bei Borgel Elementbau haben uns bewusst f\u00fcr Building Information Modeling (BIM) entschieden - eine revolution\u00e4re digitale Methode, die unsere gesamte Herangehensweise an Bauprojekte v\u00f6llig ver\u00e4ndert hat. BIM... <\/p>\n<div class=\"readmore\"><a href=\"https:\/\/borgel.com\/de\/news-11\" class=\"btn-link\">Weiterlesen<\/a><\/div>","protected":false},"author":1,"featured_media":0,"parent":0,"menu_order":0,"comment_status":"closed","ping_status":"closed","template":"template-elementor-default.php","meta":{"_acf_changed":false,"footnotes":""},"class_list":["post-6123","page","type-page","status-publish","hentry"],"acf":[],"_links":{"self":[{"href":"https:\/\/borgel.com\/de\/wp-json\/wp\/v2\/pages\/6123","targetHints":{"allow":["GET"]}}],"collection":[{"href":"https:\/\/borgel.com\/de\/wp-json\/wp\/v2\/pages"}],"about":[{"href":"https:\/\/borgel.com\/de\/wp-json\/wp\/v2\/types\/page"}],"author":[{"embeddable":true,"href":"https:\/\/borgel.com\/de\/wp-json\/wp\/v2\/users\/1"}],"replies":[{"embeddable":true,"href":"https:\/\/borgel.com\/de\/wp-json\/wp\/v2\/comments?post=6123"}],"version-history":[{"count":16,"href":"https:\/\/borgel.com\/de\/wp-json\/wp\/v2\/pages\/6123\/revisions"}],"predecessor-version":[{"id":6139,"href":"https:\/\/borgel.com\/de\/wp-json\/wp\/v2\/pages\/6123\/revisions\/6139"}],"wp:attachment":[{"href":"https:\/\/borgel.com\/de\/wp-json\/wp\/v2\/media?parent=6123"}],"curies":[{"name":"wp","href":"https:\/\/api.w.org\/{rel}","templated":true}]}}