{"id":6159,"date":"2023-08-25T08:49:38","date_gmt":"2023-08-25T08:49:38","guid":{"rendered":"https:\/\/borgel.com\/?page_id=6159"},"modified":"2023-08-25T08:53:36","modified_gmt":"2023-08-25T08:53:36","slug":"news-12","status":"publish","type":"page","link":"https:\/\/borgel.com\/de\/news-12","title":{"rendered":"NewsAusbildung bei Borgel Elementbau!"},"content":{"rendered":"<div data-elementor-type=\"wp-page\" data-elementor-id=\"6159\" class=\"elementor elementor-6159\" data-elementor-post-type=\"page\">\n\t\t\t\t\t\t<section class=\"elementor-section elementor-top-section elementor-element elementor-element-24f918b elementor-section-full_width elementor-section-height-default elementor-section-height-default wpr-particle-no wpr-jarallax-no wpr-parallax-no wpr-sticky-section-no wpr-equal-height-no\" data-id=\"24f918b\" data-element_type=\"section\" data-e-type=\"section\">\n\t\t\t\t\t\t<div class=\"elementor-container elementor-column-gap-no\">\n\t\t\t\t\t<div class=\"elementor-column elementor-col-100 elementor-top-column elementor-element elementor-element-c77494c\" data-id=\"c77494c\" data-element_type=\"column\" data-e-type=\"column\">\n\t\t\t<div class=\"elementor-widget-wrap elementor-element-populated\">\n\t\t\t\t\t\t<div class=\"elementor-element elementor-element-794f13e elementor-widget elementor-widget-larson-intro\" data-id=\"794f13e\" data-element_type=\"widget\" data-e-type=\"widget\" data-widget_type=\"larson-intro.default\">\n\t\t\t\t<div class=\"elementor-widget-container\">\n\t\t\t\t\t\n\t\t<article class=\"article\">\n\t        <header class=\"article__header\">\n\t          <div class=\"container\">\n\t            \t            <h1 class=\"article__heading heading heading--size-large\">\n\t            \t<span >\n\t\t\t\t\t\tNEWS\t\t\t\t\t<\/span>\n\t            <\/h1>\n\t            \t            \t            <div class=\"article__header-text\">\n\t            \t<span >\n\t\t\t\t\t\tEinblicke in unsere Ausbildung bei Borgel Elementbau!\n\t\t\t\t\t<\/span>\n\t            <\/div>\n\t            \t          <\/div>\n\t        <\/header>\n\t        \t        <div class=\"article__single-service-image container\">\n\t          <img decoding=\"async\" src=\"https:\/\/borgel.com\/wp-content\/uploads\/2023\/08\/image_6483441-1920x1080.jpg\" alt=\"\" \/>\n\t        <\/div>\n\t        \t    <\/article>\n\n\t\t\t\t\t\t<\/div>\n\t\t\t\t<\/div>\n\t\t\t\t\t<\/div>\n\t\t<\/div>\n\t\t\t\t\t<\/div>\n\t\t<\/section>\n\t\t\t\t<section class=\"elementor-section elementor-top-section elementor-element elementor-element-e61b6a8 elementor-section-full_width elementor-section-height-default elementor-section-height-default wpr-particle-no wpr-jarallax-no wpr-parallax-no wpr-sticky-section-no wpr-equal-height-no\" data-id=\"e61b6a8\" data-element_type=\"section\" data-e-type=\"section\">\n\t\t\t\t\t\t<div class=\"elementor-container elementor-column-gap-no\">\n\t\t\t\t\t<div class=\"elementor-column elementor-col-100 elementor-top-column elementor-element elementor-element-957378c\" data-id=\"957378c\" data-element_type=\"column\" data-e-type=\"column\">\n\t\t\t<div class=\"elementor-widget-wrap elementor-element-populated\">\n\t\t\t\t\t\t<div class=\"elementor-element elementor-element-25b14ea elementor-widget elementor-widget-larson-service-description\" data-id=\"25b14ea\" data-element_type=\"widget\" data-e-type=\"widget\" data-widget_type=\"larson-service-description.default\">\n\t\t\t\t<div class=\"elementor-widget-container\">\n\t\t\t\t\t\n\t\t\t\t<div class=\"article__main article__main--width-small container\">\n          <div class=\"single-service-block\">\n          \t<div >\n\t\t\t\t<h2>Einblicke in unsere Ausbildung bei Borgel Elementbau!<\/h2><p>Gestern hatten wir das Vergn\u00fcgen, zwei Gruppen von Sch\u00fclern in unserer Einrichtung zu begr\u00fc\u00dfen, die sich \u00fcber die spannenden Ausbildungsm\u00f6glichkeiten bei Borgel informieren konnten.<\/p><p>Bei unserer Betriebsbesichtigung konnten sie einen Blick hinter die Kulissen unseres Unternehmens werfen. Denn die Ausbildung f\u00fcr die Zukunft unseres Unternehmens liegt uns besonders am Herzen. Wir sind stolz darauf, f\u00fcr das Jahr 2024 sowohl technische Systemplaner (m\/w\/d) als auch Industriekaufleute (m\/w\/d) auszubilden.<\/p><p>Wir legen gro\u00dfen Wert darauf, unsere Auszubildenden bestm\u00f6glich zu unterst\u00fctzen. Unsere Unterst\u00fctzung endet nicht mit der Ausbildung: Wir setzen auf kontinuierliche Weiterbildung, um die berufliche Entwicklung unserer Mitarbeiter zu f\u00f6rdern.\u00a0<\/p><p>Und das Beste von allem: Bei Borgel stehen die Chancen, nach der Ausbildung \u00fcbernommen zu werden, mehr als gut!<\/p><p>Interessiert? Unsere aktuellen Stellenausschreibungen finden Sie unter <a href=\"https:\/\/borgel.com\/de\/jobs\/\">borgel.com\/jobs<\/a>.<\/p>\t\t\t<\/div>\n\t\t  <\/div>\n\t\t<\/div>\n\t\t\n\t\t\t\t\t\t<\/div>\n\t\t\t\t<\/div>\n\t\t\t\t\t<\/div>\n\t\t<\/div>\n\t\t\t\t\t<\/div>\n\t\t<\/section>\n\t\t<div class=\"elementor-element elementor-element-f11d8b7 e-flex e-con-boxed wpr-particle-no wpr-jarallax-no wpr-parallax-no wpr-sticky-section-no wpr-equal-height-no e-con e-parent\" data-id=\"f11d8b7\" data-element_type=\"container\" data-e-type=\"container\">\n\t\t\t\t\t<div class=\"e-con-inner\">\n\t\t\t\t<div class=\"elementor-element elementor-element-e74d6a9 elementor-widget elementor-widget-spacer\" data-id=\"e74d6a9\" data-element_type=\"widget\" data-e-type=\"widget\" data-widget_type=\"spacer.default\">\n\t\t\t\t<div class=\"elementor-widget-container\">\n\t\t\t\t\t\t\t<div class=\"elementor-spacer\">\n\t\t\t<div class=\"elementor-spacer-inner\"><\/div>\n\t\t<\/div>\n\t\t\t\t\t\t<\/div>\n\t\t\t\t<\/div>\n\t\t\t\t\t<\/div>\n\t\t\t\t<\/div>\n\t\t<div class=\"elementor-element elementor-element-7fdbab7 e-flex e-con-boxed wpr-particle-no wpr-jarallax-no wpr-parallax-no wpr-sticky-section-no wpr-equal-height-no e-con e-parent\" data-id=\"7fdbab7\" data-element_type=\"container\" data-e-type=\"container\">\n\t\t\t\t\t<div class=\"e-con-inner\">\n\t\t<div class=\"elementor-element elementor-element-f45e32a e-con-full e-flex wpr-particle-no wpr-jarallax-no wpr-parallax-no wpr-sticky-section-no wpr-equal-height-no e-con e-parent\" data-id=\"f45e32a\" data-element_type=\"container\" data-e-type=\"container\">\n\t\t\t\t<div class=\"elementor-element elementor-element-c2da6ed elementor-widget elementor-widget-image\" data-id=\"c2da6ed\" data-element_type=\"widget\" data-e-type=\"widget\" data-widget_type=\"image.default\">\n\t\t\t\t<div class=\"elementor-widget-container\">\n\t\t\t\t\t\t\t\t\t\t\t\t\t\t\t<img fetchpriority=\"high\" decoding=\"async\" width=\"920\" height=\"1080\" src=\"https:\/\/borgel.com\/wp-content\/uploads\/2023\/08\/image_6483441-3-920x1080.jpg\" class=\"attachment-larson_920x1080 size-larson_920x1080 wp-image-6162\" alt=\"\" srcset=\"https:\/\/borgel.com\/wp-content\/uploads\/2023\/08\/image_6483441-3-920x1080.jpg 920w, https:\/\/borgel.com\/wp-content\/uploads\/2023\/08\/image_6483441-3-10x12.jpg 10w\" sizes=\"(max-width: 920px) 100vw, 920px\" \/>\t\t\t\t\t\t\t\t\t\t\t\t\t\t\t<\/div>\n\t\t\t\t<\/div>\n\t\t\t\t<\/div>\n\t\t<div class=\"elementor-element elementor-element-8d92d98 e-con-full e-flex wpr-particle-no wpr-jarallax-no wpr-parallax-no wpr-sticky-section-no wpr-equal-height-no e-con e-parent\" data-id=\"8d92d98\" data-element_type=\"container\" data-e-type=\"container\">\n\t\t\t\t<div class=\"elementor-element elementor-element-8729058 elementor-widget elementor-widget-image\" data-id=\"8729058\" data-element_type=\"widget\" data-e-type=\"widget\" data-widget_type=\"image.default\">\n\t\t\t\t<div class=\"elementor-widget-container\">\n\t\t\t\t\t\t\t\t\t\t\t\t\t\t\t<img decoding=\"async\" width=\"920\" height=\"1080\" src=\"https:\/\/borgel.com\/wp-content\/uploads\/2023\/08\/image_6483441-2-920x1080.jpg\" class=\"attachment-larson_920x1080 size-larson_920x1080 wp-image-6161\" alt=\"\" srcset=\"https:\/\/borgel.com\/wp-content\/uploads\/2023\/08\/image_6483441-2-920x1080.jpg 920w, https:\/\/borgel.com\/wp-content\/uploads\/2023\/08\/image_6483441-2-10x12.jpg 10w\" sizes=\"(max-width: 920px) 100vw, 920px\" \/>\t\t\t\t\t\t\t\t\t\t\t\t\t\t\t<\/div>\n\t\t\t\t<\/div>\n\t\t\t\t<\/div>\n\t\t<div class=\"elementor-element elementor-element-dd52df8 e-con-full e-flex wpr-particle-no wpr-jarallax-no wpr-parallax-no wpr-sticky-section-no wpr-equal-height-no e-con e-parent\" data-id=\"dd52df8\" data-element_type=\"container\" data-e-type=\"container\">\n\t\t\t\t<div class=\"elementor-element elementor-element-6eae201 elementor-widget elementor-widget-image\" data-id=\"6eae201\" data-element_type=\"widget\" data-e-type=\"widget\" data-widget_type=\"image.default\">\n\t\t\t\t<div class=\"elementor-widget-container\">\n\t\t\t\t\t\t\t\t\t\t\t\t\t\t\t<img decoding=\"async\" width=\"920\" height=\"1080\" src=\"https:\/\/borgel.com\/wp-content\/uploads\/2023\/08\/image_6483441-5-920x1080.jpg\" class=\"attachment-larson_920x1080 size-larson_920x1080 wp-image-6164\" alt=\"\" srcset=\"https:\/\/borgel.com\/wp-content\/uploads\/2023\/08\/image_6483441-5-920x1080.jpg 920w, https:\/\/borgel.com\/wp-content\/uploads\/2023\/08\/image_6483441-5-9x12.jpg 9w\" sizes=\"(max-width: 920px) 100vw, 920px\" \/>\t\t\t\t\t\t\t\t\t\t\t\t\t\t\t<\/div>\n\t\t\t\t<\/div>\n\t\t\t\t<\/div>\n\t\t<div class=\"elementor-element elementor-element-c8df615 e-con-full e-flex wpr-particle-no wpr-jarallax-no wpr-parallax-no wpr-sticky-section-no wpr-equal-height-no e-con e-parent\" data-id=\"c8df615\" data-element_type=\"container\" data-e-type=\"container\">\n\t\t\t\t<div class=\"elementor-element elementor-element-9754590 elementor-widget elementor-widget-image\" data-id=\"9754590\" data-element_type=\"widget\" data-e-type=\"widget\" data-widget_type=\"image.default\">\n\t\t\t\t<div class=\"elementor-widget-container\">\n\t\t\t\t\t\t\t\t\t\t\t\t\t\t\t<img loading=\"lazy\" decoding=\"async\" width=\"900\" height=\"900\" src=\"https:\/\/borgel.com\/wp-content\/uploads\/2023\/08\/image_6483441-6-900x900.jpg\" class=\"attachment-larson_900x900 size-larson_900x900 wp-image-6165\" alt=\"\" srcset=\"https:\/\/borgel.com\/wp-content\/uploads\/2023\/08\/image_6483441-6-900x900.jpg 900w, https:\/\/borgel.com\/wp-content\/uploads\/2023\/08\/image_6483441-6-150x150.jpg 150w, https:\/\/borgel.com\/wp-content\/uploads\/2023\/08\/image_6483441-6-800x800.jpg 800w, https:\/\/borgel.com\/wp-content\/uploads\/2023\/08\/image_6483441-6-1080x1080.jpg 1080w\" sizes=\"(max-width: 900px) 100vw, 900px\" \/>\t\t\t\t\t\t\t\t\t\t\t\t\t\t\t<\/div>\n\t\t\t\t<\/div>\n\t\t\t\t<\/div>\n\t\t<div class=\"elementor-element elementor-element-30d1ff0 e-con-full e-flex wpr-particle-no wpr-jarallax-no wpr-parallax-no wpr-sticky-section-no wpr-equal-height-no e-con e-parent\" data-id=\"30d1ff0\" data-element_type=\"container\" data-e-type=\"container\">\n\t\t\t\t<div class=\"elementor-element elementor-element-7485633 elementor-widget elementor-widget-image\" data-id=\"7485633\" data-element_type=\"widget\" data-e-type=\"widget\" data-widget_type=\"image.default\">\n\t\t\t\t<div class=\"elementor-widget-container\">\n\t\t\t\t\t\t\t\t\t\t\t\t\t\t\t<img loading=\"lazy\" decoding=\"async\" width=\"1200\" height=\"800\" src=\"https:\/\/borgel.com\/wp-content\/uploads\/2023\/08\/image_6483441-4-1200x800.jpg\" class=\"attachment-larson_1200x800 size-larson_1200x800 wp-image-6163\" alt=\"\" \/>\t\t\t\t\t\t\t\t\t\t\t\t\t\t\t<\/div>\n\t\t\t\t<\/div>\n\t\t\t\t<\/div>\n\t\t\t\t\t<\/div>\n\t\t\t\t<\/div>\n\t\t<div class=\"elementor-element elementor-element-023a212 e-flex e-con-boxed wpr-particle-no wpr-jarallax-no wpr-parallax-no wpr-sticky-section-no wpr-equal-height-no e-con e-parent\" data-id=\"023a212\" data-element_type=\"container\" data-e-type=\"container\">\n\t\t\t\t\t<div class=\"e-con-inner\">\n\t\t\t\t\t<\/div>\n\t\t\t\t<\/div>\n\t\t\t\t<\/div>","protected":false},"excerpt":{"rendered":"<p>NEWS Einblicke in unsere Ausbildung bei Borgel Elementbau! Einblicke in die Ausbildung bei Borgel Elementbau! Gestern durften wir zwei Sch\u00fclergruppen in unserem Betrieb begr\u00fc\u00dfen, die sich \u00fcber die spannenden Ausbildungsm\u00f6glichkeiten bei Borgel informieren konnten. Bei der Betriebsbesichtigung konnten sie einen Blick hinter die Kulissen unserer... <\/p>\n<div class=\"readmore\"><a href=\"https:\/\/borgel.com\/de\/news-12\" class=\"btn-link\">Weiterlesen<\/a><\/div>","protected":false},"author":1,"featured_media":0,"parent":0,"menu_order":0,"comment_status":"closed","ping_status":"closed","template":"template-elementor-default.php","meta":{"_acf_changed":false,"footnotes":""},"class_list":["post-6159","page","type-page","status-publish","hentry"],"acf":[],"_links":{"self":[{"href":"https:\/\/borgel.com\/de\/wp-json\/wp\/v2\/pages\/6159","targetHints":{"allow":["GET"]}}],"collection":[{"href":"https:\/\/borgel.com\/de\/wp-json\/wp\/v2\/pages"}],"about":[{"href":"https:\/\/borgel.com\/de\/wp-json\/wp\/v2\/types\/page"}],"author":[{"embeddable":true,"href":"https:\/\/borgel.com\/de\/wp-json\/wp\/v2\/users\/1"}],"replies":[{"embeddable":true,"href":"https:\/\/borgel.com\/de\/wp-json\/wp\/v2\/comments?post=6159"}],"version-history":[{"count":4,"href":"https:\/\/borgel.com\/de\/wp-json\/wp\/v2\/pages\/6159\/revisions"}],"predecessor-version":[{"id":6169,"href":"https:\/\/borgel.com\/de\/wp-json\/wp\/v2\/pages\/6159\/revisions\/6169"}],"wp:attachment":[{"href":"https:\/\/borgel.com\/de\/wp-json\/wp\/v2\/media?parent=6159"}],"curies":[{"name":"wp","href":"https:\/\/api.w.org\/{rel}","templated":true}]}}