{"id":6181,"date":"2023-08-28T08:39:23","date_gmt":"2023-08-28T08:39:23","guid":{"rendered":"https:\/\/borgel.com\/?page_id=6181"},"modified":"2023-08-28T08:43:17","modified_gmt":"2023-08-28T08:43:17","slug":"news-13","status":"publish","type":"page","link":"https:\/\/borgel.com\/de\/news-13","title":{"rendered":"News-Zwischen digitaler Innovation und pers\u00f6nlichem Austausch: Borgel Elementbau im Einklang"},"content":{"rendered":"<div data-elementor-type=\"wp-page\" data-elementor-id=\"6181\" class=\"elementor elementor-6181\" data-elementor-post-type=\"page\">\n\t\t\t\t\t\t<section class=\"elementor-section elementor-top-section elementor-element elementor-element-24f918b elementor-section-full_width elementor-section-height-default elementor-section-height-default wpr-particle-no wpr-jarallax-no wpr-parallax-no wpr-sticky-section-no wpr-equal-height-no\" data-id=\"24f918b\" data-element_type=\"section\" data-e-type=\"section\">\n\t\t\t\t\t\t<div class=\"elementor-container elementor-column-gap-no\">\n\t\t\t\t\t<div class=\"elementor-column elementor-col-100 elementor-top-column elementor-element elementor-element-c77494c\" data-id=\"c77494c\" data-element_type=\"column\" data-e-type=\"column\">\n\t\t\t<div class=\"elementor-widget-wrap elementor-element-populated\">\n\t\t\t\t\t\t<div class=\"elementor-element elementor-element-794f13e elementor-widget elementor-widget-larson-intro\" data-id=\"794f13e\" data-element_type=\"widget\" data-e-type=\"widget\" data-widget_type=\"larson-intro.default\">\n\t\t\t\t<div class=\"elementor-widget-container\">\n\t\t\t\t\t\n\t\t<article class=\"article\">\n\t        <header class=\"article__header\">\n\t          <div class=\"container\">\n\t            \t            <h1 class=\"article__heading heading heading--size-large\">\n\t            \t<span >\n\t\t\t\t\t\tNEWS\t\t\t\t\t<\/span>\n\t            <\/h1>\n\t            \t            \t            <div class=\"article__header-text\">\n\t            \t<span >\n\t\t\t\t\t\tZwischen digitaler Innovation und pers\u00f6nlichem Austausch: Borgel Elementbau im Einklang\n\t\t\t\t\t<\/span>\n\t            <\/div>\n\t            \t          <\/div>\n\t        <\/header>\n\t        \t        <div class=\"article__single-service-image container\">\n\t          <img decoding=\"async\" src=\"https:\/\/borgel.com\/wp-content\/uploads\/2023\/02\/DSC_7026-1-1920x1080.jpg\" alt=\"\" \/>\n\t        <\/div>\n\t        \t    <\/article>\n\n\t\t\t\t\t\t<\/div>\n\t\t\t\t<\/div>\n\t\t\t\t\t<\/div>\n\t\t<\/div>\n\t\t\t\t\t<\/div>\n\t\t<\/section>\n\t\t\t\t<section class=\"elementor-section elementor-top-section elementor-element elementor-element-e61b6a8 elementor-section-full_width elementor-section-height-default elementor-section-height-default wpr-particle-no wpr-jarallax-no wpr-parallax-no wpr-sticky-section-no wpr-equal-height-no\" data-id=\"e61b6a8\" data-element_type=\"section\" data-e-type=\"section\">\n\t\t\t\t\t\t<div class=\"elementor-container elementor-column-gap-no\">\n\t\t\t\t\t<div class=\"elementor-column elementor-col-100 elementor-top-column elementor-element elementor-element-957378c\" data-id=\"957378c\" data-element_type=\"column\" data-e-type=\"column\">\n\t\t\t<div class=\"elementor-widget-wrap elementor-element-populated\">\n\t\t\t\t\t\t<div class=\"elementor-element elementor-element-25b14ea elementor-widget elementor-widget-larson-service-description\" data-id=\"25b14ea\" data-element_type=\"widget\" data-e-type=\"widget\" data-widget_type=\"larson-service-description.default\">\n\t\t\t\t<div class=\"elementor-widget-container\">\n\t\t\t\t\t\n\t\t\t\t<div class=\"article__main article__main--width-small container\">\n          <div class=\"single-service-block\">\n          \t<div >\n\t\t\t\t<h2>Zwischen digitaler Innovation und pers\u00f6nlichem Austausch: Borgel Elementbau im Einklang<\/h2><p>Bei Borgel Elementbau stehen wir fest hinter der Bedeutung der Digitalisierung, um eine effiziente und nahtlose Kommunikation zu gew\u00e4hrleisten. Deshalb setzen wir kontinuierlich auf die Einf\u00fchrung neuer Technologien, die uns erm\u00f6glichen, virtuelle Treffen und Besprechungen abzuhalten, unsere Prozesse zu optimieren und unsere Projekte schneller voranzubringen. Die Ausstattung unserer Mitarbeiter mit modernster Technik und die Gestaltung unserer B\u00fcros mit hochmodernen Videokonferenzr\u00e4umen sind ein klares Zeichen daf\u00fcr, dass wir den Fortschritt in der digitalen Welt aktiv nutzen wollen.<\/p><p>Gleichzeitig sind wir uns bewusst, dass pers\u00f6nliche Face-to-Face-Meetings einen unsch\u00e4tzbar hohen Wert haben. In manchen Situationen gibt es einfach keinen Ersatz f\u00fcr den direkten menschlichen Kontakt. Sei es bei wichtigen strategischen Entscheidungen, der kreativen Ideenfindung oder dem intensiven Austausch von Ideen, pers\u00f6nliche Treffen k\u00f6nnen eine ganz andere Dimension der Zusammenarbeit bieten. Wir sch\u00e4tzen die Bedeutung dieser pers\u00f6nlichen Begegnungen und m\u00f6chten sicherstellen, dass sie weiterhin einen festen Platz in unserer Arbeitskultur haben.<\/p><p>Unsere Herangehensweise ist eine ausgewogene Mischung aus den Vorteilen der Digitalisierung und der Wertsch\u00e4tzung f\u00fcr den menschlichen Aspekt. Wir glauben daran, dass diese Kombination uns dabei unterst\u00fctzt, den wachsenden Anforderungen unserer gesch\u00e4tzten Kunden und Stakeholder gerecht zu werden und langfristigen Erfolg zu gew\u00e4hrleisten. Indem wir die Vorteile der Digitalisierung nutzen, bleiben wir agil, flexibel und effizient. Gleichzeitig stellen wir sicher, dass wir die pers\u00f6nliche Verbindung und den pers\u00f6nlichen Austausch aufrechterhalten, um ein starkes Netzwerk aufzubauen und eine vertrauensvolle Beziehung zu unseren Kunden und Partnern zu pflegen.<\/p>\t\t\t<\/div>\n\t\t  <\/div>\n\t\t<\/div>\n\t\t\n\t\t\t\t\t\t<\/div>\n\t\t\t\t<\/div>\n\t\t\t\t\t<\/div>\n\t\t<\/div>\n\t\t\t\t\t<\/div>\n\t\t<\/section>\n\t\t<div class=\"elementor-element elementor-element-f11d8b7 e-flex e-con-boxed wpr-particle-no wpr-jarallax-no wpr-parallax-no wpr-sticky-section-no wpr-equal-height-no e-con e-parent\" data-id=\"f11d8b7\" data-element_type=\"container\" data-e-type=\"container\">\n\t\t\t\t\t<div class=\"e-con-inner\">\n\t\t\t\t<div class=\"elementor-element elementor-element-e74d6a9 elementor-widget elementor-widget-spacer\" data-id=\"e74d6a9\" data-element_type=\"widget\" data-e-type=\"widget\" data-widget_type=\"spacer.default\">\n\t\t\t\t<div class=\"elementor-widget-container\">\n\t\t\t\t\t\t\t<div class=\"elementor-spacer\">\n\t\t\t<div class=\"elementor-spacer-inner\"><\/div>\n\t\t<\/div>\n\t\t\t\t\t\t<\/div>\n\t\t\t\t<\/div>\n\t\t\t\t\t<\/div>\n\t\t\t\t<\/div>\n\t\t\t\t<\/div>","protected":false},"excerpt":{"rendered":"<p>NEWS Zwischen digitaler Innovation und pers\u00f6nlichem Austausch: Borgel Elementbau im Einklang Zwischen digitaler Innovation und pers\u00f6nlichem Austausch: Borgel Elementbau im Einklang Bei Borgel Elementbau stehen wir fest hinter der Bedeutung der Digitalisierung f\u00fcr eine effiziente und nahtlose Kommunikation. Deshalb setzen wir kontinuierlich auf die Einf\u00fchrung neuer Technologien, die es uns erm\u00f6glichen... <\/p>\n<div class=\"readmore\"><a href=\"https:\/\/borgel.com\/de\/news-13\" class=\"btn-link\">Weiterlesen<\/a><\/div>","protected":false},"author":1,"featured_media":0,"parent":0,"menu_order":0,"comment_status":"closed","ping_status":"closed","template":"template-elementor-default.php","meta":{"_acf_changed":false,"footnotes":""},"class_list":["post-6181","page","type-page","status-publish","hentry"],"acf":[],"_links":{"self":[{"href":"https:\/\/borgel.com\/de\/wp-json\/wp\/v2\/pages\/6181","targetHints":{"allow":["GET"]}}],"collection":[{"href":"https:\/\/borgel.com\/de\/wp-json\/wp\/v2\/pages"}],"about":[{"href":"https:\/\/borgel.com\/de\/wp-json\/wp\/v2\/types\/page"}],"author":[{"embeddable":true,"href":"https:\/\/borgel.com\/de\/wp-json\/wp\/v2\/users\/1"}],"replies":[{"embeddable":true,"href":"https:\/\/borgel.com\/de\/wp-json\/wp\/v2\/comments?post=6181"}],"version-history":[{"count":4,"href":"https:\/\/borgel.com\/de\/wp-json\/wp\/v2\/pages\/6181\/revisions"}],"predecessor-version":[{"id":6185,"href":"https:\/\/borgel.com\/de\/wp-json\/wp\/v2\/pages\/6181\/revisions\/6185"}],"wp:attachment":[{"href":"https:\/\/borgel.com\/de\/wp-json\/wp\/v2\/media?parent=6181"}],"curies":[{"name":"wp","href":"https:\/\/api.w.org\/{rel}","templated":true}]}}