{"id":6313,"date":"2024-02-27T12:04:32","date_gmt":"2024-02-27T12:04:32","guid":{"rendered":"https:\/\/borgel.com\/?page_id=6313"},"modified":"2024-02-27T12:06:17","modified_gmt":"2024-02-27T12:06:17","slug":"news-15","status":"publish","type":"page","link":"https:\/\/borgel.com\/de\/news-15","title":{"rendered":"Nachrichten-Frankfurt"},"content":{"rendered":"<div data-elementor-type=\"wp-page\" data-elementor-id=\"6313\" class=\"elementor elementor-6313\" data-elementor-post-type=\"page\">\n\t\t\t\t\t\t<section class=\"elementor-section elementor-top-section elementor-element elementor-element-24f918b elementor-section-full_width elementor-section-height-default elementor-section-height-default wpr-particle-no wpr-jarallax-no wpr-parallax-no wpr-sticky-section-no wpr-equal-height-no\" data-id=\"24f918b\" data-element_type=\"section\" data-e-type=\"section\">\n\t\t\t\t\t\t<div class=\"elementor-container elementor-column-gap-no\">\n\t\t\t\t\t<div class=\"elementor-column elementor-col-100 elementor-top-column elementor-element elementor-element-c77494c\" data-id=\"c77494c\" data-element_type=\"column\" data-e-type=\"column\">\n\t\t\t<div class=\"elementor-widget-wrap elementor-element-populated\">\n\t\t\t\t\t\t<div class=\"elementor-element elementor-element-794f13e elementor-widget elementor-widget-larson-intro\" data-id=\"794f13e\" data-element_type=\"widget\" data-e-type=\"widget\" data-widget_type=\"larson-intro.default\">\n\t\t\t\t<div class=\"elementor-widget-container\">\n\t\t\t\t\t\n\t\t<article class=\"article\">\n\t        <header class=\"article__header\">\n\t          <div class=\"container\">\n\t            \t            <h1 class=\"article__heading heading heading--size-large\">\n\t            \t<span >\n\t\t\t\t\t\tNEWS\t\t\t\t\t<\/span>\n\t            <\/h1>\n\t            \t            \t            <div class=\"article__header-text\">\n\t            \t<span >\n\t\t\t\t\t\t<p>Unser derzeit gr\u00f6\u00dftes Rechenzentrum im Raum Frankfurt<br><\/p>\t\t\t\t\t<\/span>\n\t            <\/div>\n\t            \t          <\/div>\n\t        <\/header>\n\t        \t        <div class=\"article__single-service-image container\">\n\t          <img decoding=\"async\" src=\"https:\/\/borgel.com\/wp-content\/uploads\/2024\/02\/Contractor.png-2.webp\" alt=\"\" \/>\n\t        <\/div>\n\t        \t    <\/article>\n\n\t\t\t\t\t\t<\/div>\n\t\t\t\t<\/div>\n\t\t\t\t\t<\/div>\n\t\t<\/div>\n\t\t\t\t\t<\/div>\n\t\t<\/section>\n\t\t\t\t<section class=\"elementor-section elementor-top-section elementor-element elementor-element-e61b6a8 elementor-section-full_width elementor-section-height-default elementor-section-height-default wpr-particle-no wpr-jarallax-no wpr-parallax-no wpr-sticky-section-no wpr-equal-height-no\" data-id=\"e61b6a8\" data-element_type=\"section\" data-e-type=\"section\">\n\t\t\t\t\t\t<div class=\"elementor-container elementor-column-gap-no\">\n\t\t\t\t\t<div class=\"elementor-column elementor-col-100 elementor-top-column elementor-element elementor-element-957378c\" data-id=\"957378c\" data-element_type=\"column\" data-e-type=\"column\">\n\t\t\t<div class=\"elementor-widget-wrap elementor-element-populated\">\n\t\t\t\t\t\t<div class=\"elementor-element elementor-element-25b14ea elementor-widget elementor-widget-larson-service-description\" data-id=\"25b14ea\" data-element_type=\"widget\" data-e-type=\"widget\" data-widget_type=\"larson-service-description.default\">\n\t\t\t\t<div class=\"elementor-widget-container\">\n\t\t\t\t\t\n\t\t\t\t<div class=\"article__main article__main--width-small container\">\n          <div class=\"single-service-block\">\n          \t<div >\n\t\t\t\t<h2>Unser derzeit gr\u00f6\u00dftes Rechenzentrum im Raum Frankfurt<\/h2><p>Wir freuen uns, bekanntgeben zu k\u00f6nnen, dass unser Team die Auszeichnung \"Contractor of the Month January 2024\" f\u00fcr unser derzeit gr\u00f6\u00dftes Rechenzentrum im Raum Frankfurt erhalten hat. Dies ist eine Anerkennung f\u00fcr die herausragende Arbeit, die unser Team bislang geleistet hat und auch weiterhin leisten wird.<\/p><p>Das Projekt ist ein bedeutender Auftrag mit hohen Anforderungen an Qualit\u00e4t, Termintreue und Sicherheit. Unser Team hat sich diesen Herausforderungen gestellt und mit Engagement, Professionalit\u00e4t und Kreativit\u00e4t L\u00f6sungen gefunden, die den Erwartungen des Kunden entsprechen oder diese sogar \u00fcbertreffen.<\/p><p>Wir m\u00f6chten uns bei allen Beteiligten f\u00fcr ihren Einsatz und ihre Zusammenarbeit herzlich bedanken. Ohne Ihre Beitr\u00e4ge w\u00e4re dieser Erfolg nicht m\u00f6glich gewesen. Sie haben bewiesen, dass wir ein starkes und zuverl\u00e4ssiges Team sind, das auch unter schwierigen Bedingungen hervorragende Ergebnisse erzielt.<\/p><p>Wir sind stolz auf unsere Leistung und freuen uns auf die weitere Zusammenarbeit bei diesem Projekt und weiteren spannenden Aufgaben. Wir gratulieren allen Projektbeteiligten zu dieser Auszeichnung und hoffen, dass sie dies als zus\u00e4tzliche Motivation und Ansporn f\u00fcr die Zukunft betrachten.<\/p><p>\u00a0<\/p>\t\t\t<\/div>\n\t\t  <\/div>\n\t\t<\/div>\n\t\t\n\t\t\t\t\t\t<\/div>\n\t\t\t\t<\/div>\n\t\t\t\t\t<\/div>\n\t\t<\/div>\n\t\t\t\t\t<\/div>\n\t\t<\/section>\n\t\t<div class=\"elementor-element elementor-element-f11d8b7 e-flex e-con-boxed wpr-particle-no wpr-jarallax-no wpr-parallax-no wpr-sticky-section-no wpr-equal-height-no e-con e-parent\" data-id=\"f11d8b7\" data-element_type=\"container\" data-e-type=\"container\">\n\t\t\t\t\t<div class=\"e-con-inner\">\n\t\t\t\t<div class=\"elementor-element elementor-element-e74d6a9 elementor-widget elementor-widget-spacer\" data-id=\"e74d6a9\" data-element_type=\"widget\" data-e-type=\"widget\" data-widget_type=\"spacer.default\">\n\t\t\t\t<div class=\"elementor-widget-container\">\n\t\t\t\t\t\t\t<div class=\"elementor-spacer\">\n\t\t\t<div class=\"elementor-spacer-inner\"><\/div>\n\t\t<\/div>\n\t\t\t\t\t\t<\/div>\n\t\t\t\t<\/div>\n\t\t\t\t\t<\/div>\n\t\t\t\t<\/div>\n\t\t\t\t<\/div>","protected":false},"excerpt":{"rendered":"<p>NEWS Unser derzeit gr\u00f6\u00dftes Rechenzentrum im Raum Frankfurt Unser derzeit gr\u00f6\u00dftes Rechenzentrum im Raum Frankfurt Wir freuen uns, dass unser Team f\u00fcr unser derzeit gr\u00f6\u00dftes Rechenzentrum im Raum Frankfurt als \"Auftragnehmer des Monats Januar 2024\" ausgezeichnet wurde. Dies ist ein... <\/p>\n<div class=\"readmore\"><a href=\"https:\/\/borgel.com\/de\/news-15\" class=\"btn-link\">Weiterlesen<\/a><\/div>","protected":false},"author":1,"featured_media":0,"parent":0,"menu_order":0,"comment_status":"closed","ping_status":"closed","template":"template-elementor-default.php","meta":{"_acf_changed":false,"footnotes":""},"class_list":["post-6313","page","type-page","status-publish","hentry"],"acf":[],"_links":{"self":[{"href":"https:\/\/borgel.com\/de\/wp-json\/wp\/v2\/pages\/6313","targetHints":{"allow":["GET"]}}],"collection":[{"href":"https:\/\/borgel.com\/de\/wp-json\/wp\/v2\/pages"}],"about":[{"href":"https:\/\/borgel.com\/de\/wp-json\/wp\/v2\/types\/page"}],"author":[{"embeddable":true,"href":"https:\/\/borgel.com\/de\/wp-json\/wp\/v2\/users\/1"}],"replies":[{"embeddable":true,"href":"https:\/\/borgel.com\/de\/wp-json\/wp\/v2\/comments?post=6313"}],"version-history":[{"count":4,"href":"https:\/\/borgel.com\/de\/wp-json\/wp\/v2\/pages\/6313\/revisions"}],"predecessor-version":[{"id":6317,"href":"https:\/\/borgel.com\/de\/wp-json\/wp\/v2\/pages\/6313\/revisions\/6317"}],"wp:attachment":[{"href":"https:\/\/borgel.com\/de\/wp-json\/wp\/v2\/media?parent=6313"}],"curies":[{"name":"wp","href":"https:\/\/api.w.org\/{rel}","templated":true}]}}