{"id":6326,"date":"2024-04-16T03:50:01","date_gmt":"2024-04-16T03:50:01","guid":{"rendered":"https:\/\/borgel.com\/?page_id=6326"},"modified":"2024-05-13T13:33:16","modified_gmt":"2024-05-13T13:33:16","slug":"news-14-2-2-2","status":"publish","type":"page","link":"https:\/\/borgel.com\/de\/news-14-2-2-2","title":{"rendered":"Beginn der Fundamentarbeiten f\u00fcr die neue Abkantpresse"},"content":{"rendered":"<div data-elementor-type=\"wp-page\" data-elementor-id=\"6326\" class=\"elementor elementor-6326\" data-elementor-post-type=\"page\">\n\t\t\t\t\t\t<section class=\"elementor-section elementor-top-section elementor-element elementor-element-24f918b elementor-section-full_width elementor-section-height-default elementor-section-height-default wpr-particle-no wpr-jarallax-no wpr-parallax-no wpr-sticky-section-no\" data-id=\"24f918b\" data-element_type=\"section\" data-e-type=\"section\">\n\t\t\t\t\t\t<div class=\"elementor-container elementor-column-gap-no\">\n\t\t\t\t\t<div class=\"elementor-column elementor-col-100 elementor-top-column elementor-element elementor-element-c77494c\" data-id=\"c77494c\" data-element_type=\"column\" data-e-type=\"column\">\n\t\t\t<div class=\"elementor-widget-wrap elementor-element-populated\">\n\t\t\t\t\t\t<div class=\"elementor-element elementor-element-794f13e elementor-widget elementor-widget-larson-intro\" data-id=\"794f13e\" data-element_type=\"widget\" data-e-type=\"widget\" data-widget_type=\"larson-intro.default\">\n\t\t\t\t<div class=\"elementor-widget-container\">\n\t\t\t\t\t\n\t\t<article class=\"article\">\n\t        <header class=\"article__header\">\n\t          <div class=\"container\">\n\t            \t            <h1 class=\"article__heading heading heading--size-large\">\n\t            \t<span >\n\t\t\t\t\t\tNEWS\t\t\t\t\t<\/span>\n\t            <\/h1>\n\t            \t            \t            <div class=\"article__header-text\">\n\t            \t<span >\n\t\t\t\t\t\t<p>Beginn der Fundamentarbeiten f\u00fcr die neue Abkantpresse<\/p>\t\t\t\t\t<\/span>\n\t            <\/div>\n\t            \t          <\/div>\n\t        <\/header>\n\t        \t        <div class=\"article__single-service-image container\">\n\t          <img decoding=\"async\" src=\"https:\/\/borgel.com\/wp-content\/uploads\/2024\/05\/DSC07376-scaled-e1715606070806-1706x1080.jpg\" alt=\"\" \/>\n\t        <\/div>\n\t        \t    <\/article>\n\n\t\t\t\t\t\t<\/div>\n\t\t\t\t<\/div>\n\t\t\t\t\t<\/div>\n\t\t<\/div>\n\t\t\t\t\t<\/div>\n\t\t<\/section>\n\t\t\t\t<section class=\"elementor-section elementor-top-section elementor-element elementor-element-e61b6a8 elementor-section-full_width elementor-section-height-default elementor-section-height-default wpr-particle-no wpr-jarallax-no wpr-parallax-no wpr-sticky-section-no\" data-id=\"e61b6a8\" data-element_type=\"section\" data-e-type=\"section\">\n\t\t\t\t\t\t<div class=\"elementor-container elementor-column-gap-no\">\n\t\t\t\t\t<div class=\"elementor-column elementor-col-100 elementor-top-column elementor-element elementor-element-957378c\" data-id=\"957378c\" data-element_type=\"column\" data-e-type=\"column\">\n\t\t\t<div class=\"elementor-widget-wrap elementor-element-populated\">\n\t\t\t\t\t\t<div class=\"elementor-element elementor-element-25b14ea elementor-widget elementor-widget-larson-service-description\" data-id=\"25b14ea\" data-element_type=\"widget\" data-e-type=\"widget\" data-widget_type=\"larson-service-description.default\">\n\t\t\t\t<div class=\"elementor-widget-container\">\n\t\t\t\t\t\n\t\t\t\t<div class=\"article__main article__main--width-small container\">\n          <div class=\"single-service-block\">\n          \t<div >\n\t\t\t\t<h2>Beginn der Fundamentarbeiten f\u00fcr die neue Abkantpresse<\/h2><p>Die Borgel Umformtechnik GmbH, eine renommierte Tochterfirma im Bereich der Metallverarbeitung, gibt mit Stolz den Beginn der Fundamentarbeiten f\u00fcr die Installation einer hochmodernen Abkantpresse bekannt. Dieser Schritt markiert einen wichtigen Meilenstein in der Erweiterung unserer Produktionskapazit\u00e4ten und der St\u00e4rkung unserer Marktposition.<\/p><p>\u00a0<\/p><p><img fetchpriority=\"high\" decoding=\"async\" class=\"size-medium wp-image-6411 alignleft\" src=\"https:\/\/borgel.com\/wp-content\/uploads\/2024\/05\/Fundament-2-225x300.jpeg\" alt=\"\" width=\"225\" height=\"300\" srcset=\"https:\/\/borgel.com\/wp-content\/uploads\/2024\/05\/Fundament-2-225x300.jpeg 225w, https:\/\/borgel.com\/wp-content\/uploads\/2024\/05\/Fundament-2-768x1023.jpeg 768w, https:\/\/borgel.com\/wp-content\/uploads\/2024\/05\/Fundament-2-1153x1536.jpeg 1153w, https:\/\/borgel.com\/wp-content\/uploads\/2024\/05\/Fundament-2-1537x2048.jpeg 1537w, https:\/\/borgel.com\/wp-content\/uploads\/2024\/05\/Fundament-2-9x12.jpeg 9w, https:\/\/borgel.com\/wp-content\/uploads\/2024\/05\/Fundament-2-900x1199.jpeg 900w, https:\/\/borgel.com\/wp-content\/uploads\/2024\/05\/Fundament-2.jpeg 1816w\" sizes=\"(max-width: 225px) 100vw, 225px\" \/> <img decoding=\"async\" class=\"size-medium wp-image-6412 alignleft\" src=\"https:\/\/borgel.com\/wp-content\/uploads\/2024\/05\/Fundament-1-225x300.jpeg\" alt=\"\" width=\"225\" height=\"300\" srcset=\"https:\/\/borgel.com\/wp-content\/uploads\/2024\/05\/Fundament-1-225x300.jpeg 225w, https:\/\/borgel.com\/wp-content\/uploads\/2024\/05\/Fundament-1-768x1023.jpeg 768w, https:\/\/borgel.com\/wp-content\/uploads\/2024\/05\/Fundament-1-1153x1536.jpeg 1153w, https:\/\/borgel.com\/wp-content\/uploads\/2024\/05\/Fundament-1-1537x2048.jpeg 1537w, https:\/\/borgel.com\/wp-content\/uploads\/2024\/05\/Fundament-1-9x12.jpeg 9w, https:\/\/borgel.com\/wp-content\/uploads\/2024\/05\/Fundament-1-900x1199.jpeg 900w, https:\/\/borgel.com\/wp-content\/uploads\/2024\/05\/Fundament-1.jpeg 1816w\" sizes=\"(max-width: 225px) 100vw, 225px\" \/> <img decoding=\"async\" class=\"size-medium wp-image-6416 aligncenter\" src=\"https:\/\/borgel.com\/wp-content\/uploads\/2024\/05\/Fundament-3-225x300.jpeg\" alt=\"\" width=\"225\" height=\"300\" srcset=\"https:\/\/borgel.com\/wp-content\/uploads\/2024\/05\/Fundament-3-225x300.jpeg 225w, https:\/\/borgel.com\/wp-content\/uploads\/2024\/05\/Fundament-3-768x1023.jpeg 768w, https:\/\/borgel.com\/wp-content\/uploads\/2024\/05\/Fundament-3-1153x1536.jpeg 1153w, https:\/\/borgel.com\/wp-content\/uploads\/2024\/05\/Fundament-3-1537x2048.jpeg 1537w, https:\/\/borgel.com\/wp-content\/uploads\/2024\/05\/Fundament-3-9x12.jpeg 9w, https:\/\/borgel.com\/wp-content\/uploads\/2024\/05\/Fundament-3-900x1199.jpeg 900w, https:\/\/borgel.com\/wp-content\/uploads\/2024\/05\/Fundament-3.jpeg 1816w\" sizes=\"(max-width: 225px) 100vw, 225px\" \/><\/p><p><img loading=\"lazy\" decoding=\"async\" class=\"size-medium wp-image-6413 aligncenter\" src=\"https:\/\/borgel.com\/wp-content\/uploads\/2024\/05\/Abkantpresse-300x200.jpg\" alt=\"\" width=\"300\" height=\"200\" srcset=\"https:\/\/borgel.com\/wp-content\/uploads\/2024\/05\/Abkantpresse-300x200.jpg 300w, https:\/\/borgel.com\/wp-content\/uploads\/2024\/05\/Abkantpresse-768x511.jpg 768w, https:\/\/borgel.com\/wp-content\/uploads\/2024\/05\/Abkantpresse-18x12.jpg 18w, https:\/\/borgel.com\/wp-content\/uploads\/2024\/05\/Abkantpresse.jpg 900w\" sizes=\"(max-width: 300px) 100vw, 300px\" \/><\/p><p>Die neue Abkantpresse wird mit den neuesten Technologien ausgestattet sein, um eine noch pr\u00e4zisere Bearbeitung von Metallteilen zu erm\u00f6glichen und unseren Kunden h\u00f6chste Qualit\u00e4t zu liefern. Die Fundamentarbeiten sind ein kritischer Teil des Installationsprozesses, da sie die Basis f\u00fcr die Leistungsf\u00e4higkeit und Sicherheit der Maschine legen.<\/p><p>Wir bei Borgel Umformtechnik sind stets bestrebt, unsere Prozesse zu optimieren und die Effizienz zu steigern. Mit der neuen Abkantpresse werden wir nicht nur unsere Fertigungskapazit\u00e4ten erweitern, sondern auch unsere Flexibilit\u00e4t und Schnelligkeit in der Auftragsabwicklung verbessern.<\/p><p>Die Arbeiten werden bald abgeschlossen sein, woraufhin die Montage der Abkantpresse beginnen wird. Wir freuen uns darauf, unseren Kunden schon bald die Vorteile dieser Investition pr\u00e4sentieren zu k\u00f6nnen.<\/p><p>F\u00fcr weitere Informationen \u00fcber Borgel Umformtechnik und unsere Dienstleistungen besuchen Sie bitte unsere Website unter <a href=\"http:\/\/www.borgel-umformtechnik.de\" target=\"_blank\" rel=\"noopener\">www.borgel-umformtechnik.de<\/a><\/p>\t\t\t<\/div>\n\t\t  <\/div>\n\t\t<\/div>\n\t\t\n\t\t\t\t\t\t<\/div>\n\t\t\t\t<\/div>\n\t\t\t\t\t<\/div>\n\t\t<\/div>\n\t\t\t\t\t<\/div>\n\t\t<\/section>\n\t\t<div class=\"elementor-element elementor-element-f11d8b7 e-flex e-con-boxed wpr-particle-no wpr-jarallax-no wpr-parallax-no wpr-sticky-section-no e-con e-parent\" data-id=\"f11d8b7\" data-element_type=\"container\" data-e-type=\"container\">\n\t\t\t\t\t<div class=\"e-con-inner\">\n\t\t\t\t<div class=\"elementor-element elementor-element-e74d6a9 elementor-widget elementor-widget-spacer\" data-id=\"e74d6a9\" data-element_type=\"widget\" data-e-type=\"widget\" data-widget_type=\"spacer.default\">\n\t\t\t\t<div class=\"elementor-widget-container\">\n\t\t\t\t\t\t\t<div class=\"elementor-spacer\">\n\t\t\t<div class=\"elementor-spacer-inner\"><\/div>\n\t\t<\/div>\n\t\t\t\t\t\t<\/div>\n\t\t\t\t<\/div>\n\t\t\t\t\t<\/div>\n\t\t\t\t<\/div>\n\t\t\t\t<\/div>","protected":false},"excerpt":{"rendered":"<p>NEWS Beginn der Gr\u00fcndungsarbeiten f\u00fcr die neue Abkantpresse Beginn der Gr\u00fcndungsarbeiten f\u00fcr die neue Abkantpresse Die Borgel Umformtechnik GmbH, ein renommiertes Tochterunternehmen im Bereich der Metallverarbeitung, freut sich, den Beginn der Gr\u00fcndungsarbeiten f\u00fcr die Installation einer hochmodernen Abkantpresse bekannt geben zu k\u00f6nnen. Dieser Schritt markiert einen bedeutenden... <\/p>\n<div class=\"readmore\"><a href=\"https:\/\/borgel.com\/de\/news-14-2-2-2\" class=\"btn-link\">Weiterlesen<\/a><\/div>","protected":false},"author":1,"featured_media":6406,"parent":0,"menu_order":0,"comment_status":"closed","ping_status":"closed","template":"template-elementor-default.php","meta":{"_acf_changed":false,"footnotes":""},"class_list":["post-6326","page","type-page","status-publish","has-post-thumbnail","hentry"],"acf":[],"_links":{"self":[{"href":"https:\/\/borgel.com\/de\/wp-json\/wp\/v2\/pages\/6326","targetHints":{"allow":["GET"]}}],"collection":[{"href":"https:\/\/borgel.com\/de\/wp-json\/wp\/v2\/pages"}],"about":[{"href":"https:\/\/borgel.com\/de\/wp-json\/wp\/v2\/types\/page"}],"author":[{"embeddable":true,"href":"https:\/\/borgel.com\/de\/wp-json\/wp\/v2\/users\/1"}],"replies":[{"embeddable":true,"href":"https:\/\/borgel.com\/de\/wp-json\/wp\/v2\/comments?post=6326"}],"version-history":[{"count":20,"href":"https:\/\/borgel.com\/de\/wp-json\/wp\/v2\/pages\/6326\/revisions"}],"predecessor-version":[{"id":6431,"href":"https:\/\/borgel.com\/de\/wp-json\/wp\/v2\/pages\/6326\/revisions\/6431"}],"wp:featuredmedia":[{"embeddable":true,"href":"https:\/\/borgel.com\/de\/wp-json\/wp\/v2\/media\/6406"}],"wp:attachment":[{"href":"https:\/\/borgel.com\/de\/wp-json\/wp\/v2\/media?parent=6326"}],"curies":[{"name":"wp","href":"https:\/\/api.w.org\/{rel}","templated":true}]}}