{"id":6355,"date":"2024-04-16T04:33:29","date_gmt":"2024-04-16T04:33:29","guid":{"rendered":"https:\/\/borgel.com\/?page_id=6355"},"modified":"2024-04-16T04:40:59","modified_gmt":"2024-04-16T04:40:59","slug":"contractor-of-the-month-march-24","status":"publish","type":"page","link":"https:\/\/borgel.com\/de\/contractor-of-the-month-march-24","title":{"rendered":"Auftragnehmer des Monats 24. M\u00e4rz"},"content":{"rendered":"<div data-elementor-type=\"wp-page\" data-elementor-id=\"6355\" class=\"elementor elementor-6355\" data-elementor-post-type=\"page\">\n\t\t\t\t\t\t<section class=\"elementor-section elementor-top-section elementor-element elementor-element-24f918b elementor-section-full_width elementor-section-height-default elementor-section-height-default wpr-particle-no wpr-jarallax-no wpr-parallax-no wpr-sticky-section-no wpr-equal-height-no\" data-id=\"24f918b\" data-element_type=\"section\" data-e-type=\"section\">\n\t\t\t\t\t\t<div class=\"elementor-container elementor-column-gap-no\">\n\t\t\t\t\t<div class=\"elementor-column elementor-col-100 elementor-top-column elementor-element elementor-element-c77494c\" data-id=\"c77494c\" data-element_type=\"column\" data-e-type=\"column\">\n\t\t\t<div class=\"elementor-widget-wrap elementor-element-populated\">\n\t\t\t\t\t\t<div class=\"elementor-element elementor-element-794f13e elementor-widget elementor-widget-larson-intro\" data-id=\"794f13e\" data-element_type=\"widget\" data-e-type=\"widget\" data-widget_type=\"larson-intro.default\">\n\t\t\t\t<div class=\"elementor-widget-container\">\n\t\t\t\t\t\n\t\t<article class=\"article\">\n\t        <header class=\"article__header\">\n\t          <div class=\"container\">\n\t            \t            <h1 class=\"article__heading heading heading--size-large\">\n\t            \t<span >\n\t\t\t\t\t\tNEWS\t\t\t\t\t<\/span>\n\t            <\/h1>\n\t            \t            \t            <div class=\"article__header-text\">\n\t            \t<span >\n\t\t\t\t\t\t<p><span style=\"white-space: pre-wrap\">Herausragende Leistung: Team erh\u00e4lt die Auszeichnung 'Auftragnehmer des Monats'<\/span><br><\/p>\t\t\t\t\t<\/span>\n\t            <\/div>\n\t            \t          <\/div>\n\t        <\/header>\n\t        \t        <div class=\"article__single-service-image container\">\n\t          <img decoding=\"async\" src=\"https:\/\/borgel.com\/wp-content\/uploads\/2024\/04\/Bildschirm\u00adfoto-2024-04-16-um-06.27.44-1920x1080.png\" alt=\"\" \/>\n\t        <\/div>\n\t        \t    <\/article>\n\n\t\t\t\t\t\t<\/div>\n\t\t\t\t<\/div>\n\t\t\t\t\t<\/div>\n\t\t<\/div>\n\t\t\t\t\t<\/div>\n\t\t<\/section>\n\t\t\t\t<section class=\"elementor-section elementor-top-section elementor-element elementor-element-e61b6a8 elementor-section-full_width elementor-section-height-default elementor-section-height-default wpr-particle-no wpr-jarallax-no wpr-parallax-no wpr-sticky-section-no wpr-equal-height-no\" data-id=\"e61b6a8\" data-element_type=\"section\" data-e-type=\"section\">\n\t\t\t\t\t\t<div class=\"elementor-container elementor-column-gap-no\">\n\t\t\t\t\t<div class=\"elementor-column elementor-col-100 elementor-top-column elementor-element elementor-element-957378c\" data-id=\"957378c\" data-element_type=\"column\" data-e-type=\"column\">\n\t\t\t<div class=\"elementor-widget-wrap elementor-element-populated\">\n\t\t\t\t\t\t<div class=\"elementor-element elementor-element-25b14ea elementor-widget elementor-widget-larson-service-description\" data-id=\"25b14ea\" data-element_type=\"widget\" data-e-type=\"widget\" data-widget_type=\"larson-service-description.default\">\n\t\t\t\t<div class=\"elementor-widget-container\">\n\t\t\t\t\t\n\t\t\t\t<div class=\"article__main article__main--width-small container\">\n          <div class=\"single-service-block\">\n          \t<div >\n\t\t\t\t<h2>Herausragende Leistung: Team erh\u00e4lt die Auszeichnung 'Auftragnehmer des Monats'<\/h2><h4>\"Teamarbeit ist die F\u00e4higkeit, auf ein gemeinsames Ziel hinzuarbeiten. Sie ist die F\u00e4higkeit, die Leistungen des Einzelnen auf die Ziele der Organisation auszurichten. Sie ist der Treibstoff, der es gew\u00f6hnlichen Menschen erm\u00f6glicht, ungew\u00f6hnliche Ergebnisse zu erzielen.\" - Andrew Carnegie<\/h4><p>Wir sind stolz darauf, bekannt geben zu k\u00f6nnen, dass unser Team k\u00fcrzlich die begehrte Auszeichnung \"Auftragnehmer des Monats\" erhalten hat. Diese Auszeichnung wurde nach sorgf\u00e4ltiger Pr\u00fcfung und aufgrund unserer herausragenden Leistung bei einem bedeutenden Rechenzentrumsprojekt im Raum Frankfurt verliehen.<\/p><p>Die Herausforderungen dieses spannenden Projekts waren klar: hohe Anforderungen an Qualit\u00e4t, Termintreue, Arbeitssicherheit und Budget. Wir haben diese Herausforderungen gemeistert und L\u00f6sungen gefunden, die die Erwartungen des Auftraggebers sogar noch \u00fcbertroffen haben.<\/p><p>Wir m\u00f6chten uns bei allen Beteiligten f\u00fcr ihr Engagement und ihre Mitarbeit bedanken. Ohne Ihren Einsatz w\u00e4re dieser Erfolg nicht m\u00f6glich gewesen. Dieser Erfolg unterstreicht die St\u00e4rke und Zuverl\u00e4ssigkeit unseres Teams sowie unsere F\u00e4higkeit, unter schwierigen Bedingungen hervorragende Ergebnisse zu erzielen.<\/p><p>Diese Auszeichnung ist nicht nur eine Best\u00e4tigung unserer bisherigen Arbeit, sondern auch eine zus\u00e4tzliche Motivation f\u00fcr zuk\u00fcnftige Herausforderungen. Wir gratulieren allen Projektteilnehmern zu diesem Erfolg und hoffen, dass sie ihn als Ansporn f\u00fcr die Zukunft sehen werden.<\/p>\t\t\t<\/div>\n\t\t  <\/div>\n\t\t<\/div>\n\t\t\n\t\t\t\t\t\t<\/div>\n\t\t\t\t<\/div>\n\t\t\t\t\t<\/div>\n\t\t<\/div>\n\t\t\t\t\t<\/div>\n\t\t<\/section>\n\t\t<div class=\"elementor-element elementor-element-f11d8b7 e-flex e-con-boxed wpr-particle-no wpr-jarallax-no wpr-parallax-no wpr-sticky-section-no wpr-equal-height-no e-con e-parent\" data-id=\"f11d8b7\" data-element_type=\"container\" data-e-type=\"container\">\n\t\t\t\t\t<div class=\"e-con-inner\">\n\t\t\t\t<div class=\"elementor-element elementor-element-e74d6a9 elementor-widget elementor-widget-spacer\" data-id=\"e74d6a9\" data-element_type=\"widget\" data-e-type=\"widget\" data-widget_type=\"spacer.default\">\n\t\t\t\t<div class=\"elementor-widget-container\">\n\t\t\t\t\t\t\t<div class=\"elementor-spacer\">\n\t\t\t<div class=\"elementor-spacer-inner\"><\/div>\n\t\t<\/div>\n\t\t\t\t\t\t<\/div>\n\t\t\t\t<\/div>\n\t\t\t\t\t<\/div>\n\t\t\t\t<\/div>\n\t\t\t\t<\/div>","protected":false},"excerpt":{"rendered":"<p>NEWS Herausragende Leistung: Team erh\u00e4lt Auszeichnung als \"Auftragnehmer des Monats\" Hervorragende Leistungen: Team erh\u00e4lt Auszeichnung als \"Auftragnehmer des Monats\" \"Teamarbeit ist die F\u00e4higkeit, gemeinsam auf ein Ziel hinzuarbeiten. Es ist die F\u00e4higkeit, die Leistungen des Einzelnen auf die Ziele des Unternehmens auszurichten. Sie ist der Treibstoff, der es gew\u00f6hnlichen Menschen erm\u00f6glicht,... <\/p>\n<div class=\"readmore\"><a href=\"https:\/\/borgel.com\/de\/contractor-of-the-month-march-24\" class=\"btn-link\">Weiterlesen<\/a><\/div>","protected":false},"author":1,"featured_media":0,"parent":0,"menu_order":0,"comment_status":"closed","ping_status":"closed","template":"template-elementor-default.php","meta":{"_acf_changed":false,"footnotes":""},"class_list":["post-6355","page","type-page","status-publish","hentry"],"acf":[],"_links":{"self":[{"href":"https:\/\/borgel.com\/de\/wp-json\/wp\/v2\/pages\/6355","targetHints":{"allow":["GET"]}}],"collection":[{"href":"https:\/\/borgel.com\/de\/wp-json\/wp\/v2\/pages"}],"about":[{"href":"https:\/\/borgel.com\/de\/wp-json\/wp\/v2\/types\/page"}],"author":[{"embeddable":true,"href":"https:\/\/borgel.com\/de\/wp-json\/wp\/v2\/users\/1"}],"replies":[{"embeddable":true,"href":"https:\/\/borgel.com\/de\/wp-json\/wp\/v2\/comments?post=6355"}],"version-history":[{"count":7,"href":"https:\/\/borgel.com\/de\/wp-json\/wp\/v2\/pages\/6355\/revisions"}],"predecessor-version":[{"id":6368,"href":"https:\/\/borgel.com\/de\/wp-json\/wp\/v2\/pages\/6355\/revisions\/6368"}],"wp:attachment":[{"href":"https:\/\/borgel.com\/de\/wp-json\/wp\/v2\/media?parent=6355"}],"curies":[{"name":"wp","href":"https:\/\/api.w.org\/{rel}","templated":true}]}}