{"id":6445,"date":"2024-06-25T12:03:32","date_gmt":"2024-06-25T12:03:32","guid":{"rendered":"https:\/\/borgel.com\/?page_id=6445"},"modified":"2024-06-25T12:45:03","modified_gmt":"2024-06-25T12:45:03","slug":"news-14-2-2-2-2","status":"publish","type":"page","link":"https:\/\/borgel.com\/de\/news-14-2-2-2-2","title":{"rendered":"Borgel Umformtechnik GmbH feiert die Ankunft der neuen Abkantpresse"},"content":{"rendered":"<div data-elementor-type=\"wp-page\" data-elementor-id=\"6445\" class=\"elementor elementor-6445\" data-elementor-post-type=\"page\">\n\t\t\t\t\t\t<section class=\"elementor-section elementor-top-section elementor-element elementor-element-24f918b elementor-section-full_width elementor-section-height-default elementor-section-height-default wpr-particle-no wpr-jarallax-no wpr-parallax-no wpr-sticky-section-no wpr-equal-height-no\" data-id=\"24f918b\" data-element_type=\"section\" data-e-type=\"section\">\n\t\t\t\t\t\t<div class=\"elementor-container elementor-column-gap-no\">\n\t\t\t\t\t<div class=\"elementor-column elementor-col-100 elementor-top-column elementor-element elementor-element-c77494c\" data-id=\"c77494c\" data-element_type=\"column\" data-e-type=\"column\">\n\t\t\t<div class=\"elementor-widget-wrap elementor-element-populated\">\n\t\t\t\t\t\t<div class=\"elementor-element elementor-element-794f13e elementor-widget elementor-widget-larson-intro\" data-id=\"794f13e\" data-element_type=\"widget\" data-e-type=\"widget\" data-widget_type=\"larson-intro.default\">\n\t\t\t\t<div class=\"elementor-widget-container\">\n\t\t\t\t\t\n\t\t<article class=\"article\">\n\t        <header class=\"article__header\">\n\t          <div class=\"container\">\n\t            \t            <h1 class=\"article__heading heading heading--size-large\">\n\t            \t<span >\n\t\t\t\t\t\tNEWS\t\t\t\t\t<\/span>\n\t            <\/h1>\n\t            \t            \t            <div class=\"article__header-text\">\n\t            \t<span >\n\t\t\t\t\t\t<p>Borgel Umformtechnik GmbH feiert die Ankunft der neuen Abkantpresse<\/p>\t\t\t\t\t<\/span>\n\t            <\/div>\n\t            \t          <\/div>\n\t        <\/header>\n\t        \t        <div class=\"article__single-service-image container\">\n\t          <img decoding=\"async\" src=\"https:\/\/borgel.com\/wp-content\/uploads\/2024\/06\/IMG_1116-1920x1080.jpg\" alt=\"\" \/>\n\t        <\/div>\n\t        \t    <\/article>\n\n\t\t\t\t\t\t<\/div>\n\t\t\t\t<\/div>\n\t\t\t\t\t<\/div>\n\t\t<\/div>\n\t\t\t\t\t<\/div>\n\t\t<\/section>\n\t\t\t\t<section class=\"elementor-section elementor-top-section elementor-element elementor-element-e61b6a8 elementor-section-full_width elementor-section-height-default elementor-section-height-default wpr-particle-no wpr-jarallax-no wpr-parallax-no wpr-sticky-section-no wpr-equal-height-no\" data-id=\"e61b6a8\" data-element_type=\"section\" data-e-type=\"section\">\n\t\t\t\t\t\t<div class=\"elementor-container elementor-column-gap-no\">\n\t\t\t\t\t<div class=\"elementor-column elementor-col-100 elementor-top-column elementor-element elementor-element-957378c\" data-id=\"957378c\" data-element_type=\"column\" data-e-type=\"column\">\n\t\t\t<div class=\"elementor-widget-wrap elementor-element-populated\">\n\t\t\t\t\t\t<div class=\"elementor-element elementor-element-25b14ea elementor-widget elementor-widget-larson-service-description\" data-id=\"25b14ea\" data-element_type=\"widget\" data-e-type=\"widget\" data-widget_type=\"larson-service-description.default\">\n\t\t\t\t<div class=\"elementor-widget-container\">\n\t\t\t\t\t\n\t\t\t\t<div class=\"article__main article__main--width-small container\">\n          <div class=\"single-service-block\">\n          \t<div >\n\t\t\t\t<h2>Borgel Umformtechnik GmbH feiert die Ankunft der neuen Abkantpresse<\/h2><p>Die Borgel Umformtechnik verk\u00fcndet stolz die erfolgreiche Lieferung und Inbetriebnahme ihrer hochmodernen Abkantpresse am 18. Juni 2024.\nNach Abschluss der pr\u00e4zisen Fundamentarbeiten steht das Ger\u00e4t nun voll einsatzbereit zur Verf\u00fcgung, um die Fertigungskapazit\u00e4ten der Tochterfirma Borgel Umformtechnik GmbH zu erweitern.<\/p><p>Mit dieser neuesten Erweiterung ihres Maschinenparks setzt die Borgel Umformtechnik ein klares Zeichen f\u00fcr Innovation und technologischen Fortschritt.<\/p><p><em>\u201cWir sind begeistert, dass wir die Effizienz und Pr\u00e4zision unserer Produktion mit der neuen Abkantpresse steigern k\u00f6nnen. Dies ist ein Meilenstein in der Geschichte unseres Unternehmens und ein entscheidender Schritt, um die Anforderungen unserer Kunden noch besser zu erf\u00fcllen.\u201c<\/em><\/p><p>Die neue Abkantpresse erm\u00f6glicht es der Borgel Umformtechnik GmbH, ihre Produktionsbreite signifikant zu erweitern und komplexere Projekte mit h\u00f6chster Pr\u00e4zision umzusetzen. Dies unterstreicht unser Engagement f\u00fcr Qualit\u00e4t und Kundenzufriedenheit.\nMit Blick auf die Zukunft erwartet die Borgel Umformtechnik eine erh\u00f6hte Nachfrage und wir freuen uns darauf, unseren Kunden ein noch breiteres Spektrum an ma\u00dfgeschneiderten L\u00f6sungen anbieten zu k\u00f6nnen.<\/p><p><em>\u201cUnsere Investition in diese Technologie ist ein Versprechen an unsere Kunden, dass wir kontinuierlich in die Verbesserung unserer Dienstleistungen investieren\u201d.<\/em><\/p><p>Die Borgel Umformtechnik GmbH l\u00e4dt Interessenten ein, sich pers\u00f6nlich von der erweiterten Leistungsf\u00e4higkeit und den neuen M\u00f6glichkeiten zu \u00fcberzeugen. F\u00fcr weitere Informationen und Anfragen steht das Team der Borgel Umformtechnik GmbH gerne zur Verf\u00fcgung.<\/p><p>\u00a0<\/p><p><img fetchpriority=\"high\" decoding=\"async\" class=\"size-medium wp-image-6465 alignleft\" src=\"https:\/\/borgel.com\/wp-content\/uploads\/2024\/06\/IMG_1076-300x200.jpg\" alt=\"\" width=\"300\" height=\"200\" srcset=\"https:\/\/borgel.com\/wp-content\/uploads\/2024\/06\/IMG_1076-300x200.jpg 300w, https:\/\/borgel.com\/wp-content\/uploads\/2024\/06\/IMG_1076-1024x683.jpg 1024w, https:\/\/borgel.com\/wp-content\/uploads\/2024\/06\/IMG_1076-768x512.jpg 768w, https:\/\/borgel.com\/wp-content\/uploads\/2024\/06\/IMG_1076-1536x1024.jpg 1536w, https:\/\/borgel.com\/wp-content\/uploads\/2024\/06\/IMG_1076-2048x1365.jpg 2048w, https:\/\/borgel.com\/wp-content\/uploads\/2024\/06\/IMG_1076-18x12.jpg 18w, https:\/\/borgel.com\/wp-content\/uploads\/2024\/06\/IMG_1076-900x600.jpg 900w, https:\/\/borgel.com\/wp-content\/uploads\/2024\/06\/IMG_1076-1200x800.jpg 1200w, https:\/\/borgel.com\/wp-content\/uploads\/2024\/06\/IMG_1076-1920x1280.jpg 1920w\" sizes=\"(max-width: 300px) 100vw, 300px\" \/> <img decoding=\"async\" class=\"size-medium wp-image-6463 alignleft\" src=\"https:\/\/borgel.com\/wp-content\/uploads\/2024\/06\/IMG_1085-300x200.jpg\" alt=\"\" width=\"300\" height=\"200\" srcset=\"https:\/\/borgel.com\/wp-content\/uploads\/2024\/06\/IMG_1085-300x200.jpg 300w, https:\/\/borgel.com\/wp-content\/uploads\/2024\/06\/IMG_1085-1024x683.jpg 1024w, https:\/\/borgel.com\/wp-content\/uploads\/2024\/06\/IMG_1085-768x512.jpg 768w, https:\/\/borgel.com\/wp-content\/uploads\/2024\/06\/IMG_1085-1536x1024.jpg 1536w, https:\/\/borgel.com\/wp-content\/uploads\/2024\/06\/IMG_1085-2048x1365.jpg 2048w, https:\/\/borgel.com\/wp-content\/uploads\/2024\/06\/IMG_1085-18x12.jpg 18w, https:\/\/borgel.com\/wp-content\/uploads\/2024\/06\/IMG_1085-900x600.jpg 900w, https:\/\/borgel.com\/wp-content\/uploads\/2024\/06\/IMG_1085-1200x800.jpg 1200w, https:\/\/borgel.com\/wp-content\/uploads\/2024\/06\/IMG_1085-1920x1280.jpg 1920w\" sizes=\"(max-width: 300px) 100vw, 300px\" \/> <img decoding=\"async\" class=\"size-medium wp-image-6462 alignleft\" src=\"https:\/\/borgel.com\/wp-content\/uploads\/2024\/06\/IMG_1088-300x200.jpg\" alt=\"\" width=\"300\" height=\"200\" srcset=\"https:\/\/borgel.com\/wp-content\/uploads\/2024\/06\/IMG_1088-300x200.jpg 300w, https:\/\/borgel.com\/wp-content\/uploads\/2024\/06\/IMG_1088-1024x683.jpg 1024w, https:\/\/borgel.com\/wp-content\/uploads\/2024\/06\/IMG_1088-768x512.jpg 768w, https:\/\/borgel.com\/wp-content\/uploads\/2024\/06\/IMG_1088-1536x1024.jpg 1536w, https:\/\/borgel.com\/wp-content\/uploads\/2024\/06\/IMG_1088-2048x1365.jpg 2048w, https:\/\/borgel.com\/wp-content\/uploads\/2024\/06\/IMG_1088-18x12.jpg 18w, https:\/\/borgel.com\/wp-content\/uploads\/2024\/06\/IMG_1088-900x600.jpg 900w, https:\/\/borgel.com\/wp-content\/uploads\/2024\/06\/IMG_1088-1200x800.jpg 1200w, https:\/\/borgel.com\/wp-content\/uploads\/2024\/06\/IMG_1088-1920x1280.jpg 1920w\" sizes=\"(max-width: 300px) 100vw, 300px\" \/> <img loading=\"lazy\" decoding=\"async\" class=\"size-medium wp-image-6461 alignleft\" src=\"https:\/\/borgel.com\/wp-content\/uploads\/2024\/06\/IMG_1093-300x200.jpg\" alt=\"\" width=\"300\" height=\"200\" srcset=\"https:\/\/borgel.com\/wp-content\/uploads\/2024\/06\/IMG_1093-300x200.jpg 300w, https:\/\/borgel.com\/wp-content\/uploads\/2024\/06\/IMG_1093-1024x683.jpg 1024w, https:\/\/borgel.com\/wp-content\/uploads\/2024\/06\/IMG_1093-768x512.jpg 768w, https:\/\/borgel.com\/wp-content\/uploads\/2024\/06\/IMG_1093-1536x1024.jpg 1536w, https:\/\/borgel.com\/wp-content\/uploads\/2024\/06\/IMG_1093-2048x1365.jpg 2048w, https:\/\/borgel.com\/wp-content\/uploads\/2024\/06\/IMG_1093-18x12.jpg 18w, https:\/\/borgel.com\/wp-content\/uploads\/2024\/06\/IMG_1093-900x600.jpg 900w, https:\/\/borgel.com\/wp-content\/uploads\/2024\/06\/IMG_1093-1200x800.jpg 1200w, https:\/\/borgel.com\/wp-content\/uploads\/2024\/06\/IMG_1093-1920x1280.jpg 1920w\" sizes=\"(max-width: 300px) 100vw, 300px\" \/> <img loading=\"lazy\" decoding=\"async\" class=\"size-medium wp-image-6460 alignleft\" src=\"https:\/\/borgel.com\/wp-content\/uploads\/2024\/06\/IMG_1097-300x200.jpg\" alt=\"\" width=\"300\" height=\"200\" srcset=\"https:\/\/borgel.com\/wp-content\/uploads\/2024\/06\/IMG_1097-300x200.jpg 300w, https:\/\/borgel.com\/wp-content\/uploads\/2024\/06\/IMG_1097-1024x683.jpg 1024w, https:\/\/borgel.com\/wp-content\/uploads\/2024\/06\/IMG_1097-768x512.jpg 768w, https:\/\/borgel.com\/wp-content\/uploads\/2024\/06\/IMG_1097-1536x1024.jpg 1536w, https:\/\/borgel.com\/wp-content\/uploads\/2024\/06\/IMG_1097-2048x1365.jpg 2048w, https:\/\/borgel.com\/wp-content\/uploads\/2024\/06\/IMG_1097-18x12.jpg 18w, https:\/\/borgel.com\/wp-content\/uploads\/2024\/06\/IMG_1097-900x600.jpg 900w, https:\/\/borgel.com\/wp-content\/uploads\/2024\/06\/IMG_1097-1200x800.jpg 1200w, https:\/\/borgel.com\/wp-content\/uploads\/2024\/06\/IMG_1097-1920x1280.jpg 1920w\" sizes=\"(max-width: 300px) 100vw, 300px\" \/> <img loading=\"lazy\" decoding=\"async\" class=\"size-medium wp-image-6459 alignleft\" src=\"https:\/\/borgel.com\/wp-content\/uploads\/2024\/06\/IMG_1100-300x200.jpg\" alt=\"\" width=\"300\" height=\"200\" srcset=\"https:\/\/borgel.com\/wp-content\/uploads\/2024\/06\/IMG_1100-300x200.jpg 300w, https:\/\/borgel.com\/wp-content\/uploads\/2024\/06\/IMG_1100-1024x683.jpg 1024w, https:\/\/borgel.com\/wp-content\/uploads\/2024\/06\/IMG_1100-768x512.jpg 768w, https:\/\/borgel.com\/wp-content\/uploads\/2024\/06\/IMG_1100-1536x1024.jpg 1536w, https:\/\/borgel.com\/wp-content\/uploads\/2024\/06\/IMG_1100-2048x1365.jpg 2048w, https:\/\/borgel.com\/wp-content\/uploads\/2024\/06\/IMG_1100-18x12.jpg 18w, https:\/\/borgel.com\/wp-content\/uploads\/2024\/06\/IMG_1100-900x600.jpg 900w, https:\/\/borgel.com\/wp-content\/uploads\/2024\/06\/IMG_1100-1200x800.jpg 1200w, https:\/\/borgel.com\/wp-content\/uploads\/2024\/06\/IMG_1100-1920x1280.jpg 1920w\" sizes=\"(max-width: 300px) 100vw, 300px\" \/> <img loading=\"lazy\" decoding=\"async\" class=\"size-medium wp-image-6458 alignleft\" src=\"https:\/\/borgel.com\/wp-content\/uploads\/2024\/06\/IMG_1116-1-300x200.jpg\" alt=\"\" width=\"300\" height=\"200\" srcset=\"https:\/\/borgel.com\/wp-content\/uploads\/2024\/06\/IMG_1116-1-300x200.jpg 300w, https:\/\/borgel.com\/wp-content\/uploads\/2024\/06\/IMG_1116-1-1024x683.jpg 1024w, https:\/\/borgel.com\/wp-content\/uploads\/2024\/06\/IMG_1116-1-768x512.jpg 768w, https:\/\/borgel.com\/wp-content\/uploads\/2024\/06\/IMG_1116-1-1536x1024.jpg 1536w, https:\/\/borgel.com\/wp-content\/uploads\/2024\/06\/IMG_1116-1-2048x1365.jpg 2048w, https:\/\/borgel.com\/wp-content\/uploads\/2024\/06\/IMG_1116-1-18x12.jpg 18w, https:\/\/borgel.com\/wp-content\/uploads\/2024\/06\/IMG_1116-1-900x600.jpg 900w, https:\/\/borgel.com\/wp-content\/uploads\/2024\/06\/IMG_1116-1-1200x800.jpg 1200w, https:\/\/borgel.com\/wp-content\/uploads\/2024\/06\/IMG_1116-1-1920x1280.jpg 1920w\" sizes=\"(max-width: 300px) 100vw, 300px\" \/> <img loading=\"lazy\" decoding=\"async\" class=\"size-medium wp-image-6457 alignleft\" src=\"https:\/\/borgel.com\/wp-content\/uploads\/2024\/06\/IMG_1153-300x200.jpg\" alt=\"\" width=\"300\" height=\"200\" srcset=\"https:\/\/borgel.com\/wp-content\/uploads\/2024\/06\/IMG_1153-300x200.jpg 300w, https:\/\/borgel.com\/wp-content\/uploads\/2024\/06\/IMG_1153-1024x683.jpg 1024w, https:\/\/borgel.com\/wp-content\/uploads\/2024\/06\/IMG_1153-768x512.jpg 768w, https:\/\/borgel.com\/wp-content\/uploads\/2024\/06\/IMG_1153-1536x1024.jpg 1536w, https:\/\/borgel.com\/wp-content\/uploads\/2024\/06\/IMG_1153-2048x1365.jpg 2048w, https:\/\/borgel.com\/wp-content\/uploads\/2024\/06\/IMG_1153-18x12.jpg 18w, https:\/\/borgel.com\/wp-content\/uploads\/2024\/06\/IMG_1153-900x600.jpg 900w, https:\/\/borgel.com\/wp-content\/uploads\/2024\/06\/IMG_1153-1200x800.jpg 1200w, https:\/\/borgel.com\/wp-content\/uploads\/2024\/06\/IMG_1153-1920x1280.jpg 1920w\" sizes=\"(max-width: 300px) 100vw, 300px\" \/> <img loading=\"lazy\" decoding=\"async\" class=\"size-medium wp-image-6456 alignleft\" src=\"https:\/\/borgel.com\/wp-content\/uploads\/2024\/06\/IMG_1154-300x200.jpg\" alt=\"\" width=\"300\" height=\"200\" srcset=\"https:\/\/borgel.com\/wp-content\/uploads\/2024\/06\/IMG_1154-300x200.jpg 300w, https:\/\/borgel.com\/wp-content\/uploads\/2024\/06\/IMG_1154-1024x683.jpg 1024w, https:\/\/borgel.com\/wp-content\/uploads\/2024\/06\/IMG_1154-768x512.jpg 768w, https:\/\/borgel.com\/wp-content\/uploads\/2024\/06\/IMG_1154-1536x1024.jpg 1536w, https:\/\/borgel.com\/wp-content\/uploads\/2024\/06\/IMG_1154-2048x1365.jpg 2048w, https:\/\/borgel.com\/wp-content\/uploads\/2024\/06\/IMG_1154-18x12.jpg 18w, https:\/\/borgel.com\/wp-content\/uploads\/2024\/06\/IMG_1154-900x600.jpg 900w, https:\/\/borgel.com\/wp-content\/uploads\/2024\/06\/IMG_1154-1200x800.jpg 1200w, https:\/\/borgel.com\/wp-content\/uploads\/2024\/06\/IMG_1154-1920x1280.jpg 1920w\" sizes=\"(max-width: 300px) 100vw, 300px\" \/> <img loading=\"lazy\" decoding=\"async\" class=\"size-medium wp-image-6455 alignleft\" src=\"https:\/\/borgel.com\/wp-content\/uploads\/2024\/06\/IMG_1169-1-300x200.jpg\" alt=\"\" width=\"300\" height=\"200\" srcset=\"https:\/\/borgel.com\/wp-content\/uploads\/2024\/06\/IMG_1169-1-300x200.jpg 300w, https:\/\/borgel.com\/wp-content\/uploads\/2024\/06\/IMG_1169-1-1024x683.jpg 1024w, https:\/\/borgel.com\/wp-content\/uploads\/2024\/06\/IMG_1169-1-768x512.jpg 768w, https:\/\/borgel.com\/wp-content\/uploads\/2024\/06\/IMG_1169-1-1536x1024.jpg 1536w, https:\/\/borgel.com\/wp-content\/uploads\/2024\/06\/IMG_1169-1-2048x1365.jpg 2048w, https:\/\/borgel.com\/wp-content\/uploads\/2024\/06\/IMG_1169-1-18x12.jpg 18w, https:\/\/borgel.com\/wp-content\/uploads\/2024\/06\/IMG_1169-1-900x600.jpg 900w, https:\/\/borgel.com\/wp-content\/uploads\/2024\/06\/IMG_1169-1-1200x800.jpg 1200w, https:\/\/borgel.com\/wp-content\/uploads\/2024\/06\/IMG_1169-1-1920x1280.jpg 1920w\" sizes=\"(max-width: 300px) 100vw, 300px\" \/><\/p>\t\t\t<\/div>\n\t\t  <\/div>\n\t\t<\/div>\n\t\t\n\t\t\t\t\t\t<\/div>\n\t\t\t\t<\/div>\n\t\t\t\t\t<\/div>\n\t\t<\/div>\n\t\t\t\t\t<\/div>\n\t\t<\/section>\n\t\t<div class=\"elementor-element elementor-element-f11d8b7 e-flex e-con-boxed wpr-particle-no wpr-jarallax-no wpr-parallax-no wpr-sticky-section-no wpr-equal-height-no e-con e-parent\" data-id=\"f11d8b7\" data-element_type=\"container\" data-e-type=\"container\">\n\t\t\t\t\t<div class=\"e-con-inner\">\n\t\t\t\t<div class=\"elementor-element elementor-element-e74d6a9 elementor-widget elementor-widget-spacer\" data-id=\"e74d6a9\" data-element_type=\"widget\" data-e-type=\"widget\" data-widget_type=\"spacer.default\">\n\t\t\t\t<div class=\"elementor-widget-container\">\n\t\t\t\t\t\t\t<div class=\"elementor-spacer\">\n\t\t\t<div class=\"elementor-spacer-inner\"><\/div>\n\t\t<\/div>\n\t\t\t\t\t\t<\/div>\n\t\t\t\t<\/div>\n\t\t\t\t\t<\/div>\n\t\t\t\t<\/div>\n\t\t\t\t<\/div>","protected":false},"excerpt":{"rendered":"<p>NEWS Borgel Umformtechnik GmbH feiert die Ankunft der neuen Abkantpresse Borgel Umformtechnik GmbH feiert die Ankunft der neuen Abkantpresse Die Borgel Umformtechnik GmbH freut sich \u00fcber die erfolgreiche Lieferung und Inbetriebnahme ihrer hochmodernen Abkantpresse am 18. Juni 2024. Nach Abschluss der pr\u00e4zisen Fundamentarbeiten wurde die... <\/p>\n<div class=\"readmore\"><a href=\"https:\/\/borgel.com\/de\/news-14-2-2-2-2\" class=\"btn-link\">Weiterlesen<\/a><\/div>","protected":false},"author":1,"featured_media":6406,"parent":0,"menu_order":0,"comment_status":"closed","ping_status":"closed","template":"template-elementor-default.php","meta":{"_acf_changed":false,"footnotes":""},"class_list":["post-6445","page","type-page","status-publish","has-post-thumbnail","hentry"],"acf":[],"_links":{"self":[{"href":"https:\/\/borgel.com\/de\/wp-json\/wp\/v2\/pages\/6445","targetHints":{"allow":["GET"]}}],"collection":[{"href":"https:\/\/borgel.com\/de\/wp-json\/wp\/v2\/pages"}],"about":[{"href":"https:\/\/borgel.com\/de\/wp-json\/wp\/v2\/types\/page"}],"author":[{"embeddable":true,"href":"https:\/\/borgel.com\/de\/wp-json\/wp\/v2\/users\/1"}],"replies":[{"embeddable":true,"href":"https:\/\/borgel.com\/de\/wp-json\/wp\/v2\/comments?post=6445"}],"version-history":[{"count":7,"href":"https:\/\/borgel.com\/de\/wp-json\/wp\/v2\/pages\/6445\/revisions"}],"predecessor-version":[{"id":6478,"href":"https:\/\/borgel.com\/de\/wp-json\/wp\/v2\/pages\/6445\/revisions\/6478"}],"wp:featuredmedia":[{"embeddable":true,"href":"https:\/\/borgel.com\/de\/wp-json\/wp\/v2\/media\/6406"}],"wp:attachment":[{"href":"https:\/\/borgel.com\/de\/wp-json\/wp\/v2\/media?parent=6445"}],"curies":[{"name":"wp","href":"https:\/\/api.w.org\/{rel}","templated":true}]}}