{"id":6581,"date":"2024-09-16T13:11:57","date_gmt":"2024-09-16T13:11:57","guid":{"rendered":"https:\/\/borgel.com\/?page_id=6581"},"modified":"2026-04-23T08:46:17","modified_gmt":"2026-04-23T08:46:17","slug":"muensterlandmanager","status":"publish","type":"page","link":"https:\/\/borgel.com\/de\/muensterlandmanager","title":{"rendered":"Borgel Elementbau im M\u00fcnsterland Manager vorgestellt"},"content":{"rendered":"<div data-elementor-type=\"wp-page\" data-elementor-id=\"6581\" class=\"elementor elementor-6581\" data-elementor-post-type=\"page\">\n\t\t\t\t\t\t<section class=\"elementor-section elementor-top-section elementor-element elementor-element-24f918b elementor-section-full_width elementor-section-height-default elementor-section-height-default wpr-particle-no wpr-jarallax-no wpr-parallax-no wpr-sticky-section-no wpr-equal-height-no\" data-id=\"24f918b\" data-element_type=\"section\" data-e-type=\"section\">\n\t\t\t\t\t\t<div class=\"elementor-container elementor-column-gap-no\">\n\t\t\t\t\t<div class=\"elementor-column elementor-col-100 elementor-top-column elementor-element elementor-element-c77494c\" data-id=\"c77494c\" data-element_type=\"column\" data-e-type=\"column\">\n\t\t\t<div class=\"elementor-widget-wrap elementor-element-populated\">\n\t\t\t\t\t\t<div class=\"elementor-element elementor-element-794f13e elementor-widget elementor-widget-larson-intro\" data-id=\"794f13e\" data-element_type=\"widget\" data-e-type=\"widget\" data-widget_type=\"larson-intro.default\">\n\t\t\t\t<div class=\"elementor-widget-container\">\n\t\t\t\t\t\n\t\t<article class=\"article\">\n\t        <header class=\"article__header\">\n\t          <div class=\"container\">\n\t            \t            <h1 class=\"article__heading heading heading--size-large\">\n\t            \t<span >\n\t\t\t\t\t\tNEWS\t\t\t\t\t<\/span>\n\t            <\/h1>\n\t            \t            \t            <div class=\"article__header-text\">\n\t            \t<span >\n\t\t\t\t\t\t<p>Borgel Elementbau im M\u00fcnsterland Manager vorgestellt\n<\/p>\t\t\t\t\t<\/span>\n\t            <\/div>\n\t            \t          <\/div>\n\t        <\/header>\n\t        \t    <\/article>\n\n\t\t\t\t\t\t<\/div>\n\t\t\t\t<\/div>\n\t\t\t\t\t<\/div>\n\t\t<\/div>\n\t\t\t\t\t<\/div>\n\t\t<\/section>\n\t\t<div class=\"elementor-element elementor-element-f11d8b7 e-flex e-con-boxed wpr-particle-no wpr-jarallax-no wpr-parallax-no wpr-sticky-section-no wpr-equal-height-no e-con e-parent\" data-id=\"f11d8b7\" data-element_type=\"container\" data-e-type=\"container\">\n\t\t\t\t\t<div class=\"e-con-inner\">\n\t\t\t\t<div class=\"elementor-element elementor-element-e74d6a9 elementor-widget elementor-widget-spacer\" data-id=\"e74d6a9\" data-element_type=\"widget\" data-e-type=\"widget\" data-widget_type=\"spacer.default\">\n\t\t\t\t<div class=\"elementor-widget-container\">\n\t\t\t\t\t\t\t<div class=\"elementor-spacer\">\n\t\t\t<div class=\"elementor-spacer-inner\"><\/div>\n\t\t<\/div>\n\t\t\t\t\t\t<\/div>\n\t\t\t\t<\/div>\n\t\t\t\t\t<\/div>\n\t\t\t\t<\/div>\n\t\t<div class=\"elementor-element elementor-element-1c1b483 e-flex e-con-boxed wpr-particle-no wpr-jarallax-no wpr-parallax-no wpr-sticky-section-no wpr-equal-height-no e-con e-parent\" data-id=\"1c1b483\" data-element_type=\"container\" data-e-type=\"container\">\n\t\t\t\t\t<div class=\"e-con-inner\">\n\t\t<div class=\"elementor-element elementor-element-ba7c2a5 e-con-full e-flex wpr-particle-no wpr-jarallax-no wpr-parallax-no wpr-sticky-section-no wpr-equal-height-no e-con e-child\" data-id=\"ba7c2a5\" data-element_type=\"container\" data-e-type=\"container\">\n\t\t\t\t<\/div>\n\t\t\t\t\t<\/div>\n\t\t\t\t<\/div>\n\t\t<div class=\"elementor-element elementor-element-a074c9f e-flex e-con-boxed wpr-particle-no wpr-jarallax-no wpr-parallax-no wpr-sticky-section-no wpr-equal-height-no e-con e-parent\" data-id=\"a074c9f\" data-element_type=\"container\" data-e-type=\"container\">\n\t\t\t\t\t<div class=\"e-con-inner\">\n\t\t<div class=\"elementor-element elementor-element-bd2ff15 e-con-full e-flex wpr-particle-no wpr-jarallax-no wpr-parallax-no wpr-sticky-section-no wpr-equal-height-no e-con e-child\" data-id=\"bd2ff15\" data-element_type=\"container\" data-e-type=\"container\">\n\t\t\t\t<div class=\"elementor-element elementor-element-0b5d573 elementor-widget elementor-widget-image\" data-id=\"0b5d573\" data-element_type=\"widget\" data-e-type=\"widget\" data-widget_type=\"image.default\">\n\t\t\t\t<div class=\"elementor-widget-container\">\n\t\t\t\t\t\t\t\t\t\t\t\t\t\t\t<img fetchpriority=\"high\" decoding=\"async\" width=\"590\" height=\"834\" src=\"https:\/\/borgel.com\/wp-content\/uploads\/2026\/04\/Bildschirmfoto-2026-04-23-um-10.20.13.png\" class=\"attachment-large size-large wp-image-7449\" alt=\"\" srcset=\"https:\/\/borgel.com\/wp-content\/uploads\/2026\/04\/Bildschirmfoto-2026-04-23-um-10.20.13.png 590w, https:\/\/borgel.com\/wp-content\/uploads\/2026\/04\/Bildschirmfoto-2026-04-23-um-10.20.13-212x300.png 212w, https:\/\/borgel.com\/wp-content\/uploads\/2026\/04\/Bildschirmfoto-2026-04-23-um-10.20.13-8x12.png 8w\" sizes=\"(max-width: 590px) 100vw, 590px\" \/>\t\t\t\t\t\t\t\t\t\t\t\t\t\t\t<\/div>\n\t\t\t\t<\/div>\n\t\t\t\t<div class=\"elementor-element elementor-element-07e628c elementor-widget elementor-widget-image\" data-id=\"07e628c\" data-element_type=\"widget\" data-e-type=\"widget\" data-widget_type=\"image.default\">\n\t\t\t\t<div class=\"elementor-widget-container\">\n\t\t\t\t\t\t\t\t\t\t\t\t\t\t\t<img decoding=\"async\" width=\"900\" height=\"506\" src=\"https:\/\/borgel.com\/wp-content\/uploads\/2026\/04\/cover_borgel_elementbau_6840_00__1776346273838-1024x576.webp\" class=\"attachment-large size-large wp-image-7445\" alt=\"\" srcset=\"https:\/\/borgel.com\/wp-content\/uploads\/2026\/04\/cover_borgel_elementbau_6840_00__1776346273838-1024x576.webp 1024w, https:\/\/borgel.com\/wp-content\/uploads\/2026\/04\/cover_borgel_elementbau_6840_00__1776346273838-300x169.webp 300w, https:\/\/borgel.com\/wp-content\/uploads\/2026\/04\/cover_borgel_elementbau_6840_00__1776346273838-768x432.webp 768w, https:\/\/borgel.com\/wp-content\/uploads\/2026\/04\/cover_borgel_elementbau_6840_00__1776346273838-1536x864.webp 1536w, https:\/\/borgel.com\/wp-content\/uploads\/2026\/04\/cover_borgel_elementbau_6840_00__1776346273838-18x10.webp 18w, https:\/\/borgel.com\/wp-content\/uploads\/2026\/04\/cover_borgel_elementbau_6840_00__1776346273838-900x506.webp 900w, https:\/\/borgel.com\/wp-content\/uploads\/2026\/04\/cover_borgel_elementbau_6840_00__1776346273838-1170x658.webp 1170w, https:\/\/borgel.com\/wp-content\/uploads\/2026\/04\/cover_borgel_elementbau_6840_00__1776346273838.webp 1600w\" sizes=\"(max-width: 900px) 100vw, 900px\" \/>\t\t\t\t\t\t\t\t\t\t\t\t\t\t\t<\/div>\n\t\t\t\t<\/div>\n\t\t\t\t<div class=\"elementor-element elementor-element-aa7b40a elementor-widget elementor-widget-button\" data-id=\"aa7b40a\" data-element_type=\"widget\" data-e-type=\"widget\" data-widget_type=\"button.default\">\n\t\t\t\t<div class=\"elementor-widget-container\">\n\t\t\t\t\t\t\t\t\t<div class=\"elementor-button-wrapper\">\n\t\t\t\t\t<a class=\"elementor-button elementor-button-link elementor-size-sm\" href=\"https:\/\/www.regiomanager.de\/artikel\/borgel-elementbau-das-kann-man-nurmit-borgel-machen\/\">\n\t\t\t\t\t\t<span class=\"elementor-button-content-wrapper\">\n\t\t\t\t\t\t\t\t\t<span class=\"elementor-button-text\">Der vollst\u00e4ndige Artikel<\/span>\n\t\t\t\t\t<\/span>\n\t\t\t\t\t<\/a>\n\t\t\t\t<\/div>\n\t\t\t\t\t\t\t\t<\/div>\n\t\t\t\t<\/div>\n\t\t\t\t<\/div>\n\t\t<div class=\"elementor-element elementor-element-f69966a e-con-full e-flex wpr-particle-no wpr-jarallax-no wpr-parallax-no wpr-sticky-section-no wpr-equal-height-no e-con e-child\" data-id=\"f69966a\" data-element_type=\"container\" data-e-type=\"container\">\n\t\t\t\t<div class=\"elementor-element elementor-element-c65bbbf elementor-widget elementor-widget-text-editor\" data-id=\"c65bbbf\" data-element_type=\"widget\" data-e-type=\"widget\" data-widget_type=\"text-editor.default\">\n\t\t\t\t<div class=\"elementor-widget-container\">\n\t\t\t\t\t\t\t\t\t<h2>Borgel Elementbau im M\u00fcnsterland Manager vorgestellt<\/h2><p>Die Borgel Elementbau GmbH wurde k\u00fcrzlich als Titelgeschichte im renommierten Wirtschaftsmagazin M\u00fcnsterland Manager vorgestellt.<br \/>Unter der \u00dcberschrift \u201cDas kann man nur mit Borgel machen\u201d zeigt der Artikel, wie sich das Unternehmen aus H\u00f6rstel in den letzten Jahren zu einem europaweit gefragten Hidden Champion entwickelt hat.<\/p><p><strong>Drei wichtige Erfolgsfaktoren:<\/strong><br \/>Der Artikel befasst sich mit drei zentralen Faktoren f\u00fcr den Erfolg von Borgel.<\/p><p><strong>Umwandlung und Nachfolge<br \/><\/strong>Mit dem vollzogenen Generationswechsel hat das Unternehmen eine klare Weichenstellung f\u00fcr die Zukunft vorgenommen: strategisch, strukturell und kulturell.<\/p><p><strong>Digitale Exzellenz<\/strong><br \/>Seit mehr als einem Jahrzehnt setzt Borgel konsequent auf fortschrittliche digitale Planungsprozesse wie das Building Information Modeling (BIM). Projekte werden vollst\u00e4ndig in einer virtuellen Umgebung realisiert, bevor sie vor Ort ausgef\u00fchrt werden, was einen klaren Wettbewerbsvorteil darstellt.<\/p><p><strong>Kultur und Organisation<\/strong>\u2028<br \/>Selbstorganisierte Teams, flache Hierarchien und ein hohes Ma\u00df an Verantwortungsbewusstsein bestimmen das t\u00e4gliche Arbeitsumfeld.\u00a0<\/p><p><strong>International gefragt, im M\u00fcnsterland verwurzelt<\/strong><br \/>Der Artikel macht eines deutlich: W\u00e4hrend Borgel hochkomplexe Projekte wie Rechenzentren und Kraftwerke in ganz Europa realisiert, bleibt das Unternehmen in seiner eigenen Region ein Hidden Champion.<br \/>Mit einem prognostizierten Bauvolumen von rund 70 Millionen Euro im Jahr 2026 und einem klaren Wachstumskurs geh\u00f6rt Borgel zu den spannendsten Industrieunternehmen im M\u00fcnsterland.<\/p><p><strong>Ein starkes Signal f\u00fcr die Region<\/strong><br \/>Der Beitrag im M\u00fcnsterland Manager unterstreicht die Bedeutung von Borgel Elementbau als innovatives mittelst\u00e4ndisches Unternehmen mit internationaler Ausstrahlung und verdeutlicht gleichzeitig das bemerkenswerte Potenzial der Region M\u00fcnsterland.<\/p><p><span style=\"text-decoration: underline;\"><a href=\"https:\/\/www.regiomanager.de\/artikel\/borgel-elementbau-das-kann-man-nurmit-borgel-machen\/\">Hier ist der vollst\u00e4ndige Artikel<\/a><\/span><\/p>\t\t\t\t\t\t\t\t<\/div>\n\t\t\t\t<\/div>\n\t\t\t\t<\/div>\n\t\t\t\t\t<\/div>\n\t\t\t\t<\/div>\n\t\t<div class=\"elementor-element elementor-element-332126d e-flex e-con-boxed wpr-particle-no wpr-jarallax-no wpr-parallax-no wpr-sticky-section-no wpr-equal-height-no e-con e-parent\" data-id=\"332126d\" data-element_type=\"container\" data-e-type=\"container\">\n\t\t\t\t\t<div class=\"e-con-inner\">\n\t\t\t\t\t<\/div>\n\t\t\t\t<\/div>\n\t\t\t\t<\/div>","protected":false},"excerpt":{"rendered":"<p>NEWS Borgel Elementbau featured in M\u00fcnsterland Manager The full article Borgel Elementbau featured in M\u00fcnsterland Manager Borgel Elementbau GmbH has recently been featured as a cover story in the renowned business magazine M\u00fcnsterland Manager.Under the headline \u201cThis can only be done with Borgel\u201d, the article highlights how the company from&#8230; <\/p>\n<div class=\"readmore\"><a href=\"https:\/\/borgel.com\/de\/muensterlandmanager\" class=\"btn-link\">Weiterlesen<\/a><\/div>","protected":false},"author":1,"featured_media":6583,"parent":0,"menu_order":0,"comment_status":"closed","ping_status":"closed","template":"template-elementor-default.php","meta":{"_acf_changed":false,"footnotes":""},"class_list":["post-6581","page","type-page","status-publish","has-post-thumbnail","hentry"],"acf":[],"_links":{"self":[{"href":"https:\/\/borgel.com\/de\/wp-json\/wp\/v2\/pages\/6581","targetHints":{"allow":["GET"]}}],"collection":[{"href":"https:\/\/borgel.com\/de\/wp-json\/wp\/v2\/pages"}],"about":[{"href":"https:\/\/borgel.com\/de\/wp-json\/wp\/v2\/types\/page"}],"author":[{"embeddable":true,"href":"https:\/\/borgel.com\/de\/wp-json\/wp\/v2\/users\/1"}],"replies":[{"embeddable":true,"href":"https:\/\/borgel.com\/de\/wp-json\/wp\/v2\/comments?post=6581"}],"version-history":[{"count":30,"href":"https:\/\/borgel.com\/de\/wp-json\/wp\/v2\/pages\/6581\/revisions"}],"predecessor-version":[{"id":7471,"href":"https:\/\/borgel.com\/de\/wp-json\/wp\/v2\/pages\/6581\/revisions\/7471"}],"wp:featuredmedia":[{"embeddable":true,"href":"https:\/\/borgel.com\/de\/wp-json\/wp\/v2\/media\/6583"}],"wp:attachment":[{"href":"https:\/\/borgel.com\/de\/wp-json\/wp\/v2\/media?parent=6581"}],"curies":[{"name":"wp","href":"https:\/\/api.w.org\/{rel}","templated":true}]}}