{"id":6652,"date":"2024-09-30T05:31:13","date_gmt":"2024-09-30T05:31:13","guid":{"rendered":"https:\/\/borgel.com\/?page_id=6652"},"modified":"2024-09-30T05:37:28","modified_gmt":"2024-09-30T05:37:28","slug":"news-14-2-2-2-2-2-2","status":"publish","type":"page","link":"https:\/\/borgel.com\/de\/news-14-2-2-2-2-2-2","title":{"rendered":"Erfolgreiche SCC**-Jahrespr\u00fcfung mit Fortf\u00fchrung der Firmenzertifizierung"},"content":{"rendered":"<div data-elementor-type=\"wp-page\" data-elementor-id=\"6652\" class=\"elementor elementor-6652\" data-elementor-post-type=\"page\">\n\t\t\t\t\t\t<section class=\"elementor-section elementor-top-section elementor-element elementor-element-24f918b elementor-section-full_width elementor-section-height-default elementor-section-height-default wpr-particle-no wpr-jarallax-no wpr-parallax-no wpr-sticky-section-no wpr-equal-height-no\" data-id=\"24f918b\" data-element_type=\"section\" data-e-type=\"section\">\n\t\t\t\t\t\t<div class=\"elementor-container elementor-column-gap-no\">\n\t\t\t\t\t<div class=\"elementor-column elementor-col-100 elementor-top-column elementor-element elementor-element-c77494c\" data-id=\"c77494c\" data-element_type=\"column\" data-e-type=\"column\">\n\t\t\t<div class=\"elementor-widget-wrap elementor-element-populated\">\n\t\t\t\t\t\t<div class=\"elementor-element elementor-element-794f13e elementor-widget elementor-widget-larson-intro\" data-id=\"794f13e\" data-element_type=\"widget\" data-e-type=\"widget\" data-widget_type=\"larson-intro.default\">\n\t\t\t\t<div class=\"elementor-widget-container\">\n\t\t\t\t\t\n\t\t<article class=\"article\">\n\t        <header class=\"article__header\">\n\t          <div class=\"container\">\n\t            \t            <h1 class=\"article__heading heading heading--size-large\">\n\t            \t<span >\n\t\t\t\t\t\tNEWS\t\t\t\t\t<\/span>\n\t            <\/h1>\n\t            \t            \t            <div class=\"article__header-text\">\n\t            \t<span >\n\t\t\t\t\t\t<p>Erfolgreiche SCC**-Jahrespr\u00fcfung mit Fortf\u00fchrung der Firmenzertifizierung<\/p>\t\t\t\t\t<\/span>\n\t            <\/div>\n\t            \t          <\/div>\n\t        <\/header>\n\t        \t        <div class=\"article__single-service-image container\">\n\t          <img decoding=\"async\" src=\"https:\/\/borgel.com\/wp-content\/uploads\/2024\/09\/Zertifikat_300924.jpeg\" alt=\"\" \/>\n\t        <\/div>\n\t        \t    <\/article>\n\n\t\t\t\t\t\t<\/div>\n\t\t\t\t<\/div>\n\t\t\t\t\t<\/div>\n\t\t<\/div>\n\t\t\t\t\t<\/div>\n\t\t<\/section>\n\t\t\t\t<section class=\"elementor-section elementor-top-section elementor-element elementor-element-e61b6a8 elementor-section-full_width elementor-section-height-default elementor-section-height-default wpr-particle-no wpr-jarallax-no wpr-parallax-no wpr-sticky-section-no wpr-equal-height-no\" data-id=\"e61b6a8\" data-element_type=\"section\" data-e-type=\"section\">\n\t\t\t\t\t\t<div class=\"elementor-container elementor-column-gap-no\">\n\t\t\t\t\t<div class=\"elementor-column elementor-col-100 elementor-top-column elementor-element elementor-element-957378c\" data-id=\"957378c\" data-element_type=\"column\" data-e-type=\"column\">\n\t\t\t<div class=\"elementor-widget-wrap elementor-element-populated\">\n\t\t\t\t\t\t<div class=\"elementor-element elementor-element-25b14ea elementor-widget elementor-widget-larson-service-description\" data-id=\"25b14ea\" data-element_type=\"widget\" data-e-type=\"widget\" data-widget_type=\"larson-service-description.default\">\n\t\t\t\t<div class=\"elementor-widget-container\">\n\t\t\t\t\t\n\t\t\t\t<div class=\"article__main article__main--width-small container\">\n          <div class=\"single-service-block\">\n          \t<div >\n\t\t\t\t<h2>Erfolgreiche SCC**-Jahrespr\u00fcfung mit Fortf\u00fchrung der Firmenzertifizierung<\/h2><p>Bereits im Jahr 2009 wurde in der Borgel Elementbau GmbH das zertifizierte Arbeitsschutzmanagementsystem SCC* eingef\u00fchrt \u2013 seit 2010 in der h\u00f6chstm\u00f6glichen Stufe SCC** und seit 2022 nach der neuen Norm SCC**-VAZ.<\/p><p>Seitdem haben wir alle erfolgreich dazu beigetragen, unsere Arbeitsabl\u00e4ufe zu verbessern und die t\u00e4gliche Arbeit sicherer zu machen. Sichere Arbeitsmittel, umfassende Schulungen, gut strukturierte Baustellenabl\u00e4ufe, verschiedene Unternehmensprogramme f\u00fcr Gesundheit und Wohlbefinden sowie motivierte und engagierte Besch\u00e4ftigte sind nur einige der Dinge, die uns insgesamt einen sehr guten Arbeitsschutzstand halten lassen. Neben den Sicherheits-Awards bei unseren Projekten wird das auch durch die Mitte September sehr erfolgreich durchgef\u00fchrte Jahrespr\u00fcfung mit einer Fortf\u00fchrung der Zertifizierung anerkannt! \u00a0<\/p>\t\t\t<\/div>\n\t\t  <\/div>\n\t\t<\/div>\n\t\t\n\t\t\t\t\t\t<\/div>\n\t\t\t\t<\/div>\n\t\t\t\t\t<\/div>\n\t\t<\/div>\n\t\t\t\t\t<\/div>\n\t\t<\/section>\n\t\t<div class=\"elementor-element elementor-element-f11d8b7 e-flex e-con-boxed wpr-particle-no wpr-jarallax-no wpr-parallax-no wpr-sticky-section-no wpr-equal-height-no e-con e-parent\" data-id=\"f11d8b7\" data-element_type=\"container\" data-e-type=\"container\">\n\t\t\t\t\t<div class=\"e-con-inner\">\n\t\t\t\t<div class=\"elementor-element elementor-element-e74d6a9 elementor-widget elementor-widget-spacer\" data-id=\"e74d6a9\" data-element_type=\"widget\" data-e-type=\"widget\" data-widget_type=\"spacer.default\">\n\t\t\t\t<div class=\"elementor-widget-container\">\n\t\t\t\t\t\t\t<div class=\"elementor-spacer\">\n\t\t\t<div class=\"elementor-spacer-inner\"><\/div>\n\t\t<\/div>\n\t\t\t\t\t\t<\/div>\n\t\t\t\t<\/div>\n\t\t\t\t\t<\/div>\n\t\t\t\t<\/div>\n\t\t\t\t<\/div>","protected":false},"excerpt":{"rendered":"<p>NEWS Erfolgreiches SCC**-Jahresaudit mit Fortf\u00fchrung der Unternehmenszertifizierungt Erfolgreiches SCC**-Jahresaudit mit Fortf\u00fchrung der Unternehmenszertifizierung Im Jahr 2009 f\u00fchrte die Borgel Elementbau GmbH das zertifizierte Arbeitsschutzmanagementsystem SCC* ein - seit 2010 auf dem h\u00f6chsten Niveau SCC** und seit 2022 nach der neuen Norm SCC**-VAZ. Seit... <\/p>\n<div class=\"readmore\"><a href=\"https:\/\/borgel.com\/de\/news-14-2-2-2-2-2-2\" class=\"btn-link\">Weiterlesen<\/a><\/div>","protected":false},"author":1,"featured_media":6654,"parent":0,"menu_order":0,"comment_status":"closed","ping_status":"closed","template":"template-elementor-default.php","meta":{"_acf_changed":false,"footnotes":""},"class_list":["post-6652","page","type-page","status-publish","has-post-thumbnail","hentry"],"acf":[],"_links":{"self":[{"href":"https:\/\/borgel.com\/de\/wp-json\/wp\/v2\/pages\/6652","targetHints":{"allow":["GET"]}}],"collection":[{"href":"https:\/\/borgel.com\/de\/wp-json\/wp\/v2\/pages"}],"about":[{"href":"https:\/\/borgel.com\/de\/wp-json\/wp\/v2\/types\/page"}],"author":[{"embeddable":true,"href":"https:\/\/borgel.com\/de\/wp-json\/wp\/v2\/users\/1"}],"replies":[{"embeddable":true,"href":"https:\/\/borgel.com\/de\/wp-json\/wp\/v2\/comments?post=6652"}],"version-history":[{"count":4,"href":"https:\/\/borgel.com\/de\/wp-json\/wp\/v2\/pages\/6652\/revisions"}],"predecessor-version":[{"id":6657,"href":"https:\/\/borgel.com\/de\/wp-json\/wp\/v2\/pages\/6652\/revisions\/6657"}],"wp:featuredmedia":[{"embeddable":true,"href":"https:\/\/borgel.com\/de\/wp-json\/wp\/v2\/media\/6654"}],"wp:attachment":[{"href":"https:\/\/borgel.com\/de\/wp-json\/wp\/v2\/media?parent=6652"}],"curies":[{"name":"wp","href":"https:\/\/api.w.org\/{rel}","templated":true}]}}