{"id":6980,"date":"2025-06-02T07:35:35","date_gmt":"2025-06-02T07:35:35","guid":{"rendered":"https:\/\/borgel.com\/?page_id=6980"},"modified":"2026-05-04T12:07:50","modified_gmt":"2026-05-04T12:07:50","slug":"innovation_baustelle","status":"publish","type":"page","link":"https:\/\/borgel.com\/de\/innovation_baustelle","title":{"rendered":"Reel: Innovation auf der Baustelle"},"content":{"rendered":"<div data-elementor-type=\"wp-page\" data-elementor-id=\"6980\" class=\"elementor elementor-6980\" data-elementor-post-type=\"page\">\n\t\t\t\t\t\t<section class=\"elementor-section elementor-top-section elementor-element elementor-element-24f918b elementor-section-full_width elementor-section-height-default elementor-section-height-default wpr-particle-no wpr-jarallax-no wpr-parallax-no wpr-sticky-section-no wpr-column-slider-no wpr-equal-height-no\" data-id=\"24f918b\" data-element_type=\"section\" data-e-type=\"section\">\n\t\t\t\t\t\t<div class=\"elementor-container elementor-column-gap-no\">\n\t\t\t\t\t<div class=\"elementor-column elementor-col-100 elementor-top-column elementor-element elementor-element-c77494c\" data-id=\"c77494c\" data-element_type=\"column\" data-e-type=\"column\">\n\t\t\t<div class=\"elementor-widget-wrap elementor-element-populated\">\n\t\t\t\t\t\t<div class=\"elementor-element elementor-element-794f13e elementor-widget elementor-widget-larson-intro\" data-id=\"794f13e\" data-element_type=\"widget\" data-e-type=\"widget\" data-widget_type=\"larson-intro.default\">\n\t\t\t\t<div class=\"elementor-widget-container\">\n\t\t\t\t\t\n\t\t<article class=\"article\">\n\t        <header class=\"article__header\">\n\t          <div class=\"container\">\n\t            \t            <h1 class=\"article__heading heading heading--size-large\">\n\t            \t<span >\n\t\t\t\t\t\tNEWS\t\t\t\t\t<\/span>\n\t            <\/h1>\n\t            \t            \t            <div class=\"article__header-text\">\n\t            \t<span >\n\t\t\t\t\t\tInnovation trifft auf Konstruktion\t\t\t\t\t<\/span>\n\t            <\/div>\n\t            \t          <\/div>\n\t        <\/header>\n\t        \t    <\/article>\n\n\t\t\t\t\t\t<\/div>\n\t\t\t\t<\/div>\n\t\t\t\t\t<\/div>\n\t\t<\/div>\n\t\t\t\t\t<\/div>\n\t\t<\/section>\n\t\t<div class=\"elementor-element elementor-element-b0cc6a9 e-flex e-con-boxed wpr-particle-no wpr-jarallax-no wpr-parallax-no wpr-sticky-section-no wpr-column-slider-no wpr-equal-height-no e-con e-parent\" data-id=\"b0cc6a9\" data-element_type=\"container\" data-e-type=\"container\">\n\t\t\t\t\t<div class=\"e-con-inner\">\n\t\t<div class=\"elementor-element elementor-element-427b948 e-con-full e-flex wpr-particle-no wpr-jarallax-no wpr-parallax-no wpr-sticky-section-no wpr-column-slider-no wpr-equal-height-no e-con e-child\" data-id=\"427b948\" data-element_type=\"container\" data-e-type=\"container\">\n\t\t\t\t<div class=\"elementor-element elementor-element-775c07a elementor-widget elementor-widget-video\" data-id=\"775c07a\" data-element_type=\"widget\" data-e-type=\"widget\" data-settings=\"{&quot;video_type&quot;:&quot;hosted&quot;,&quot;autoplay&quot;:&quot;yes&quot;,&quot;play_on_mobile&quot;:&quot;yes&quot;,&quot;controls&quot;:&quot;yes&quot;}\" data-widget_type=\"video.default\">\n\t\t\t\t<div class=\"elementor-widget-container\">\n\t\t\t\t\t\t\t<div class=\"e-hosted-video elementor-wrapper elementor-open-inline\">\n\t\t\t\t\t<video class=\"elementor-video\" src=\"https:\/\/borgel.com\/wp-content\/uploads\/2025\/06\/copy_0955B2C7-97BF-496A-AD39-166D1440D1B4.mov\" autoplay=\"\" controls=\"\" playsinline=\"\" controlslist=\"nodownload\" poster=\"https:\/\/borgel.com\/wp-content\/uploads\/2025\/06\/C0175T01.jpg\"><\/video>\n\t\t\t\t<\/div>\n\t\t\t\t\t\t<\/div>\n\t\t\t\t<\/div>\n\t\t\t\t<\/div>\n\t\t<div class=\"elementor-element elementor-element-f3dd6dc e-con-full e-flex wpr-particle-no wpr-jarallax-no wpr-parallax-no wpr-sticky-section-no wpr-column-slider-no wpr-equal-height-no e-con e-child\" data-id=\"f3dd6dc\" data-element_type=\"container\" data-e-type=\"container\">\n\t\t\t\t<div class=\"elementor-element elementor-element-c20d032 elementor-widget elementor-widget-text-editor\" data-id=\"c20d032\" data-element_type=\"widget\" data-e-type=\"widget\" data-widget_type=\"text-editor.default\">\n\t\t\t\t<div class=\"elementor-widget-container\">\n\t\t\t\t\t\t\t\t\t<div><h1><strong data-start=\"64\" data-end=\"102\">3D-Brille auf der Baustelle?<\/strong><\/h1><\/div><p data-start=\"64\" data-end=\"190\">Die Baustelle von gestern ist Geschichte, heute geht es um den Aufbau der Zukunft.<\/p><p data-start=\"192\" data-end=\"449\">Wir bei Borgel bringen moderne Technologien genau dorthin, wo sie am meisten gebraucht werden, direkt auf die Baustelle. Wir arbeiten bereits mit digitalen Planungsmethoden wie <span class=\"hover:entity-accent entity-underline inline cursor-pointer align-baseline\"><span class=\"whitespace-normal\">Building Information Modeling<\/span><\/span> (BIM), um Prozesse effizienter und pr\u00e4ziser zu gestalten.<\/p><p data-start=\"451\" data-end=\"782\">Ein spannender n\u00e4chster Schritt ist der Einsatz von 3D-Brillen. In Kombination mit digitalen Modellen k\u00f6nnen Bauteile direkt im realen Raum sichtbar gemacht werden. Pl\u00e4ne werden nicht mehr nur gelesen, sondern auf der Baustelle erlebt. Mit den neusten 3D-Technologien lassen sich virtuelle Inhalte exakt in die reale Umgebung integrieren.<\/p><p data-start=\"784\" data-end=\"1051\">Das erm\u00f6glicht es, Plan und Realit\u00e4t sofort miteinander abzugleichen, Fehler fr\u00fchzeitig zu erkennen und Abl\u00e4ufe deutlich effizienter zu gestalten. Gleichzeitig verbessert sich die Abstimmung zwischen den Gewerken, da alle Beteiligten auf derselben visuellen Grundlage arbeiten.<\/p><p data-start=\"1053\" data-end=\"1168\" data-is-last-node=\"\" data-is-only-node=\"\">So wird die Baustelle nicht nur digitaler, sondern vor allem intelligenter, pr\u00e4ziser und zukunftsf\u00e4hig.<\/p>\t\t\t\t\t\t\t\t<\/div>\n\t\t\t\t<\/div>\n\t\t\t\t<\/div>\n\t\t\t\t\t<\/div>\n\t\t\t\t<\/div>\n\t\t<div class=\"elementor-element elementor-element-99785ac e-flex e-con-boxed wpr-particle-no wpr-jarallax-no wpr-parallax-no wpr-sticky-section-no wpr-column-slider-no wpr-equal-height-no e-con e-parent\" data-id=\"99785ac\" data-element_type=\"container\" data-e-type=\"container\">\n\t\t\t\t\t<div class=\"e-con-inner\">\n\t\t<div class=\"elementor-element elementor-element-6dde61b e-con-full e-flex wpr-particle-no wpr-jarallax-no wpr-parallax-no wpr-sticky-section-no wpr-column-slider-no wpr-equal-height-no e-con e-child\" data-id=\"6dde61b\" data-element_type=\"container\" data-e-type=\"container\">\n\t\t\t\t<\/div>\n\t\t<div class=\"elementor-element elementor-element-431004d e-con-full e-flex wpr-particle-no wpr-jarallax-no wpr-parallax-no wpr-sticky-section-no wpr-column-slider-no wpr-equal-height-no e-con e-child\" data-id=\"431004d\" data-element_type=\"container\" data-e-type=\"container\">\n\t\t\t\t<\/div>\n\t\t\t\t\t<\/div>\n\t\t\t\t<\/div>\n\t\t\t\t<\/div>","protected":false},"excerpt":{"rendered":"<p>NEWS Innovation Meets Construction https:\/\/borgel.com\/wp-content\/uploads\/2025\/06\/copy_0955B2C7-97BF-496A-AD39-166D1440D1B4.mov 3D glasses on a construction site? The construction site of yesterday is history. Today it is about building the future. At Borgel, we bring modern technologies exactly where they are needed most, directly onto the construction site. We are already working with digital planning methods&#8230; <\/p>\n<div class=\"readmore\"><a href=\"https:\/\/borgel.com\/de\/innovation_baustelle\" class=\"btn-link\">Weiterlesen<\/a><\/div>","protected":false},"author":1,"featured_media":7145,"parent":0,"menu_order":0,"comment_status":"closed","ping_status":"closed","template":"template-elementor-default.php","meta":{"_acf_changed":false,"footnotes":""},"class_list":["post-6980","page","type-page","status-publish","has-post-thumbnail","hentry"],"acf":[],"_links":{"self":[{"href":"https:\/\/borgel.com\/de\/wp-json\/wp\/v2\/pages\/6980","targetHints":{"allow":["GET"]}}],"collection":[{"href":"https:\/\/borgel.com\/de\/wp-json\/wp\/v2\/pages"}],"about":[{"href":"https:\/\/borgel.com\/de\/wp-json\/wp\/v2\/types\/page"}],"author":[{"embeddable":true,"href":"https:\/\/borgel.com\/de\/wp-json\/wp\/v2\/users\/1"}],"replies":[{"embeddable":true,"href":"https:\/\/borgel.com\/de\/wp-json\/wp\/v2\/comments?post=6980"}],"version-history":[{"count":25,"href":"https:\/\/borgel.com\/de\/wp-json\/wp\/v2\/pages\/6980\/revisions"}],"predecessor-version":[{"id":7551,"href":"https:\/\/borgel.com\/de\/wp-json\/wp\/v2\/pages\/6980\/revisions\/7551"}],"wp:featuredmedia":[{"embeddable":true,"href":"https:\/\/borgel.com\/de\/wp-json\/wp\/v2\/media\/7145"}],"wp:attachment":[{"href":"https:\/\/borgel.com\/de\/wp-json\/wp\/v2\/media?parent=6980"}],"curies":[{"name":"wp","href":"https:\/\/api.w.org\/{rel}","templated":true}]}}