{"id":6985,"date":"2025-06-02T08:08:04","date_gmt":"2025-06-02T08:08:04","guid":{"rendered":"https:\/\/borgel.com\/?page_id=6985"},"modified":"2025-06-10T12:55:28","modified_gmt":"2025-06-10T12:55:28","slug":"scrum-methode","status":"publish","type":"page","link":"https:\/\/borgel.com\/de\/scrum-methode","title":{"rendered":"Reel: Scrum-Methode"},"content":{"rendered":"<div data-elementor-type=\"wp-page\" data-elementor-id=\"6985\" class=\"elementor elementor-6985\" data-elementor-post-type=\"page\">\n\t\t\t\t\t\t<section class=\"elementor-section elementor-top-section elementor-element elementor-element-24f918b elementor-section-full_width elementor-section-height-default elementor-section-height-default wpr-particle-no wpr-jarallax-no wpr-parallax-no wpr-sticky-section-no wpr-equal-height-no\" data-id=\"24f918b\" data-element_type=\"section\" data-e-type=\"section\">\n\t\t\t\t\t\t<div class=\"elementor-container elementor-column-gap-no\">\n\t\t\t\t\t<div class=\"elementor-column elementor-col-100 elementor-top-column elementor-element elementor-element-c77494c\" data-id=\"c77494c\" data-element_type=\"column\" data-e-type=\"column\">\n\t\t\t<div class=\"elementor-widget-wrap elementor-element-populated\">\n\t\t\t\t\t\t<div class=\"elementor-element elementor-element-794f13e elementor-widget elementor-widget-larson-intro\" data-id=\"794f13e\" data-element_type=\"widget\" data-e-type=\"widget\" data-widget_type=\"larson-intro.default\">\n\t\t\t\t<div class=\"elementor-widget-container\">\n\t\t\t\t\t\n\t\t<article class=\"article\">\n\t        <header class=\"article__header\">\n\t          <div class=\"container\">\n\t            \t            <h1 class=\"article__heading heading heading--size-large\">\n\t            \t<span >\n\t\t\t\t\t\tNEWS\t\t\t\t\t<\/span>\n\t            <\/h1>\n\t            \t            \t            <div class=\"article__header-text\">\n\t            \t<span >\n\t\t\t\t\t\tSCRUM bei Borgel \t\t\t\t\t<\/span>\n\t            <\/div>\n\t            \t          <\/div>\n\t        <\/header>\n\t        \t    <\/article>\n\n\t\t\t\t\t\t<\/div>\n\t\t\t\t<\/div>\n\t\t\t\t\t<\/div>\n\t\t<\/div>\n\t\t\t\t\t<\/div>\n\t\t<\/section>\n\t\t<div class=\"elementor-element elementor-element-b0cc6a9 e-flex e-con-boxed wpr-particle-no wpr-jarallax-no wpr-parallax-no wpr-sticky-section-no wpr-equal-height-no e-con e-parent\" data-id=\"b0cc6a9\" data-element_type=\"container\" data-e-type=\"container\">\n\t\t\t\t\t<div class=\"e-con-inner\">\n\t\t<div class=\"elementor-element elementor-element-427b948 e-con-full e-flex wpr-particle-no wpr-jarallax-no wpr-parallax-no wpr-sticky-section-no wpr-equal-height-no e-con e-child\" data-id=\"427b948\" data-element_type=\"container\" data-e-type=\"container\">\n\t\t\t\t<div class=\"elementor-element elementor-element-775c07a elementor-widget elementor-widget-video\" data-id=\"775c07a\" data-element_type=\"widget\" data-e-type=\"widget\" data-settings=\"{&quot;video_type&quot;:&quot;hosted&quot;,&quot;autoplay&quot;:&quot;yes&quot;,&quot;play_on_mobile&quot;:&quot;yes&quot;,&quot;controls&quot;:&quot;yes&quot;}\" data-widget_type=\"video.default\">\n\t\t\t\t<div class=\"elementor-widget-container\">\n\t\t\t\t\t\t\t<div class=\"e-hosted-video elementor-wrapper elementor-open-inline\">\n\t\t\t\t\t<video class=\"elementor-video\" src=\"https:\/\/borgel.com\/wp-content\/uploads\/2025\/06\/copy_1DD47173-48CB-41AA-8977-03DE2DC99ECD.mov\" autoplay=\"\" controls=\"\" playsinline=\"\" controlslist=\"nodownload\" poster=\"https:\/\/borgel.com\/wp-content\/uploads\/2025\/06\/Bildschirmfoto-2025-06-02-um-16.43.53.png\"><\/video>\n\t\t\t\t<\/div>\n\t\t\t\t\t\t<\/div>\n\t\t\t\t<\/div>\n\t\t\t\t<\/div>\n\t\t<div class=\"elementor-element elementor-element-f3dd6dc e-con-full e-flex wpr-particle-no wpr-jarallax-no wpr-parallax-no wpr-sticky-section-no wpr-equal-height-no e-con e-child\" data-id=\"f3dd6dc\" data-element_type=\"container\" data-e-type=\"container\">\n\t\t\t\t<div class=\"elementor-element elementor-element-c20d032 elementor-widget elementor-widget-text-editor\" data-id=\"c20d032\" data-element_type=\"widget\" data-e-type=\"widget\" data-widget_type=\"text-editor.default\">\n\t\t\t\t<div class=\"elementor-widget-container\">\n\t\t\t\t\t\t\t\t\t<div><h1><span lang=\"EN-US\">ZUSAMMENARBEIT, DIE BEWEGT!<\/span><\/h1><\/div><div><p style=\"font-weight: 400;\">Bei Borgel verwenden wir die Scrum-Methode, um unsere Projekte mit maximaler Transparenz, Teamst\u00e4rke und Kundenorientierung durchzuf\u00fchren.<\/p><p style=\"font-weight: 400;\"><strong><em><span lang=\"EN-US\">Agil. Flexibel. Fokussiert.<\/span><\/em><\/strong><\/p><p style=\"font-weight: 400;\">Unsere Teams arbeiten gemeinsam an L\u00f6sungen, die einen echten Mehrwert schaffen - f\u00fcr uns und unsere Kunden<\/p><ul><li style=\"font-weight: 400;\">Regelm\u00e4\u00dfige Treffen<\/li><li style=\"font-weight: 400;\">Klare Rollen<\/li><li style=\"font-weight: 400;\">Kommunikation in Echtzeit<\/li><li style=\"font-weight: 400;\">Maximale Effizienz<\/li><\/ul><p><strong><em>So gestalten wir Arbeitsprozesse, die nicht nur effizient, sondern auch motivierend und nachhaltig sind.<\/em><\/strong><\/p><\/div><div><div><span lang=\"EN-US\">\u00a0<\/span><\/div><\/div><p data-start=\"122\" data-end=\"517\">\u00a0<\/p>\t\t\t\t\t\t\t\t<\/div>\n\t\t\t\t<\/div>\n\t\t\t\t<\/div>\n\t\t\t\t\t<\/div>\n\t\t\t\t<\/div>\n\t\t<div class=\"elementor-element elementor-element-bb01440 e-flex e-con-boxed wpr-particle-no wpr-jarallax-no wpr-parallax-no wpr-sticky-section-no wpr-equal-height-no e-con e-parent\" data-id=\"bb01440\" data-element_type=\"container\" data-e-type=\"container\">\n\t\t\t\t\t<div class=\"e-con-inner\">\n\t\t<div class=\"elementor-element elementor-element-7837621 e-con-full e-flex wpr-particle-no wpr-jarallax-no wpr-parallax-no wpr-sticky-section-no wpr-equal-height-no e-con e-child\" data-id=\"7837621\" data-element_type=\"container\" data-e-type=\"container\">\n\t\t\t\t<\/div>\n\t\t<div class=\"elementor-element elementor-element-9b682bb e-con-full e-flex wpr-particle-no wpr-jarallax-no wpr-parallax-no wpr-sticky-section-no wpr-equal-height-no e-con e-child\" data-id=\"9b682bb\" data-element_type=\"container\" data-e-type=\"container\">\n\t\t\t\t<\/div>\n\t\t\t\t\t<\/div>\n\t\t\t\t<\/div>\n\t\t\t\t<\/div>","protected":false},"excerpt":{"rendered":"<p>NEWS SCRUM bei Borgel https:\/\/borgel.com\/wp-content\/uploads\/2025\/06\/copy_1DD47173-48CB-41AA-8977-03DE2DC99ECD.mov COLLABORATION THAT MOVES! Bei Borgel nutzen wir die Scrum-Methode, um unsere Projekte mit maximaler Transparenz, Teamst\u00e4rke und Kundenorientierung durchzuf\u00fchren. Agil. Flexibel. Fokussiert. Unsere Teams arbeiten gemeinsam an L\u00f6sungen, die einen echten Wert schaffen - f\u00fcr uns und unsere Kunden Regelm\u00e4\u00dfige Meetings Klare... <\/p>\n<div class=\"readmore\"><a href=\"https:\/\/borgel.com\/de\/scrum-methode\" class=\"btn-link\">Weiterlesen<\/a><\/div>","protected":false},"author":1,"featured_media":7147,"parent":0,"menu_order":0,"comment_status":"closed","ping_status":"closed","template":"template-elementor-default.php","meta":{"_acf_changed":false,"footnotes":""},"class_list":["post-6985","page","type-page","status-publish","has-post-thumbnail","hentry"],"acf":[],"_links":{"self":[{"href":"https:\/\/borgel.com\/de\/wp-json\/wp\/v2\/pages\/6985","targetHints":{"allow":["GET"]}}],"collection":[{"href":"https:\/\/borgel.com\/de\/wp-json\/wp\/v2\/pages"}],"about":[{"href":"https:\/\/borgel.com\/de\/wp-json\/wp\/v2\/types\/page"}],"author":[{"embeddable":true,"href":"https:\/\/borgel.com\/de\/wp-json\/wp\/v2\/users\/1"}],"replies":[{"embeddable":true,"href":"https:\/\/borgel.com\/de\/wp-json\/wp\/v2\/comments?post=6985"}],"version-history":[{"count":25,"href":"https:\/\/borgel.com\/de\/wp-json\/wp\/v2\/pages\/6985\/revisions"}],"predecessor-version":[{"id":7160,"href":"https:\/\/borgel.com\/de\/wp-json\/wp\/v2\/pages\/6985\/revisions\/7160"}],"wp:featuredmedia":[{"embeddable":true,"href":"https:\/\/borgel.com\/de\/wp-json\/wp\/v2\/media\/7147"}],"wp:attachment":[{"href":"https:\/\/borgel.com\/de\/wp-json\/wp\/v2\/media?parent=6985"}],"curies":[{"name":"wp","href":"https:\/\/api.w.org\/{rel}","templated":true}]}}