{"id":7197,"date":"2025-09-24T12:45:57","date_gmt":"2025-09-24T12:45:57","guid":{"rendered":"https:\/\/borgel.com\/?page_id=7197"},"modified":"2025-09-24T12:48:34","modified_gmt":"2025-09-24T12:48:34","slug":"borgel_supports","status":"publish","type":"page","link":"https:\/\/borgel.com\/de\/borgel_supports","title":{"rendered":"Borgel unterst\u00fctzt die C-Jugend Mannschaft von Stella Bevergern"},"content":{"rendered":"<div data-elementor-type=\"wp-page\" data-elementor-id=\"7197\" class=\"elementor elementor-7197\" data-elementor-post-type=\"page\">\n\t\t\t\t\t\t<section class=\"elementor-section elementor-top-section elementor-element elementor-element-24f918b elementor-section-full_width elementor-section-height-default elementor-section-height-default wpr-particle-no wpr-jarallax-no wpr-parallax-no wpr-sticky-section-no wpr-equal-height-no\" data-id=\"24f918b\" data-element_type=\"section\" data-e-type=\"section\">\n\t\t\t\t\t\t<div class=\"elementor-container elementor-column-gap-no\">\n\t\t\t\t\t<div class=\"elementor-column elementor-col-100 elementor-top-column elementor-element elementor-element-c77494c\" data-id=\"c77494c\" data-element_type=\"column\" data-e-type=\"column\">\n\t\t\t<div class=\"elementor-widget-wrap elementor-element-populated\">\n\t\t\t\t\t\t<div class=\"elementor-element elementor-element-794f13e elementor-widget elementor-widget-larson-intro\" data-id=\"794f13e\" data-element_type=\"widget\" data-e-type=\"widget\" data-widget_type=\"larson-intro.default\">\n\t\t\t\t<div class=\"elementor-widget-container\">\n\t\t\t\t\t\n\t\t<article class=\"article\">\n\t        <header class=\"article__header\">\n\t          <div class=\"container\">\n\t            \t            <h1 class=\"article__heading heading heading--size-large\">\n\t            \t<span >\n\t\t\t\t\t\tNEWS\t\t\t\t\t<\/span>\n\t            <\/h1>\n\t            \t            \t            <div class=\"article__header-text\">\n\t            \t<span >\n\t\t\t\t\t\t<p>Borgel unterst\u00fctzt die C-Jugend Mannschaft von Stella Bevergern<\/p>\t\t\t\t\t<\/span>\n\t            <\/div>\n\t            \t          <\/div>\n\t        <\/header>\n\t        \t    <\/article>\n\n\t\t\t\t\t\t<\/div>\n\t\t\t\t<\/div>\n\t\t\t\t\t<\/div>\n\t\t<\/div>\n\t\t\t\t\t<\/div>\n\t\t<\/section>\n\t\t<div class=\"elementor-element elementor-element-f11d8b7 e-flex e-con-boxed wpr-particle-no wpr-jarallax-no wpr-parallax-no wpr-sticky-section-no wpr-equal-height-no e-con e-parent\" data-id=\"f11d8b7\" data-element_type=\"container\" data-e-type=\"container\">\n\t\t\t\t\t<div class=\"e-con-inner\">\n\t\t\t\t<div class=\"elementor-element elementor-element-e74d6a9 elementor-widget elementor-widget-spacer\" data-id=\"e74d6a9\" data-element_type=\"widget\" data-e-type=\"widget\" data-widget_type=\"spacer.default\">\n\t\t\t\t<div class=\"elementor-widget-container\">\n\t\t\t\t\t\t\t<div class=\"elementor-spacer\">\n\t\t\t<div class=\"elementor-spacer-inner\"><\/div>\n\t\t<\/div>\n\t\t\t\t\t\t<\/div>\n\t\t\t\t<\/div>\n\t\t\t\t\t<\/div>\n\t\t\t\t<\/div>\n\t\t<div class=\"elementor-element elementor-element-a074c9f e-flex e-con-boxed wpr-particle-no wpr-jarallax-no wpr-parallax-no wpr-sticky-section-no wpr-equal-height-no e-con e-parent\" data-id=\"a074c9f\" data-element_type=\"container\" data-e-type=\"container\">\n\t\t\t\t\t<div class=\"e-con-inner\">\n\t\t<div class=\"elementor-element elementor-element-bd2ff15 e-con-full e-flex wpr-particle-no wpr-jarallax-no wpr-parallax-no wpr-sticky-section-no wpr-equal-height-no e-con e-child\" data-id=\"bd2ff15\" data-element_type=\"container\" data-e-type=\"container\">\n\t\t\t\t<div class=\"elementor-element elementor-element-07e628c elementor-widget elementor-widget-image\" data-id=\"07e628c\" data-element_type=\"widget\" data-e-type=\"widget\" data-widget_type=\"image.default\">\n\t\t\t\t<div class=\"elementor-widget-container\">\n\t\t\t\t\t\t\t\t\t\t\t\t\t\t\t<img fetchpriority=\"high\" decoding=\"async\" width=\"768\" height=\"1024\" src=\"https:\/\/borgel.com\/wp-content\/uploads\/2025\/09\/IMG-20250730-WA0001-768x1024.jpg\" class=\"attachment-large size-large wp-image-7199\" alt=\"\" srcset=\"https:\/\/borgel.com\/wp-content\/uploads\/2025\/09\/IMG-20250730-WA0001-768x1024.jpg 768w, https:\/\/borgel.com\/wp-content\/uploads\/2025\/09\/IMG-20250730-WA0001-225x300.jpg 225w, https:\/\/borgel.com\/wp-content\/uploads\/2025\/09\/IMG-20250730-WA0001-1152x1536.jpg 1152w, https:\/\/borgel.com\/wp-content\/uploads\/2025\/09\/IMG-20250730-WA0001-9x12.jpg 9w, https:\/\/borgel.com\/wp-content\/uploads\/2025\/09\/IMG-20250730-WA0001-900x1200.jpg 900w, https:\/\/borgel.com\/wp-content\/uploads\/2025\/09\/IMG-20250730-WA0001.jpg 1500w\" sizes=\"(max-width: 768px) 100vw, 768px\" \/>\t\t\t\t\t\t\t\t\t\t\t\t\t\t\t<\/div>\n\t\t\t\t<\/div>\n\t\t\t\t<\/div>\n\t\t<div class=\"elementor-element elementor-element-f69966a e-con-full e-flex wpr-particle-no wpr-jarallax-no wpr-parallax-no wpr-sticky-section-no wpr-equal-height-no e-con e-child\" data-id=\"f69966a\" data-element_type=\"container\" data-e-type=\"container\">\n\t\t\t\t<div class=\"elementor-element elementor-element-c65bbbf elementor-widget elementor-widget-text-editor\" data-id=\"c65bbbf\" data-element_type=\"widget\" data-e-type=\"widget\" data-widget_type=\"text-editor.default\">\n\t\t\t\t<div class=\"elementor-widget-container\">\n\t\t\t\t\t\t\t\t\t<h2>Borgel unterst\u00fctzt die C-Jugend von Stella Bevergern mit brandneuen Trikots<\/h2><p data-start=\"146\" data-end=\"482\">Die Jugendf\u00f6rderung liegt uns am Herzen - deshalb freuen wir uns, die C-Jugend von Stella Bevergern mit einem brandneuen Trikotsatz auszustatten.<br data-start=\"291\" data-end=\"294\" \/>Mit ihren neuen Outfits startet die Mannschaft hoch motiviert in die Saison. Wir w\u00fcnschen allen Spielern viele spannende Spiele, gro\u00dfen sportlichen Erfolg und vor allem viel Freude auf dem Platz.<\/p><p data-start=\"484\" data-end=\"712\">F\u00fcr Borgel ist dieses Engagement ein wichtiger Beitrag zur F\u00f6rderung der Jugend und des Vereinslebens in unserer Region. Gemeinsam wollen wir Werte wie Teamgeist, Fairness und Solidarit\u00e4t f\u00f6rdern - auf und neben dem Spielfeld.<\/p><p data-start=\"714\" data-end=\"756\"><strong>Wir sagen: Viel Gl\u00fcck, Stella Bevergern!\u00a0<\/strong><\/p>\t\t\t\t\t\t\t\t<\/div>\n\t\t\t\t<\/div>\n\t\t\t\t<\/div>\n\t\t\t\t\t<\/div>\n\t\t\t\t<\/div>\n\t\t\t\t<\/div>","protected":false},"excerpt":{"rendered":"<p>NEWS Borgel unterst\u00fctzt die C-Jugend von Stella Bevergern Borgel unterst\u00fctzt die C-Jugend von Stella Bevergern mit nagelneuen Trikots Die Jugendf\u00f6rderung liegt uns am Herzen - deshalb freuen wir uns, die C-Jugend von Stella Bevergern mit einem nagelneuen Trikotsatz auszustatten.... <\/p>\n<div class=\"readmore\"><a href=\"https:\/\/borgel.com\/de\/borgel_supports\" class=\"btn-link\">Weiterlesen<\/a><\/div>","protected":false},"author":1,"featured_media":7199,"parent":0,"menu_order":0,"comment_status":"closed","ping_status":"closed","template":"template-elementor-default.php","meta":{"_acf_changed":false,"footnotes":""},"class_list":["post-7197","page","type-page","status-publish","has-post-thumbnail","hentry"],"acf":[],"_links":{"self":[{"href":"https:\/\/borgel.com\/de\/wp-json\/wp\/v2\/pages\/7197","targetHints":{"allow":["GET"]}}],"collection":[{"href":"https:\/\/borgel.com\/de\/wp-json\/wp\/v2\/pages"}],"about":[{"href":"https:\/\/borgel.com\/de\/wp-json\/wp\/v2\/types\/page"}],"author":[{"embeddable":true,"href":"https:\/\/borgel.com\/de\/wp-json\/wp\/v2\/users\/1"}],"replies":[{"embeddable":true,"href":"https:\/\/borgel.com\/de\/wp-json\/wp\/v2\/comments?post=7197"}],"version-history":[{"count":4,"href":"https:\/\/borgel.com\/de\/wp-json\/wp\/v2\/pages\/7197\/revisions"}],"predecessor-version":[{"id":7202,"href":"https:\/\/borgel.com\/de\/wp-json\/wp\/v2\/pages\/7197\/revisions\/7202"}],"wp:featuredmedia":[{"embeddable":true,"href":"https:\/\/borgel.com\/de\/wp-json\/wp\/v2\/media\/7199"}],"wp:attachment":[{"href":"https:\/\/borgel.com\/de\/wp-json\/wp\/v2\/media?parent=7197"}],"curies":[{"name":"wp","href":"https:\/\/api.w.org\/{rel}","templated":true}]}}