{"id":7213,"date":"2025-09-26T17:48:11","date_gmt":"2025-09-26T17:48:11","guid":{"rendered":"https:\/\/borgel.com\/?page_id=7213"},"modified":"2025-09-26T18:53:36","modified_gmt":"2025-09-26T18:53:36","slug":"borgel_differently","status":"publish","type":"page","link":"https:\/\/borgel.com\/de\/borgel_differently","title":{"rendered":"F\u00fchren ohne Engp\u00e4sse: Der Chef bleibt der Chef - nur anders."},"content":{"rendered":"<div data-elementor-type=\"wp-page\" data-elementor-id=\"7213\" class=\"elementor elementor-7213\" data-elementor-post-type=\"page\">\n\t\t\t\t\t\t<section class=\"elementor-section elementor-top-section elementor-element elementor-element-24f918b elementor-section-full_width elementor-section-height-default elementor-section-height-default wpr-particle-no wpr-jarallax-no wpr-parallax-no wpr-sticky-section-no wpr-equal-height-no\" data-id=\"24f918b\" data-element_type=\"section\" data-e-type=\"section\">\n\t\t\t\t\t\t<div class=\"elementor-container elementor-column-gap-no\">\n\t\t\t\t\t<div class=\"elementor-column elementor-col-100 elementor-top-column elementor-element elementor-element-c77494c\" data-id=\"c77494c\" data-element_type=\"column\" data-e-type=\"column\">\n\t\t\t<div class=\"elementor-widget-wrap elementor-element-populated\">\n\t\t\t\t\t\t<div class=\"elementor-element elementor-element-794f13e elementor-widget elementor-widget-larson-intro\" data-id=\"794f13e\" data-element_type=\"widget\" data-e-type=\"widget\" data-widget_type=\"larson-intro.default\">\n\t\t\t\t<div class=\"elementor-widget-container\">\n\t\t\t\t\t\n\t\t<article class=\"article\">\n\t        <header class=\"article__header\">\n\t          <div class=\"container\">\n\t            \t            <h1 class=\"article__heading heading heading--size-large\">\n\t            \t<span >\n\t\t\t\t\t\tNEWS\t\t\t\t\t<\/span>\n\t            <\/h1>\n\t            \t            \t            <div class=\"article__header-text\">\n\t            \t<span >\n\t\t\t\t\t\t<p>F\u00fchren ohne Engp\u00e4sse: Der Chef bleibt der Chef - nur anders.<\/p>\t\t\t\t\t<\/span>\n\t            <\/div>\n\t            \t          <\/div>\n\t        <\/header>\n\t        \t    <\/article>\n\n\t\t\t\t\t\t<\/div>\n\t\t\t\t<\/div>\n\t\t\t\t\t<\/div>\n\t\t<\/div>\n\t\t\t\t\t<\/div>\n\t\t<\/section>\n\t\t<div class=\"elementor-element elementor-element-f11d8b7 e-flex e-con-boxed wpr-particle-no wpr-jarallax-no wpr-parallax-no wpr-sticky-section-no wpr-equal-height-no e-con e-parent\" data-id=\"f11d8b7\" data-element_type=\"container\" data-e-type=\"container\">\n\t\t\t\t\t<div class=\"e-con-inner\">\n\t\t\t\t<div class=\"elementor-element elementor-element-e74d6a9 elementor-widget elementor-widget-spacer\" data-id=\"e74d6a9\" data-element_type=\"widget\" data-e-type=\"widget\" data-widget_type=\"spacer.default\">\n\t\t\t\t<div class=\"elementor-widget-container\">\n\t\t\t\t\t\t\t<div class=\"elementor-spacer\">\n\t\t\t<div class=\"elementor-spacer-inner\"><\/div>\n\t\t<\/div>\n\t\t\t\t\t\t<\/div>\n\t\t\t\t<\/div>\n\t\t\t\t\t<\/div>\n\t\t\t\t<\/div>\n\t\t<div class=\"elementor-element elementor-element-a074c9f e-flex e-con-boxed wpr-particle-no wpr-jarallax-no wpr-parallax-no wpr-sticky-section-no wpr-equal-height-no e-con e-parent\" data-id=\"a074c9f\" data-element_type=\"container\" data-e-type=\"container\">\n\t\t\t\t\t<div class=\"e-con-inner\">\n\t\t<div class=\"elementor-element elementor-element-bd2ff15 e-con-full e-flex wpr-particle-no wpr-jarallax-no wpr-parallax-no wpr-sticky-section-no wpr-equal-height-no e-con e-child\" data-id=\"bd2ff15\" data-element_type=\"container\" data-e-type=\"container\">\n\t\t\t\t<div class=\"elementor-element elementor-element-07e628c elementor-widget elementor-widget-image\" data-id=\"07e628c\" data-element_type=\"widget\" data-e-type=\"widget\" data-widget_type=\"image.default\">\n\t\t\t\t<div class=\"elementor-widget-container\">\n\t\t\t\t\t\t\t\t\t\t\t\t\t\t\t<img fetchpriority=\"high\" decoding=\"async\" width=\"900\" height=\"675\" src=\"https:\/\/borgel.com\/wp-content\/uploads\/2025\/09\/8556271b-a822-4aaa-920f-3f1ef55a0f13-1024x768.jpg\" class=\"attachment-large size-large wp-image-7215\" alt=\"\" srcset=\"https:\/\/borgel.com\/wp-content\/uploads\/2025\/09\/8556271b-a822-4aaa-920f-3f1ef55a0f13-1024x768.jpg 1024w, https:\/\/borgel.com\/wp-content\/uploads\/2025\/09\/8556271b-a822-4aaa-920f-3f1ef55a0f13-300x225.jpg 300w, https:\/\/borgel.com\/wp-content\/uploads\/2025\/09\/8556271b-a822-4aaa-920f-3f1ef55a0f13-768x576.jpg 768w, https:\/\/borgel.com\/wp-content\/uploads\/2025\/09\/8556271b-a822-4aaa-920f-3f1ef55a0f13-1536x1152.jpg 1536w, https:\/\/borgel.com\/wp-content\/uploads\/2025\/09\/8556271b-a822-4aaa-920f-3f1ef55a0f13-16x12.jpg 16w, https:\/\/borgel.com\/wp-content\/uploads\/2025\/09\/8556271b-a822-4aaa-920f-3f1ef55a0f13-900x675.jpg 900w, https:\/\/borgel.com\/wp-content\/uploads\/2025\/09\/8556271b-a822-4aaa-920f-3f1ef55a0f13.jpg 1600w\" sizes=\"(max-width: 900px) 100vw, 900px\" \/>\t\t\t\t\t\t\t\t\t\t\t\t\t\t\t<\/div>\n\t\t\t\t<\/div>\n\t\t\t\t<\/div>\n\t\t<div class=\"elementor-element elementor-element-f69966a e-con-full e-flex wpr-particle-no wpr-jarallax-no wpr-parallax-no wpr-sticky-section-no wpr-equal-height-no e-con e-child\" data-id=\"f69966a\" data-element_type=\"container\" data-e-type=\"container\">\n\t\t\t\t<div class=\"elementor-element elementor-element-c65bbbf elementor-widget elementor-widget-text-editor\" data-id=\"c65bbbf\" data-element_type=\"widget\" data-e-type=\"widget\" data-widget_type=\"text-editor.default\">\n\t\t\t\t<div class=\"elementor-widget-container\">\n\t\t\t\t\t\t\t\t\t<h2>F\u00fchren ohne Engp\u00e4sse: Der Chef bleibt der Chef - nur anders.<\/h2><p>Sven und Niels Borgel hatten das gro\u00dfe Vergn\u00fcgen, ihre gemeinsame Reise mit Borgel Elementbau auf dem BVMW-Personalkongress 2025 zu teilen.<br \/><br \/>Der Weg f\u00fchrte uns von einem traditionell top-down gef\u00fchrten Familienunternehmen in der Baubranche zu autonomen, selbstorganisierten Teams.<\/p><p><strong>Was bleibt?<\/strong> Unsere Wurzeln, Werte und Verantwortung als Unternehmer.<\/p><p><strong>Was \u00e4ndert sich?<\/strong> Die Art, wie wir f\u00fchren: weniger Hierarchie und Kontrolle - mehr Vertrauen, Feedback und Eigenverantwortung.<\/p><p><strong>Unser Credo: \"Der Chef bleibt der Chef - nur anders.\"<\/strong><\/p><p>Moderne F\u00fchrung bedeutet f\u00fcr uns, innovative Methoden anzuwenden, ohne die Klarheit und Verl\u00e4sslichkeit aufzugeben, die ein Familienunternehmen auszeichnet.<\/p><p>Vielen Dank f\u00fcr die anregenden Gespr\u00e4che, den offenen Austausch und das gro\u00dfe Interesse!<\/p><p>\u00a0<\/p>\t\t\t\t\t\t\t\t<\/div>\n\t\t\t\t<\/div>\n\t\t\t\t<\/div>\n\t\t\t\t\t<\/div>\n\t\t\t\t<\/div>\n\t\t<div class=\"elementor-element elementor-element-43dbb74 e-flex e-con-boxed wpr-particle-no wpr-jarallax-no wpr-parallax-no wpr-sticky-section-no wpr-equal-height-no e-con e-parent\" data-id=\"43dbb74\" data-element_type=\"container\" data-e-type=\"container\">\n\t\t\t\t\t<div class=\"e-con-inner\">\n\t\t<div class=\"elementor-element elementor-element-81f4221 e-con-full e-flex wpr-particle-no wpr-jarallax-no wpr-parallax-no wpr-sticky-section-no wpr-equal-height-no e-con e-child\" data-id=\"81f4221\" data-element_type=\"container\" data-e-type=\"container\">\n\t\t\t\t<div class=\"elementor-element elementor-element-d9a0bee elementor-widget elementor-widget-image\" data-id=\"d9a0bee\" data-element_type=\"widget\" data-e-type=\"widget\" data-widget_type=\"image.default\">\n\t\t\t\t<div class=\"elementor-widget-container\">\n\t\t\t\t\t\t\t\t\t\t\t\t\t\t\t<img decoding=\"async\" width=\"768\" height=\"576\" src=\"https:\/\/borgel.com\/wp-content\/uploads\/2025\/09\/adec21dd-6c0c-4c5b-a989-dc8497d429a5-768x576.jpg\" class=\"attachment-medium_large size-medium_large wp-image-7216\" alt=\"\" srcset=\"https:\/\/borgel.com\/wp-content\/uploads\/2025\/09\/adec21dd-6c0c-4c5b-a989-dc8497d429a5-768x576.jpg 768w, https:\/\/borgel.com\/wp-content\/uploads\/2025\/09\/adec21dd-6c0c-4c5b-a989-dc8497d429a5-300x225.jpg 300w, https:\/\/borgel.com\/wp-content\/uploads\/2025\/09\/adec21dd-6c0c-4c5b-a989-dc8497d429a5-1024x768.jpg 1024w, https:\/\/borgel.com\/wp-content\/uploads\/2025\/09\/adec21dd-6c0c-4c5b-a989-dc8497d429a5-1536x1152.jpg 1536w, https:\/\/borgel.com\/wp-content\/uploads\/2025\/09\/adec21dd-6c0c-4c5b-a989-dc8497d429a5-16x12.jpg 16w, https:\/\/borgel.com\/wp-content\/uploads\/2025\/09\/adec21dd-6c0c-4c5b-a989-dc8497d429a5-900x675.jpg 900w, https:\/\/borgel.com\/wp-content\/uploads\/2025\/09\/adec21dd-6c0c-4c5b-a989-dc8497d429a5.jpg 1600w\" sizes=\"(max-width: 768px) 100vw, 768px\" \/>\t\t\t\t\t\t\t\t\t\t\t\t\t\t\t<\/div>\n\t\t\t\t<\/div>\n\t\t\t\t<\/div>\n\t\t<div class=\"elementor-element elementor-element-2468623 e-con-full e-flex wpr-particle-no wpr-jarallax-no wpr-parallax-no wpr-sticky-section-no wpr-equal-height-no e-con e-child\" data-id=\"2468623\" data-element_type=\"container\" data-e-type=\"container\">\n\t\t\t\t<div class=\"elementor-element elementor-element-529e973 elementor-widget elementor-widget-image\" data-id=\"529e973\" data-element_type=\"widget\" data-e-type=\"widget\" data-widget_type=\"image.default\">\n\t\t\t\t<div class=\"elementor-widget-container\">\n\t\t\t\t\t\t\t\t\t\t\t\t\t\t\t<img decoding=\"async\" width=\"900\" height=\"675\" src=\"https:\/\/borgel.com\/wp-content\/uploads\/2025\/09\/139f2f3f-72c9-451b-a972-94fa2bedda89-1024x768.jpg\" class=\"attachment-large size-large wp-image-7219\" alt=\"\" srcset=\"https:\/\/borgel.com\/wp-content\/uploads\/2025\/09\/139f2f3f-72c9-451b-a972-94fa2bedda89-1024x768.jpg 1024w, https:\/\/borgel.com\/wp-content\/uploads\/2025\/09\/139f2f3f-72c9-451b-a972-94fa2bedda89-300x225.jpg 300w, https:\/\/borgel.com\/wp-content\/uploads\/2025\/09\/139f2f3f-72c9-451b-a972-94fa2bedda89-768x576.jpg 768w, https:\/\/borgel.com\/wp-content\/uploads\/2025\/09\/139f2f3f-72c9-451b-a972-94fa2bedda89-1536x1152.jpg 1536w, https:\/\/borgel.com\/wp-content\/uploads\/2025\/09\/139f2f3f-72c9-451b-a972-94fa2bedda89-16x12.jpg 16w, https:\/\/borgel.com\/wp-content\/uploads\/2025\/09\/139f2f3f-72c9-451b-a972-94fa2bedda89-900x675.jpg 900w, https:\/\/borgel.com\/wp-content\/uploads\/2025\/09\/139f2f3f-72c9-451b-a972-94fa2bedda89.jpg 1600w\" sizes=\"(max-width: 900px) 100vw, 900px\" \/>\t\t\t\t\t\t\t\t\t\t\t\t\t\t\t<\/div>\n\t\t\t\t<\/div>\n\t\t\t\t<\/div>\n\t\t\t\t\t<\/div>\n\t\t\t\t<\/div>\n\t\t<div class=\"elementor-element elementor-element-b855971 e-flex e-con-boxed wpr-particle-no wpr-jarallax-no wpr-parallax-no wpr-sticky-section-no wpr-equal-height-no e-con e-parent\" data-id=\"b855971\" data-element_type=\"container\" data-e-type=\"container\">\n\t\t\t\t\t<div class=\"e-con-inner\">\n\t\t<div class=\"elementor-element elementor-element-729a482 e-con-full e-flex wpr-particle-no wpr-jarallax-no wpr-parallax-no wpr-sticky-section-no wpr-equal-height-no e-con e-child\" data-id=\"729a482\" data-element_type=\"container\" data-e-type=\"container\">\n\t\t\t\t<div class=\"elementor-element elementor-element-1346f37 elementor-widget elementor-widget-image\" data-id=\"1346f37\" data-element_type=\"widget\" data-e-type=\"widget\" data-widget_type=\"image.default\">\n\t\t\t\t<div class=\"elementor-widget-container\">\n\t\t\t\t\t\t\t\t\t\t\t\t\t\t\t<img loading=\"lazy\" decoding=\"async\" width=\"576\" height=\"1024\" src=\"https:\/\/borgel.com\/wp-content\/uploads\/2025\/09\/098b2976-3e4c-43c0-a0a5-301ed4402fd6-576x1024.jpg\" class=\"attachment-large size-large wp-image-7217\" alt=\"\" srcset=\"https:\/\/borgel.com\/wp-content\/uploads\/2025\/09\/098b2976-3e4c-43c0-a0a5-301ed4402fd6-576x1024.jpg 576w, https:\/\/borgel.com\/wp-content\/uploads\/2025\/09\/098b2976-3e4c-43c0-a0a5-301ed4402fd6-169x300.jpg 169w, https:\/\/borgel.com\/wp-content\/uploads\/2025\/09\/098b2976-3e4c-43c0-a0a5-301ed4402fd6-768x1365.jpg 768w, https:\/\/borgel.com\/wp-content\/uploads\/2025\/09\/098b2976-3e4c-43c0-a0a5-301ed4402fd6-864x1536.jpg 864w, https:\/\/borgel.com\/wp-content\/uploads\/2025\/09\/098b2976-3e4c-43c0-a0a5-301ed4402fd6-7x12.jpg 7w, https:\/\/borgel.com\/wp-content\/uploads\/2025\/09\/098b2976-3e4c-43c0-a0a5-301ed4402fd6-900x1600.jpg 900w, https:\/\/borgel.com\/wp-content\/uploads\/2025\/09\/098b2976-3e4c-43c0-a0a5-301ed4402fd6.jpg 1152w\" sizes=\"(max-width: 576px) 100vw, 576px\" \/>\t\t\t\t\t\t\t\t\t\t\t\t\t\t\t<\/div>\n\t\t\t\t<\/div>\n\t\t\t\t<\/div>\n\t\t<div class=\"elementor-element elementor-element-4f8c7eb e-con-full e-flex wpr-particle-no wpr-jarallax-no wpr-parallax-no wpr-sticky-section-no wpr-equal-height-no e-con e-child\" data-id=\"4f8c7eb\" data-element_type=\"container\" data-e-type=\"container\">\n\t\t\t\t<div class=\"elementor-element elementor-element-64555f9 elementor-widget elementor-widget-image\" data-id=\"64555f9\" data-element_type=\"widget\" data-e-type=\"widget\" data-widget_type=\"image.default\">\n\t\t\t\t<div class=\"elementor-widget-container\">\n\t\t\t\t\t\t\t\t\t\t\t\t\t\t\t<img loading=\"lazy\" decoding=\"async\" width=\"900\" height=\"506\" src=\"https:\/\/borgel.com\/wp-content\/uploads\/2025\/09\/87905a22-5ae9-4272-8784-6e4877f1835a-1-1024x576.jpg\" class=\"attachment-large size-large wp-image-7222\" alt=\"\" srcset=\"https:\/\/borgel.com\/wp-content\/uploads\/2025\/09\/87905a22-5ae9-4272-8784-6e4877f1835a-1-1024x576.jpg 1024w, https:\/\/borgel.com\/wp-content\/uploads\/2025\/09\/87905a22-5ae9-4272-8784-6e4877f1835a-1-300x169.jpg 300w, https:\/\/borgel.com\/wp-content\/uploads\/2025\/09\/87905a22-5ae9-4272-8784-6e4877f1835a-1-768x432.jpg 768w, https:\/\/borgel.com\/wp-content\/uploads\/2025\/09\/87905a22-5ae9-4272-8784-6e4877f1835a-1-1536x864.jpg 1536w, https:\/\/borgel.com\/wp-content\/uploads\/2025\/09\/87905a22-5ae9-4272-8784-6e4877f1835a-1-18x10.jpg 18w, https:\/\/borgel.com\/wp-content\/uploads\/2025\/09\/87905a22-5ae9-4272-8784-6e4877f1835a-1-900x506.jpg 900w, https:\/\/borgel.com\/wp-content\/uploads\/2025\/09\/87905a22-5ae9-4272-8784-6e4877f1835a-1-1170x658.jpg 1170w, https:\/\/borgel.com\/wp-content\/uploads\/2025\/09\/87905a22-5ae9-4272-8784-6e4877f1835a-1-1920x1080.jpg 1920w, https:\/\/borgel.com\/wp-content\/uploads\/2025\/09\/87905a22-5ae9-4272-8784-6e4877f1835a-1.jpg 2048w\" sizes=\"(max-width: 900px) 100vw, 900px\" \/>\t\t\t\t\t\t\t\t\t\t\t\t\t\t\t<\/div>\n\t\t\t\t<\/div>\n\t\t\t\t<\/div>\n\t\t\t\t\t<\/div>\n\t\t\t\t<\/div>\n\t\t\t\t<\/div>","protected":false},"excerpt":{"rendered":"<p>NEWS F\u00fchren ohne Engp\u00e4sse: Der Chef bleibt der Chef - nur anders. F\u00fchren ohne Engp\u00e4sse: Der Chef bleibt der Chef - nur anders. Sven und Niels Borgel hatten das gro\u00dfe Vergn\u00fcgen, auf dem BVMW-Personalkongress 2025 \u00fcber ihren gemeinsamen Weg mit Borgel Elementbau zu berichten. Der Weg f\u00fchrte uns von... <\/p>\n<div class=\"readmore\"><a href=\"https:\/\/borgel.com\/de\/borgel_differently\" class=\"btn-link\">Weiterlesen<\/a><\/div>","protected":false},"author":1,"featured_media":7215,"parent":0,"menu_order":0,"comment_status":"closed","ping_status":"closed","template":"template-elementor-default.php","meta":{"_acf_changed":false,"footnotes":""},"class_list":["post-7213","page","type-page","status-publish","has-post-thumbnail","hentry"],"acf":[],"_links":{"self":[{"href":"https:\/\/borgel.com\/de\/wp-json\/wp\/v2\/pages\/7213","targetHints":{"allow":["GET"]}}],"collection":[{"href":"https:\/\/borgel.com\/de\/wp-json\/wp\/v2\/pages"}],"about":[{"href":"https:\/\/borgel.com\/de\/wp-json\/wp\/v2\/types\/page"}],"author":[{"embeddable":true,"href":"https:\/\/borgel.com\/de\/wp-json\/wp\/v2\/users\/1"}],"replies":[{"embeddable":true,"href":"https:\/\/borgel.com\/de\/wp-json\/wp\/v2\/comments?post=7213"}],"version-history":[{"count":4,"href":"https:\/\/borgel.com\/de\/wp-json\/wp\/v2\/pages\/7213\/revisions"}],"predecessor-version":[{"id":7225,"href":"https:\/\/borgel.com\/de\/wp-json\/wp\/v2\/pages\/7213\/revisions\/7225"}],"wp:featuredmedia":[{"embeddable":true,"href":"https:\/\/borgel.com\/de\/wp-json\/wp\/v2\/media\/7215"}],"wp:attachment":[{"href":"https:\/\/borgel.com\/de\/wp-json\/wp\/v2\/media?parent=7213"}],"curies":[{"name":"wp","href":"https:\/\/api.w.org\/{rel}","templated":true}]}}