{"id":7244,"date":"2026-02-06T13:45:30","date_gmt":"2026-02-06T13:45:30","guid":{"rendered":"https:\/\/borgel.com\/?page_id=7244"},"modified":"2026-02-06T15:46:08","modified_gmt":"2026-02-06T15:46:08","slug":"kununu","status":"publish","type":"page","link":"https:\/\/borgel.com\/de\/kununu","title":{"rendered":"kununu"},"content":{"rendered":"<div data-elementor-type=\"wp-page\" data-elementor-id=\"7244\" class=\"elementor elementor-7244\" data-elementor-post-type=\"page\">\n\t\t\t\t\t\t<section class=\"elementor-section elementor-top-section elementor-element elementor-element-24f918b elementor-section-full_width elementor-section-height-default elementor-section-height-default wpr-particle-no wpr-jarallax-no wpr-parallax-no wpr-sticky-section-no wpr-equal-height-no\" data-id=\"24f918b\" data-element_type=\"section\" data-e-type=\"section\">\n\t\t\t\t\t\t<div class=\"elementor-container elementor-column-gap-no\">\n\t\t\t\t\t<div class=\"elementor-column elementor-col-100 elementor-top-column elementor-element elementor-element-c77494c\" data-id=\"c77494c\" data-element_type=\"column\" data-e-type=\"column\">\n\t\t\t<div class=\"elementor-widget-wrap elementor-element-populated\">\n\t\t\t\t\t\t<div class=\"elementor-element elementor-element-794f13e elementor-widget elementor-widget-larson-intro\" data-id=\"794f13e\" data-element_type=\"widget\" data-e-type=\"widget\" data-widget_type=\"larson-intro.default\">\n\t\t\t\t<div class=\"elementor-widget-container\">\n\t\t\t\t\t\n\t\t<article class=\"article\">\n\t        <header class=\"article__header\">\n\t          <div class=\"container\">\n\t            \t            <h1 class=\"article__heading heading heading--size-large\">\n\t            \t<span >\n\t\t\t\t\t\tNEWS\t\t\t\t\t<\/span>\n\t            <\/h1>\n\t            \t            \t            <div class=\"article__header-text\">\n\t            \t<span >\n\t\t\t\t\t\t<p>BORGEL wurde erstmals mit dem kununu Top Company-Siegel 2026 ausgezeichnet!<\/p>\t\t\t\t\t<\/span>\n\t            <\/div>\n\t            \t          <\/div>\n\t        <\/header>\n\t        \t    <\/article>\n\n\t\t\t\t\t\t<\/div>\n\t\t\t\t<\/div>\n\t\t\t\t\t<\/div>\n\t\t<\/div>\n\t\t\t\t\t<\/div>\n\t\t<\/section>\n\t\t<div class=\"elementor-element elementor-element-f11d8b7 e-flex e-con-boxed wpr-particle-no wpr-jarallax-no wpr-parallax-no wpr-sticky-section-no wpr-equal-height-no e-con e-parent\" data-id=\"f11d8b7\" data-element_type=\"container\" data-e-type=\"container\">\n\t\t\t\t\t<div class=\"e-con-inner\">\n\t\t\t\t<div class=\"elementor-element elementor-element-e74d6a9 elementor-widget elementor-widget-spacer\" data-id=\"e74d6a9\" data-element_type=\"widget\" data-e-type=\"widget\" data-widget_type=\"spacer.default\">\n\t\t\t\t<div class=\"elementor-widget-container\">\n\t\t\t\t\t\t\t<div class=\"elementor-spacer\">\n\t\t\t<div class=\"elementor-spacer-inner\"><\/div>\n\t\t<\/div>\n\t\t\t\t\t\t<\/div>\n\t\t\t\t<\/div>\n\t\t\t\t\t<\/div>\n\t\t\t\t<\/div>\n\t\t<div class=\"elementor-element elementor-element-a074c9f e-flex e-con-boxed wpr-particle-no wpr-jarallax-no wpr-parallax-no wpr-sticky-section-no wpr-equal-height-no e-con e-parent\" data-id=\"a074c9f\" data-element_type=\"container\" data-e-type=\"container\">\n\t\t\t\t\t<div class=\"e-con-inner\">\n\t\t<div class=\"elementor-element elementor-element-bd2ff15 e-con-full e-flex wpr-particle-no wpr-jarallax-no wpr-parallax-no wpr-sticky-section-no wpr-equal-height-no e-con e-child\" data-id=\"bd2ff15\" data-element_type=\"container\" data-e-type=\"container\">\n\t\t\t\t<div class=\"elementor-element elementor-element-07e628c elementor-widget elementor-widget-image\" data-id=\"07e628c\" data-element_type=\"widget\" data-e-type=\"widget\" data-widget_type=\"image.default\">\n\t\t\t\t<div class=\"elementor-widget-container\">\n\t\t\t\t\t\t\t\t\t\t\t\t\t\t\t<img fetchpriority=\"high\" decoding=\"async\" width=\"900\" height=\"900\" src=\"https:\/\/borgel.com\/wp-content\/uploads\/2026\/02\/TopCompany2026_StatischeAssets_01_1200x1200-1024x1024.png\" class=\"attachment-large size-large wp-image-7379\" alt=\"\" srcset=\"https:\/\/borgel.com\/wp-content\/uploads\/2026\/02\/TopCompany2026_StatischeAssets_01_1200x1200-1024x1024.png 1024w, https:\/\/borgel.com\/wp-content\/uploads\/2026\/02\/TopCompany2026_StatischeAssets_01_1200x1200-300x300.png 300w, https:\/\/borgel.com\/wp-content\/uploads\/2026\/02\/TopCompany2026_StatischeAssets_01_1200x1200-150x150.png 150w, https:\/\/borgel.com\/wp-content\/uploads\/2026\/02\/TopCompany2026_StatischeAssets_01_1200x1200-768x768.png 768w, https:\/\/borgel.com\/wp-content\/uploads\/2026\/02\/TopCompany2026_StatischeAssets_01_1200x1200-12x12.png 12w, https:\/\/borgel.com\/wp-content\/uploads\/2026\/02\/TopCompany2026_StatischeAssets_01_1200x1200-800x800.png 800w, https:\/\/borgel.com\/wp-content\/uploads\/2026\/02\/TopCompany2026_StatischeAssets_01_1200x1200-900x900.png 900w, https:\/\/borgel.com\/wp-content\/uploads\/2026\/02\/TopCompany2026_StatischeAssets_01_1200x1200-1080x1080.png 1080w, https:\/\/borgel.com\/wp-content\/uploads\/2026\/02\/TopCompany2026_StatischeAssets_01_1200x1200.png 1200w\" sizes=\"(max-width: 900px) 100vw, 900px\" \/>\t\t\t\t\t\t\t\t\t\t\t\t\t\t\t<\/div>\n\t\t\t\t<\/div>\n\t\t\t\t<\/div>\n\t\t<div class=\"elementor-element elementor-element-f69966a e-con-full e-flex wpr-particle-no wpr-jarallax-no wpr-parallax-no wpr-sticky-section-no wpr-equal-height-no e-con e-child\" data-id=\"f69966a\" data-element_type=\"container\" data-e-type=\"container\">\n\t\t\t\t<div class=\"elementor-element elementor-element-c65bbbf elementor-widget elementor-widget-text-editor\" data-id=\"c65bbbf\" data-element_type=\"widget\" data-e-type=\"widget\" data-widget_type=\"text-editor.default\">\n\t\t\t\t<div class=\"elementor-widget-container\">\n\t\t\t\t\t\t\t\t\t<h2>BORGEL wurde erstmals mit dem kununu Top Company-Siegel 2026 ausgezeichnet!<\/h2><p class=\"isSelectedEnd\">Diese Auszeichnung basiert ausschlie\u00dflich auf unabh\u00e4ngigen Bewertungen unserer Mitarbeiter, und nur rund f\u00fcnf Prozent aller Unternehmen in Deutschland erf\u00fcllen die Kriterien. Damit geh\u00f6ren wir offiziell zu den Arbeitgebern mit einem hervorragenden Arbeitsumfeld.<\/p><p>Wir sind stolz auf unser Team und sagen: Danke f\u00fcr euer Vertrauen!<\/p>\t\t\t\t\t\t\t\t<\/div>\n\t\t\t\t<\/div>\n\t\t\t\t<\/div>\n\t\t\t\t\t<\/div>\n\t\t\t\t<\/div>\n\t\t\t\t<\/div>","protected":false},"excerpt":{"rendered":"<p>NEWS BORGEL wurde erstmals mit dem kununu Top Company Seal 2026 ausgezeichnet! BORGEL wurde zum ersten Mal mit dem kununu Top Company Seal 2026 ausgezeichnet! Diese Auszeichnung basiert ausschlie\u00dflich auf unabh\u00e4ngigen Bewertungen unserer Mitarbeiter, und nur rund f\u00fcnf Prozent aller Unternehmen in Deutschland... <\/p>\n<div class=\"readmore\"><a href=\"https:\/\/borgel.com\/de\/kununu\" class=\"btn-link\">Weiterlesen<\/a><\/div>","protected":false},"author":1,"featured_media":7379,"parent":0,"menu_order":0,"comment_status":"closed","ping_status":"closed","template":"template-elementor-default.php","meta":{"_acf_changed":false,"footnotes":""},"class_list":["post-7244","page","type-page","status-publish","has-post-thumbnail","hentry"],"acf":[],"_links":{"self":[{"href":"https:\/\/borgel.com\/de\/wp-json\/wp\/v2\/pages\/7244","targetHints":{"allow":["GET"]}}],"collection":[{"href":"https:\/\/borgel.com\/de\/wp-json\/wp\/v2\/pages"}],"about":[{"href":"https:\/\/borgel.com\/de\/wp-json\/wp\/v2\/types\/page"}],"author":[{"embeddable":true,"href":"https:\/\/borgel.com\/de\/wp-json\/wp\/v2\/users\/1"}],"replies":[{"embeddable":true,"href":"https:\/\/borgel.com\/de\/wp-json\/wp\/v2\/comments?post=7244"}],"version-history":[{"count":7,"href":"https:\/\/borgel.com\/de\/wp-json\/wp\/v2\/pages\/7244\/revisions"}],"predecessor-version":[{"id":7392,"href":"https:\/\/borgel.com\/de\/wp-json\/wp\/v2\/pages\/7244\/revisions\/7392"}],"wp:featuredmedia":[{"embeddable":true,"href":"https:\/\/borgel.com\/de\/wp-json\/wp\/v2\/media\/7379"}],"wp:attachment":[{"href":"https:\/\/borgel.com\/de\/wp-json\/wp\/v2\/media?parent=7244"}],"curies":[{"name":"wp","href":"https:\/\/api.w.org\/{rel}","templated":true}]}}