{"id":7282,"date":"2025-11-26T06:37:02","date_gmt":"2025-11-26T06:37:02","guid":{"rendered":"https:\/\/borgel.com\/?page_id=7282"},"modified":"2025-11-26T06:38:37","modified_gmt":"2025-11-26T06:38:37","slug":"news-14-2-2-2-2-2-2-2","status":"publish","type":"page","link":"https:\/\/borgel.com\/de\/news-14-2-2-2-2-2-2-2","title":{"rendered":"Erfolgreiche SCC**-Jahresversammlung 2025"},"content":{"rendered":"<div data-elementor-type=\"wp-page\" data-elementor-id=\"7282\" class=\"elementor elementor-7282\" data-elementor-post-type=\"page\">\n\t\t\t\t\t\t<section class=\"elementor-section elementor-top-section elementor-element elementor-element-24f918b elementor-section-full_width elementor-section-height-default elementor-section-height-default wpr-particle-no wpr-jarallax-no wpr-parallax-no wpr-sticky-section-no wpr-equal-height-no\" data-id=\"24f918b\" data-element_type=\"section\" data-e-type=\"section\">\n\t\t\t\t\t\t<div class=\"elementor-container elementor-column-gap-no\">\n\t\t\t\t\t<div class=\"elementor-column elementor-col-100 elementor-top-column elementor-element elementor-element-c77494c\" data-id=\"c77494c\" data-element_type=\"column\" data-e-type=\"column\">\n\t\t\t<div class=\"elementor-widget-wrap elementor-element-populated\">\n\t\t\t\t\t\t<div class=\"elementor-element elementor-element-794f13e elementor-widget elementor-widget-larson-intro\" data-id=\"794f13e\" data-element_type=\"widget\" data-e-type=\"widget\" data-widget_type=\"larson-intro.default\">\n\t\t\t\t<div class=\"elementor-widget-container\">\n\t\t\t\t\t\n\t\t<article class=\"article\">\n\t        <header class=\"article__header\">\n\t          <div class=\"container\">\n\t            \t            <h1 class=\"article__heading heading heading--size-large\">\n\t            \t<span >\n\t\t\t\t\t\tNEWS\t\t\t\t\t<\/span>\n\t            <\/h1>\n\t            \t            \t            <div class=\"article__header-text\">\n\t            \t<span >\n\t\t\t\t\t\t<p>Erfolgreiche Rezertifizierung: Borgel Elementbau weiterhin auf h\u00f6chstem Sicherheitsniveau SCC**<\/p>\t\t\t\t\t<\/span>\n\t            <\/div>\n\t            \t          <\/div>\n\t        <\/header>\n\t        \t        <div class=\"article__single-service-image container\">\n\t          <img decoding=\"async\" src=\"https:\/\/borgel.com\/wp-content\/uploads\/2025\/11\/Zertifikat_300924_2025-861x1080.jpg\" alt=\"\" \/>\n\t        <\/div>\n\t        \t    <\/article>\n\n\t\t\t\t\t\t<\/div>\n\t\t\t\t<\/div>\n\t\t\t\t\t<\/div>\n\t\t<\/div>\n\t\t\t\t\t<\/div>\n\t\t<\/section>\n\t\t\t\t<section class=\"elementor-section elementor-top-section elementor-element elementor-element-e61b6a8 elementor-section-full_width elementor-section-height-default elementor-section-height-default wpr-particle-no wpr-jarallax-no wpr-parallax-no wpr-sticky-section-no wpr-equal-height-no\" data-id=\"e61b6a8\" data-element_type=\"section\" data-e-type=\"section\">\n\t\t\t\t\t\t<div class=\"elementor-container elementor-column-gap-no\">\n\t\t\t\t\t<div class=\"elementor-column elementor-col-100 elementor-top-column elementor-element elementor-element-957378c\" data-id=\"957378c\" data-element_type=\"column\" data-e-type=\"column\">\n\t\t\t<div class=\"elementor-widget-wrap elementor-element-populated\">\n\t\t\t\t\t\t<div class=\"elementor-element elementor-element-25b14ea elementor-widget elementor-widget-larson-service-description\" data-id=\"25b14ea\" data-element_type=\"widget\" data-e-type=\"widget\" data-widget_type=\"larson-service-description.default\">\n\t\t\t\t<div class=\"elementor-widget-container\">\n\t\t\t\t\t\n\t\t\t\t<div class=\"article__main article__main--width-small container\">\n          <div class=\"single-service-block\">\n          \t<div >\n\t\t\t\t<h2><strong data-start=\"44\" data-end=\"139\">Erfolgreiche Rezertifizierung: Borgel Elementbau weiterhin auf h\u00f6chstem Sicherheitsniveau SCC**<\/strong><\/h2><p data-start=\"141\" data-end=\"377\">Nach einer erfolgreichen Rezertifizierungspr\u00fcfung unseres Arbeitsschutzmanagementsystems gem\u00e4\u00df der <strong data-start=\"248\" data-end=\"264\">SCC-VAZ 2021<\/strong> Standard, der <strong data-start=\"279\" data-end=\"290\">SCC**<\/strong> Zertifizierung von <strong data-start=\"308\" data-end=\"334\">Borgel Elementbau GmbH<\/strong> wurde um weitere drei Jahre verl\u00e4ngert.<\/p><p data-start=\"379\" data-end=\"700\">Die Auditoren hoben hervor, dass Borgel Elementbau nicht nur alle Anforderungen der Norm vollst\u00e4ndig erf\u00fcllt, sondern diese auch als <strong data-start=\"512\" data-end=\"560\">starke Grundlage f\u00fcr kontinuierliche Verbesserung<\/strong> im Bereich Arbeitssicherheit. Unser Unternehmen erf\u00fcllt konsequent seine eigenen ehrgeizigen Ziele und setzt klare Ma\u00dfst\u00e4be in Sachen Sicherheit und Gesundheitsschutz.<\/p><p data-start=\"702\" data-end=\"922\">Es wurde auch positiv hervorgehoben, dass Borgel Elementbau aktiv <strong data-start=\"768\" data-end=\"842\">f\u00f6rdert und teilt seine etablierte Sicherheitskultur mit Subunternehmern<\/strong>, um eine zuverl\u00e4ssige und sichere Arbeitsumgebung f\u00fcr alle Projektteilnehmer zu gew\u00e4hrleisten.<\/p><p data-start=\"924\" data-end=\"1053\">Mit dieser erneuten Zertifizierung bekr\u00e4ftigen wir unser Engagement f\u00fcr sicheres, verantwortungsbewusstes und effizientes Arbeiten auf h\u00f6chstem Niveau.<\/p><p>\u00a0<\/p>\t\t\t<\/div>\n\t\t  <\/div>\n\t\t<\/div>\n\t\t\n\t\t\t\t\t\t<\/div>\n\t\t\t\t<\/div>\n\t\t\t\t\t<\/div>\n\t\t<\/div>\n\t\t\t\t\t<\/div>\n\t\t<\/section>\n\t\t<div class=\"elementor-element elementor-element-f11d8b7 e-flex e-con-boxed wpr-particle-no wpr-jarallax-no wpr-parallax-no wpr-sticky-section-no wpr-equal-height-no e-con e-parent\" data-id=\"f11d8b7\" data-element_type=\"container\" data-e-type=\"container\">\n\t\t\t\t\t<div class=\"e-con-inner\">\n\t\t\t\t<div class=\"elementor-element elementor-element-e74d6a9 elementor-widget elementor-widget-spacer\" data-id=\"e74d6a9\" data-element_type=\"widget\" data-e-type=\"widget\" data-widget_type=\"spacer.default\">\n\t\t\t\t<div class=\"elementor-widget-container\">\n\t\t\t\t\t\t\t<div class=\"elementor-spacer\">\n\t\t\t<div class=\"elementor-spacer-inner\"><\/div>\n\t\t<\/div>\n\t\t\t\t\t\t<\/div>\n\t\t\t\t<\/div>\n\t\t\t\t\t<\/div>\n\t\t\t\t<\/div>\n\t\t\t\t<\/div>","protected":false},"excerpt":{"rendered":"<p>NEWS Erfolgreiche Rezertifizierung: Borgel Elementbau weiterhin auf h\u00f6chstem Sicherheitsniveau SCC** Erfolgreiche Rezertifizierung: Borgel Elementbau weiterhin auf h\u00f6chstem Sicherheitsniveau SCC** Nach einem erfolgreichen Rezertifizierungsaudit unseres Arbeitsschutzmanagementsystems gem\u00e4\u00df der Norm SCC-VAZ 2021 wurde die SCC**-Zertifizierung der Borgel Elementbau GmbH verl\u00e4ngert\u2026 <\/p>\n<div class=\"readmore\"><a href=\"https:\/\/borgel.com\/de\/news-14-2-2-2-2-2-2-2\" class=\"btn-link\">Weiterlesen<\/a><\/div>","protected":false},"author":1,"featured_media":6654,"parent":0,"menu_order":0,"comment_status":"closed","ping_status":"closed","template":"template-elementor-default.php","meta":{"_acf_changed":false,"footnotes":""},"class_list":["post-7282","page","type-page","status-publish","has-post-thumbnail","hentry"],"acf":[],"_links":{"self":[{"href":"https:\/\/borgel.com\/de\/wp-json\/wp\/v2\/pages\/7282","targetHints":{"allow":["GET"]}}],"collection":[{"href":"https:\/\/borgel.com\/de\/wp-json\/wp\/v2\/pages"}],"about":[{"href":"https:\/\/borgel.com\/de\/wp-json\/wp\/v2\/types\/page"}],"author":[{"embeddable":true,"href":"https:\/\/borgel.com\/de\/wp-json\/wp\/v2\/users\/1"}],"replies":[{"embeddable":true,"href":"https:\/\/borgel.com\/de\/wp-json\/wp\/v2\/comments?post=7282"}],"version-history":[{"count":4,"href":"https:\/\/borgel.com\/de\/wp-json\/wp\/v2\/pages\/7282\/revisions"}],"predecessor-version":[{"id":7287,"href":"https:\/\/borgel.com\/de\/wp-json\/wp\/v2\/pages\/7282\/revisions\/7287"}],"wp:featuredmedia":[{"embeddable":true,"href":"https:\/\/borgel.com\/de\/wp-json\/wp\/v2\/media\/6654"}],"wp:attachment":[{"href":"https:\/\/borgel.com\/de\/wp-json\/wp\/v2\/media?parent=7282"}],"curies":[{"name":"wp","href":"https:\/\/api.w.org\/{rel}","templated":true}]}}